{"id":9994,"date":"2025-09-19T13:31:25","date_gmt":"2025-09-19T11:31:25","guid":{"rendered":"https:\/\/magiiik.netstory.com.pl\/produkt\/signature-edition-sketchpad-card-rise-by-martin-lewis\/"},"modified":"2025-09-19T13:31:39","modified_gmt":"2025-09-19T11:31:39","slug":"signature-edition-sketchpad-card-rise-by-martin-lewis","status":"publish","type":"product","link":"https:\/\/magiiik.netstory.com.pl\/?product=signature-edition-sketchpad-card-rise-by-martin-lewis","title":{"rendered":"Signature Edition Sketchpad Card Rise by Martin Lewis"},"content":{"rendered":"<p style=\"text-align: center;\"><span style=\"font-size: 12pt; font-family: arial, helvetica, sans-serif;\">Efekt ten by\u0142 prezentowany mi\u0119dzy innymi przez \u015bwiatowej s\u0142awy iluzjonist\u00f3w: <strong>Johnny Thompson<\/strong>, <strong>David Copperfield<\/strong>, <strong>Whit Haydn<\/strong>, <strong>Michael Weber<\/strong> i wielu innych profesjonalnych magik\u00f3w na ca\u0142ym \u015bwiecie.<\/span><\/p>\n<p style=\"text-align: center;\"><span style=\"font-size: 12pt; font-family: arial, helvetica, sans-serif;\">Przedstawiamy klasyczny efekt <strong>Martin<\/strong>&#8217;a, w kt\u00f3rym &#8222;wyrastaj\u0105ca&#8221; karta jest wr\u0119czana widzowi na pami\u0105tk\u0119. To zupe\u0142nie nowa wersja tego tricku zaprojektowana i wykonana przez <strong>Martin&#8217;s Magikraft Studios<\/strong>. To lepsza, szybsza i bardziej wytrzyma\u0142a wersja ni\u017c jakakolwiek inna w historii. Dodatkowo zawiera DVD instrukta\u017cowe.\u00a0<\/span><\/p>\n<p style=\"text-align: center;\"><span style=\"font-size: 12pt; font-family: arial, helvetica, sans-serif;\"><iframe loading=\"lazy\" src=\"\/\/www.youtube.com\/embed\/3nWQECXeuWQ\" width=\"486\" height=\"350\"><\/iframe><\/span><\/p>\n<p style=\"text-align: center;\"><span style=\"font-size: 12pt; font-family: arial, helvetica, sans-serif;\">W zestawie otrzymasz wszystko niezb\u0119dne do wykonania tego tricku.<\/span><\/p>\n<p style=\"text-align: center;\"><strong><span style=\"font-size: 12pt; font-family: arial, helvetica, sans-serif;\">Polecamy,<\/span><\/strong><\/p>\n<p style=\"text-align: center;\"><strong><span style=\"font-size: 12pt; font-family: arial, helvetica, sans-serif;\">magiiik.pl<\/span><\/strong><\/p>\n","protected":false},"excerpt":{"rendered":"<p><strong>Signature Edition Sketchpad Card Rise by Martin Lewis<\/strong><\/p>\n","protected":false},"featured_media":9995,"comment_status":"closed","ping_status":"open","template":"","meta":[],"product_brand":[],"product_cat":[65],"product_tag":[],"class_list":{"0":"post-9994","1":"product","2":"type-product","3":"status-publish","4":"has-post-thumbnail","6":"product_cat-iluzja-sceniczna-iluzja-sceniczna","8":"first","9":"instock","10":"purchasable","11":"product-type-simple"},"_links":{"self":[{"href":"https:\/\/magiiik.netstory.com.pl\/index.php?rest_route=\/wp\/v2\/product\/9994","targetHints":{"allow":["GET"]}}],"collection":[{"href":"https:\/\/magiiik.netstory.com.pl\/index.php?rest_route=\/wp\/v2\/product"}],"about":[{"href":"https:\/\/magiiik.netstory.com.pl\/index.php?rest_route=\/wp\/v2\/types\/product"}],"replies":[{"embeddable":true,"href":"https:\/\/magiiik.netstory.com.pl\/index.php?rest_route=%2Fwp%2Fv2%2Fcomments&post=9994"}],"wp:featuredmedia":[{"embeddable":true,"href":"https:\/\/magiiik.netstory.com.pl\/index.php?rest_route=\/wp\/v2\/media\/9995"}],"wp:attachment":[{"href":"https:\/\/magiiik.netstory.com.pl\/index.php?rest_route=%2Fwp%2Fv2%2Fmedia&parent=9994"}],"wp:term":[{"taxonomy":"product_brand","embeddable":true,"href":"https:\/\/magiiik.netstory.com.pl\/index.php?rest_route=%2Fwp%2Fv2%2Fproduct_brand&post=9994"},{"taxonomy":"product_cat","embeddable":true,"href":"https:\/\/magiiik.netstory.com.pl\/index.php?rest_route=%2Fwp%2Fv2%2Fproduct_cat&post=9994"},{"taxonomy":"product_tag","embeddable":true,"href":"https:\/\/magiiik.netstory.com.pl\/index.php?rest_route=%2Fwp%2Fv2%2Fproduct_tag&post=9994"}],"curies":[{"name":"wp","href":"https:\/\/api.w.org\/{rel}","templated":true}]}}