{"id":9964,"date":"2025-09-19T13:31:02","date_gmt":"2025-09-19T11:31:02","guid":{"rendered":"https:\/\/magiiik.netstory.com.pl\/produkt\/rice-bowls-duze-aluminiowe-chinskie-miski-ryzu-by-premium-magic\/"},"modified":"2025-09-19T13:31:16","modified_gmt":"2025-09-19T11:31:16","slug":"rice-bowls-duze-aluminiowe-chinskie-miski-ryzu-by-premium-magic","status":"publish","type":"product","link":"https:\/\/magiiik.netstory.com.pl\/?product=rice-bowls-duze-aluminiowe-chinskie-miski-ryzu-by-premium-magic","title":{"rendered":"Rice Bowls (du\u017ce, aluminiowe) (Chi\u0144skie miski ry\u017cu) by Premium Magic"},"content":{"rendered":"<p style=\"text-align: center;\"><span style=\"font-size: 12pt; font-family: arial, helvetica, sans-serif;\">Iluzjonista prezentuje dwie du\u017ce metalowe misy, obie puste. Do jednej z nich nasypuje ry\u017cu i nakrywa drug\u0105. Okazuje si\u0119, \u017ce ry\u017cu przybywa! Zdejmuje mis\u0119 i ry\u017c zn\u00f3w si\u0119 pojawi\u0142. Wysypuje ca\u0142y ry\u017c do garnka, a na koniec pokazuje, \u017ce w misach jest&#8230; woda!\u00a0<\/span><\/p>\n<p style=\"text-align: center;\"><span style=\"font-size: 12pt; font-family: arial, helvetica, sans-serif;\">To bardzo klasyczny i stary efekt magiczny, ale do dzi\u015b zachwyca widz\u00f3w na ca\u0142ym \u015bwiecie.<\/span><\/p>\n<p style=\"text-align: center;\"><strong><span style=\"font-size: 12pt; font-family: arial, helvetica, sans-serif;\">Polecamy,<\/span><\/strong><\/p>\n<p style=\"text-align: center;\"><strong><span style=\"font-size: 12pt; font-family: arial, helvetica, sans-serif;\">magiiik.pl<\/span><\/strong><\/p>\n<p>\u00a0<\/p>\n<p>\u00a0<\/p>\n","protected":false},"excerpt":{"rendered":"<p><strong>Rice Bowls by Premium Magic\u00a0<\/strong><\/p>\n","protected":false},"featured_media":9965,"comment_status":"closed","ping_status":"open","template":"","meta":[],"product_brand":[],"product_cat":[65],"product_tag":[],"class_list":{"0":"post-9964","1":"product","2":"type-product","3":"status-publish","4":"has-post-thumbnail","6":"product_cat-iluzja-sceniczna-iluzja-sceniczna","8":"first","9":"instock","10":"purchasable","11":"product-type-simple"},"_links":{"self":[{"href":"https:\/\/magiiik.netstory.com.pl\/index.php?rest_route=\/wp\/v2\/product\/9964","targetHints":{"allow":["GET"]}}],"collection":[{"href":"https:\/\/magiiik.netstory.com.pl\/index.php?rest_route=\/wp\/v2\/product"}],"about":[{"href":"https:\/\/magiiik.netstory.com.pl\/index.php?rest_route=\/wp\/v2\/types\/product"}],"replies":[{"embeddable":true,"href":"https:\/\/magiiik.netstory.com.pl\/index.php?rest_route=%2Fwp%2Fv2%2Fcomments&post=9964"}],"wp:featuredmedia":[{"embeddable":true,"href":"https:\/\/magiiik.netstory.com.pl\/index.php?rest_route=\/wp\/v2\/media\/9965"}],"wp:attachment":[{"href":"https:\/\/magiiik.netstory.com.pl\/index.php?rest_route=%2Fwp%2Fv2%2Fmedia&parent=9964"}],"wp:term":[{"taxonomy":"product_brand","embeddable":true,"href":"https:\/\/magiiik.netstory.com.pl\/index.php?rest_route=%2Fwp%2Fv2%2Fproduct_brand&post=9964"},{"taxonomy":"product_cat","embeddable":true,"href":"https:\/\/magiiik.netstory.com.pl\/index.php?rest_route=%2Fwp%2Fv2%2Fproduct_cat&post=9964"},{"taxonomy":"product_tag","embeddable":true,"href":"https:\/\/magiiik.netstory.com.pl\/index.php?rest_route=%2Fwp%2Fv2%2Fproduct_tag&post=9964"}],"curies":[{"name":"wp","href":"https:\/\/api.w.org\/{rel}","templated":true}]}}