{"id":9945,"date":"2025-09-19T13:31:02","date_gmt":"2025-09-19T11:31:02","guid":{"rendered":"https:\/\/magiiik.netstory.com.pl\/produkt\/divining-rod-by-allen-zingg-and-blaine-harris\/"},"modified":"2025-09-19T13:31:07","modified_gmt":"2025-09-19T11:31:07","slug":"divining-rod-by-allen-zingg-and-blaine-harris","status":"publish","type":"product","link":"https:\/\/magiiik.netstory.com.pl\/?product=divining-rod-by-allen-zingg-and-blaine-harris","title":{"rendered":"Divining Rod by Allen Zingg and Blaine Harris"},"content":{"rendered":"<p style=\"text-align: center;\"><span style=\"font-size: 12pt; font-family: arial, helvetica, sans-serif;\"><strong>Peter Marucci<\/strong> to bardzo dobry, kreatywny, kanadyjski iluzjonista, kt\u00f3ry \u0142\u0105czy iluzj\u0119 z mentalizmem. Mia\u0142 r\u00f3wnie\u017c niesamowity pomys\u0142 na klasyczny efekt, &#8222;<strong>Hot Rod<\/strong>&#8222;. Jego podej\u015bcie do tego efektu dodaje g\u0142\u0119bi i tajemniczo\u015bci. <strong>Blaine Harris<\/strong>, r\u00f3wnie\u017c wspania\u0142y iluzjonista, stworzy\u0142 pi\u0119knie zdobione klasyczne &#8222;\u0142opatki&#8221;, u\u017cywaj\u0105c najwy\u017cszej jako\u015bci twardego drewna oraz wysokiej jako\u015bci importowanych kryszta\u0142\u00f3w austriackich. Dzi\u0119ki temu otrzymujesz przepi\u0119kny, najwy\u017cszej jako\u015bci rekwizyt. <strong>Allen Zingg<\/strong> stworzy\u0142 do tego rekwizytu wiele oryginalnych i profesjonalnych procedur. Dzi\u0119ki nim mo\u017cesz ca\u0142kowicie oczarowa\u0107 swoich widz\u00f3w.\u00a0<\/span><\/p>\n<p style=\"text-align: center;\"><span style=\"font-size: 12pt; font-family: arial, helvetica, sans-serif;\">Z tym rekwizytem mo\u017cesz wykona\u0107 niesamowite rutyny, jak np. efekt mentalny, kt\u00f3ry polega na wybraniu przez widza koloru diamencika, kt\u00f3ry zmienia kolor nie raz, ale a\u017c dwa razy. Ten efekt mentalno &#8211; wizualny zostanie zapami\u0119tany przez widza na d\u0142ugo. Mo\u017cesz r\u00f3wnie\u017c sprawi\u0107, aby kolorowe diamenciki traci\u0142y swoje kolory i stawa\u0142y si\u0119 po kolei przezroczyste. Tej rutyny nie wykonasz z \u017cadnych innym rekwizytem tego typu, dost\u0119pnym na rynku.\u00a0<\/span><\/p>\n<p style=\"text-align: center;\"><span style=\"font-size: 12pt; font-family: arial, helvetica, sans-serif;\"><iframe loading=\"lazy\" src=\"\/\/www.youtube.com\/embed\/kd-eE5DGB8g\" width=\"553\" height=\"455\"><\/iframe><\/span><\/p>\n<p style=\"text-align: center;\"><span style=\"font-size: 12pt; font-family: arial, helvetica, sans-serif;\">W ksi\u0105\u017cce do\u0142\u0105czonej do zestawu otrzymasz r\u00f3\u017cne pomys\u0142y i rutyny na wykonanie tych trick\u00f3w.\u00a0<\/span><\/p>\n<p style=\"text-align: center;\"><strong><span style=\"font-size: 12pt; font-family: arial, helvetica, sans-serif;\">Polecamy,<\/span><\/strong><\/p>\n<p style=\"text-align: center;\"><strong><span style=\"font-size: 12pt; font-family: arial, helvetica, sans-serif;\">magiiik.pl<\/span><\/strong><\/p>\n","protected":false},"excerpt":{"rendered":"<p><strong>Divining Rod by Allen Zingg and Blaine Harris<\/strong><\/p>\n","protected":false},"featured_media":9946,"comment_status":"closed","ping_status":"open","template":"","meta":[],"product_brand":[],"product_cat":[18],"product_tag":[],"class_list":{"0":"post-9945","1":"product","2":"type-product","3":"status-publish","4":"has-post-thumbnail","6":"product_cat-iluzja-dla-dzieci","8":"first","9":"instock","10":"purchasable","11":"product-type-simple"},"_links":{"self":[{"href":"https:\/\/magiiik.netstory.com.pl\/index.php?rest_route=\/wp\/v2\/product\/9945","targetHints":{"allow":["GET"]}}],"collection":[{"href":"https:\/\/magiiik.netstory.com.pl\/index.php?rest_route=\/wp\/v2\/product"}],"about":[{"href":"https:\/\/magiiik.netstory.com.pl\/index.php?rest_route=\/wp\/v2\/types\/product"}],"replies":[{"embeddable":true,"href":"https:\/\/magiiik.netstory.com.pl\/index.php?rest_route=%2Fwp%2Fv2%2Fcomments&post=9945"}],"wp:featuredmedia":[{"embeddable":true,"href":"https:\/\/magiiik.netstory.com.pl\/index.php?rest_route=\/wp\/v2\/media\/9946"}],"wp:attachment":[{"href":"https:\/\/magiiik.netstory.com.pl\/index.php?rest_route=%2Fwp%2Fv2%2Fmedia&parent=9945"}],"wp:term":[{"taxonomy":"product_brand","embeddable":true,"href":"https:\/\/magiiik.netstory.com.pl\/index.php?rest_route=%2Fwp%2Fv2%2Fproduct_brand&post=9945"},{"taxonomy":"product_cat","embeddable":true,"href":"https:\/\/magiiik.netstory.com.pl\/index.php?rest_route=%2Fwp%2Fv2%2Fproduct_cat&post=9945"},{"taxonomy":"product_tag","embeddable":true,"href":"https:\/\/magiiik.netstory.com.pl\/index.php?rest_route=%2Fwp%2Fv2%2Fproduct_tag&post=9945"}],"curies":[{"name":"wp","href":"https:\/\/api.w.org\/{rel}","templated":true}]}}