{"id":9941,"date":"2025-09-19T13:31:02","date_gmt":"2025-09-19T11:31:02","guid":{"rendered":"https:\/\/magiiik.netstory.com.pl\/produkt\/big-hot-rod-by-vincenzo-di-fatta\/"},"modified":"2025-09-19T13:31:06","modified_gmt":"2025-09-19T11:31:06","slug":"big-hot-rod-by-vincenzo-di-fatta","status":"publish","type":"product","link":"https:\/\/magiiik.netstory.com.pl\/?product=big-hot-rod-by-vincenzo-di-fatta","title":{"rendered":"Big Hot Rod by Vincenzo Di Fatta"},"content":{"rendered":"<p style=\"color: #111111; font-size: 13px; font-family: &quot;&quot;; text-align: center;\"><span style=\"font-family: arial, helvetica, sans-serif; font-size: 12pt;\">Iluzjonista prezentuje ma\u0142y plastikowy rekwizyt, na kt\u00f3rym widzimy kolorowe diamenciki. Widz wybiera jeden z kolor\u00f3w, a magik sprawia, \u017ce diamencik przeskakuje na drug\u0105 stron\u0119, pojawia si\u0119, b\u0105d\u017a znika.\u00a0<\/span><\/p>\n<p style=\"color: #111111; font-size: 13px; font-family: &quot;&quot;; text-align: center;\"><span style=\"font-family: arial, helvetica, sans-serif; font-size: 12pt;\">Jest to bardzo klasyczny i podstawowy rekwizyt ka\u017cdego iluzjonisty, kt\u00f3ry zawsze mo\u017cna mie\u0107 przy sobie. Ilo\u015b\u0107 zastosowa\u0144 jest praktycznie nieograniczona.\u00a0<\/span><\/p>\n<p style=\"color: #111111; font-size: 13px; font-family: &quot;&quot;; text-align: center;\"><span style=\"font-family: arial, helvetica, sans-serif; font-size: 12pt;\">Plastiki maj\u0105 oko\u0142o 13 cm. Do zestawu do\u0142\u0105czona instrukcja w j\u0119zyku angielskim.<\/span><\/p>\n<p style=\"color: #111111; font-size: 13px; font-family: &quot;&quot;; text-align: center;\"><strong><span style=\"font-family: arial, helvetica, sans-serif; font-size: 12pt;\">Polecamy,<\/span><\/strong><\/p>\n<p style=\"color: #111111; font-size: 13px; font-family: &quot;&quot;; text-align: center;\"><strong><span style=\"font-family: arial, helvetica, sans-serif; font-size: 12pt;\">magiiik.pl<\/span><\/strong><\/p>\n","protected":false},"excerpt":{"rendered":"<p><strong>Big Hot Rod by Vincenzo Di Fatta<\/strong><\/p>\n","protected":false},"featured_media":9942,"comment_status":"closed","ping_status":"open","template":"","meta":[],"product_brand":[],"product_cat":[18],"product_tag":[],"class_list":{"0":"post-9941","1":"product","2":"type-product","3":"status-publish","4":"has-post-thumbnail","6":"product_cat-iluzja-dla-dzieci","8":"first","9":"instock","10":"purchasable","11":"product-type-simple"},"_links":{"self":[{"href":"https:\/\/magiiik.netstory.com.pl\/index.php?rest_route=\/wp\/v2\/product\/9941","targetHints":{"allow":["GET"]}}],"collection":[{"href":"https:\/\/magiiik.netstory.com.pl\/index.php?rest_route=\/wp\/v2\/product"}],"about":[{"href":"https:\/\/magiiik.netstory.com.pl\/index.php?rest_route=\/wp\/v2\/types\/product"}],"replies":[{"embeddable":true,"href":"https:\/\/magiiik.netstory.com.pl\/index.php?rest_route=%2Fwp%2Fv2%2Fcomments&post=9941"}],"wp:featuredmedia":[{"embeddable":true,"href":"https:\/\/magiiik.netstory.com.pl\/index.php?rest_route=\/wp\/v2\/media\/9942"}],"wp:attachment":[{"href":"https:\/\/magiiik.netstory.com.pl\/index.php?rest_route=%2Fwp%2Fv2%2Fmedia&parent=9941"}],"wp:term":[{"taxonomy":"product_brand","embeddable":true,"href":"https:\/\/magiiik.netstory.com.pl\/index.php?rest_route=%2Fwp%2Fv2%2Fproduct_brand&post=9941"},{"taxonomy":"product_cat","embeddable":true,"href":"https:\/\/magiiik.netstory.com.pl\/index.php?rest_route=%2Fwp%2Fv2%2Fproduct_cat&post=9941"},{"taxonomy":"product_tag","embeddable":true,"href":"https:\/\/magiiik.netstory.com.pl\/index.php?rest_route=%2Fwp%2Fv2%2Fproduct_tag&post=9941"}],"curies":[{"name":"wp","href":"https:\/\/api.w.org\/{rel}","templated":true}]}}