{"id":9931,"date":"2025-09-19T13:29:04","date_gmt":"2025-09-19T11:29:04","guid":{"rendered":"https:\/\/magiiik.netstory.com.pl\/produkt\/departure-ring-flight-new-and-improved-by-magicsmith\/"},"modified":"2025-09-19T13:30:55","modified_gmt":"2025-09-19T11:30:55","slug":"departure-ring-flight-new-and-improved-by-magicsmith","status":"publish","type":"product","link":"https:\/\/magiiik.netstory.com.pl\/?product=departure-ring-flight-new-and-improved-by-magicsmith","title":{"rendered":"Departure Ring Flight (New and Improved) by MagicSmith"},"content":{"rendered":"<p style=\"text-align: center;\"><strong><span style=\"font-size: 12pt; font-family: arial, helvetica, sans-serif;\">Magik po\u017cycza od widza pier\u015bcionek i w najczystszy z mo\u017cliwych sposob\u00f3w sprawia, \u017ce on znika &#8211; obie r\u0119ce s\u0105 puste. Nast\u0119pnie si\u0119ga do tylnej kieszeni spodni i wyci\u0105ga swoje klucze. Okazuje si\u0119, \u017ce pier\u015bcionek zawieszony jest na k\u00f3\u0142ku od kluczy!<\/span><\/strong><\/p>\n<p style=\"text-align: center;\"><span style=\"font-size: 12pt; font-family: arial, helvetica, sans-serif;\">Pierwszy raz ten efekt zosta\u0142 zaprezentowany i wydany w 2008 roku. Min\u0119\u0142o sporo czasu, aby unowocze\u015bni\u0107 i ulepszy\u0107 ten rekwizyt. Teraz w Twoje r\u0119ce oddajemy najlepszy na \u015bwiecie rekwizyt w tej kategorii.\u00a0<\/span><\/p>\n<p style=\"text-align: center;\">\u00a0<iframe loading=\"lazy\" src=\"\/\/www.youtube.com\/embed\/CgLIM0TepgU\" width=\"581\" height=\"350\"><\/iframe><\/p>\n<p style=\"text-align: center;\"><span style=\"font-size: 12pt; font-family: arial, helvetica, sans-serif;\">&#8211; mniejsza obudowa ni\u017c wcze\u015bniej &#8211; zajmuje jeszcze mniej miejsca na p\u0119ku kluczy, dodano r\u00f3wnie\u017c ikony blokady, aby nada\u0107 bardziej realistyczny wygl\u0105d;<\/span><\/p>\n<p style=\"text-align: center;\"><span style=\"font-size: 12pt; font-family: arial, helvetica, sans-serif;\">&#8211; d\u0142u\u017cszy kabel &#8211; zwi\u0119kszy\u0142 si\u0119 z 18&#8243; na 24&#8243;. To pozwala na prezentacj\u0119 pier\u015bcionka jeszcze bardziej oddalonego od siebie zanim zniknie. R\u00f3wnie\u017c pomocne, kiedy masz na sobie kurtk\u0119;<\/span><\/p>\n<p style=\"text-align: center;\"><span style=\"font-size: 12pt; font-family: arial, helvetica, sans-serif;\">&#8211; dodatkowy przepust w obudowie, aby zmniejszy\u0107 tarcie;<\/span><\/p>\n<p style=\"text-align: center;\"><span style=\"font-size: 12pt; font-family: arial, helvetica, sans-serif;\">&#8211; bardziej wytrzyma\u0142y i cichy;<\/span><\/p>\n<p style=\"text-align: center;\"><span style=\"font-size: 12pt; font-family: arial, helvetica, sans-serif;\">&#8211; wiele innych.<\/span><\/p>\n<p style=\"text-align: center;\">\u00a0<\/p>\n<p style=\"text-align: center;\"><span style=\"font-size: 12pt; font-family: arial, helvetica, sans-serif;\">W zestawie otrzymasz instrukcj\u0119, jak sprawi\u0107, aby znikn\u0105\u0107 dowolny pier\u015bcionek tu\u017c pod nosem widz\u00f3w!\u00a0<\/span><\/p>\n<p style=\"text-align: center;\">\u00a0<\/p>\n<p style=\"text-align: center;\"><strong><span style=\"font-size: 12pt; font-family: arial, helvetica, sans-serif;\">Polecamy,<\/span><\/strong><\/p>\n<p style=\"text-align: center;\"><strong><span style=\"font-size: 12pt; font-family: arial, helvetica, sans-serif;\">magiiik.pl<\/span><\/strong><\/p>\n<p>\u00a0<\/p>\n","protected":false},"excerpt":{"rendered":"<p><strong>Departure Ring Flight (New and Improved) by MagicSmith\u00a0<\/strong><\/p>\n","protected":false},"featured_media":9932,"comment_status":"closed","ping_status":"open","template":"","meta":[],"product_brand":[],"product_cat":[53],"product_tag":[],"class_list":{"0":"post-9931","1":"product","2":"type-product","3":"status-publish","4":"has-post-thumbnail","6":"product_cat-mikro-iluzja-close-up","8":"first","9":"instock","10":"purchasable","11":"product-type-simple"},"_links":{"self":[{"href":"https:\/\/magiiik.netstory.com.pl\/index.php?rest_route=\/wp\/v2\/product\/9931","targetHints":{"allow":["GET"]}}],"collection":[{"href":"https:\/\/magiiik.netstory.com.pl\/index.php?rest_route=\/wp\/v2\/product"}],"about":[{"href":"https:\/\/magiiik.netstory.com.pl\/index.php?rest_route=\/wp\/v2\/types\/product"}],"replies":[{"embeddable":true,"href":"https:\/\/magiiik.netstory.com.pl\/index.php?rest_route=%2Fwp%2Fv2%2Fcomments&post=9931"}],"wp:featuredmedia":[{"embeddable":true,"href":"https:\/\/magiiik.netstory.com.pl\/index.php?rest_route=\/wp\/v2\/media\/9932"}],"wp:attachment":[{"href":"https:\/\/magiiik.netstory.com.pl\/index.php?rest_route=%2Fwp%2Fv2%2Fmedia&parent=9931"}],"wp:term":[{"taxonomy":"product_brand","embeddable":true,"href":"https:\/\/magiiik.netstory.com.pl\/index.php?rest_route=%2Fwp%2Fv2%2Fproduct_brand&post=9931"},{"taxonomy":"product_cat","embeddable":true,"href":"https:\/\/magiiik.netstory.com.pl\/index.php?rest_route=%2Fwp%2Fv2%2Fproduct_cat&post=9931"},{"taxonomy":"product_tag","embeddable":true,"href":"https:\/\/magiiik.netstory.com.pl\/index.php?rest_route=%2Fwp%2Fv2%2Fproduct_tag&post=9931"}],"curies":[{"name":"wp","href":"https:\/\/api.w.org\/{rel}","templated":true}]}}