{"id":9924,"date":"2025-09-19T13:29:04","date_gmt":"2025-09-19T11:29:04","guid":{"rendered":"https:\/\/magiiik.netstory.com.pl\/produkt\/paul-harris-presents-the-php-creators-kit\/"},"modified":"2025-09-19T13:30:49","modified_gmt":"2025-09-19T11:30:49","slug":"paul-harris-presents-the-php-creators-kit","status":"publish","type":"product","link":"https:\/\/magiiik.netstory.com.pl\/?product=paul-harris-presents-the-php-creators-kit","title":{"rendered":"Paul Harris Presents The PHP Creators Kit"},"content":{"rendered":"<p style=\"text-align: center;\"><strong><span style=\"font-size: 12pt; font-family: arial, helvetica, sans-serif;\">Odkryj w sobie geniusz!<\/span><\/strong><\/p>\n<p><strong><span style=\"font-size: 12pt; font-family: arial, helvetica, sans-serif;\">Zestaw zawiera:<\/span><\/strong><\/p>\n<p><span style=\"font-size: 12pt; font-family: arial, helvetica, sans-serif;\">&#8211; ultra cienkie metalowe podk\u0142adki 3&#215;3 (przyci\u0105gane przez magnes) 2 szt.<\/span><\/p>\n<p><span style=\"font-size: 12pt; font-family: arial, helvetica, sans-serif;\">&#8211; 18 Neo Magnes\u00f3w:<\/span><\/p>\n<p><span style=\"font-size: 12pt; font-family: arial, helvetica, sans-serif;\">Magnes &#8211; 4 szt 24&#215;12.5&#215;0.5 mm<\/span><br \/><span style=\"font-size: 12pt; font-family: arial, helvetica, sans-serif;\">Magnes &#8211; 4 szt 10x10x0.5 mm<\/span><br \/><span style=\"font-size: 12pt; font-family: arial, helvetica, sans-serif;\">Magnes &#8211; 2 szt 3&#215;10 mm<\/span><br \/><span style=\"font-size: 12pt; font-family: arial, helvetica, sans-serif;\">Magnes &#8211; 4 szt 5 x 0.5 mm<\/span><br \/><span style=\"font-size: 12pt; font-family: arial, helvetica, sans-serif;\">Magnes &#8211; 4 szt 2&#215;1 mm<\/span><\/p>\n<p><span style=\"font-size: 12pt; font-family: arial, helvetica, sans-serif;\">&#8211; prze\u017aroczyste, plastikowe arkusze 3,5&#215;2,5 2 szt.<\/span><\/p>\n<p><span style=\"font-size: 12pt; font-family: arial, helvetica, sans-serif;\">&#8211; rubber dental dam;<\/span><\/p>\n<p><span style=\"font-size: 12pt; font-family: arial, helvetica, sans-serif;\">&#8211; cienka elastyczna, niewidzialna ni\u0107 (19 st\u00f3p);<\/span><\/p>\n<p><span style=\"font-size: 12pt; font-family: arial, helvetica, sans-serif;\">&#8211; ni\u0107 Mohar Industrial (16 st\u00f3p);<\/span><\/p>\n<p><span style=\"font-size: 12pt; font-family: arial, helvetica, sans-serif;\">&#8211;\u00a0Monofilament Thread (32 stopy);<\/span><\/p>\n<p><span style=\"font-size: 12pt; font-family: arial, helvetica, sans-serif;\">&#8211; magiczny wosk.<\/span><\/p>\n<p>\u00a0<\/p>\n<p style=\"text-align: center;\"><span style=\"font-size: 12pt; font-family: arial, helvetica, sans-serif;\">Ten zestaw pomo\u017ce Ci w naprawie wielu magicznych rekwizyt\u00f3w, sprawi, \u017ce b\u0119dziesz m\u00f3g\u0142 poeksperymentowa\u0107 z nowymi sztuczkami i mo\u017ce opracowa\u0107, wymy\u015bli\u0107 kolejny najlepiej sprzedaj\u0105cy si\u0119 efekt magiczny&#8230;?!<\/span><\/p>\n<p style=\"text-align: center;\"><span style=\"font-size: 12pt; font-family: arial, helvetica, sans-serif;\"><iframe loading=\"lazy\" src=\"\/\/www.youtube.com\/embed\/ClIcdpxxmEg\" width=\"582\" height=\"350\"><\/iframe><\/span><\/p>\n<p style=\"text-align: center;\"><strong><span style=\"font-size: 12pt; font-family: arial, helvetica, sans-serif;\">Kup ten zestaw ju\u017c teraz i bierz si\u0119 do roboty!<\/span><\/strong><\/p>\n<p style=\"text-align: center;\"><span style=\"font-size: 12pt; font-family: arial, helvetica, sans-serif;\">Zestaw ten jest przeznaczony dla magik\u00f3w, kt\u00f3rzy potrzebuj\u0105 narz\u0119dzi, aby naprawi\u0107 zepsute rekwizyty, b\u0105d\u017a chc\u0105 opracowa\u0107 w\u0142asne, nowe efekty.<\/span><\/p>\n<p style=\"text-align: center;\"><strong><span style=\"font-size: 12pt; font-family: arial, helvetica, sans-serif;\">UWAGA!<\/span><\/strong><\/p>\n<p style=\"text-align: center;\"><strong><span style=\"font-size: 12pt; font-family: arial, helvetica, sans-serif;\">Zestaw nie zawiera trick\u00f3w magicznych, ani instrukcji!<\/span><\/strong><\/p>\n<p style=\"text-align: center;\">\u00a0<\/p>\n<p style=\"text-align: center;\"><strong><span style=\"font-size: 12pt; font-family: arial, helvetica, sans-serif;\">Polecamy,<\/span><\/strong><\/p>\n<p style=\"text-align: center;\"><strong><span style=\"font-size: 12pt; font-family: arial, helvetica, sans-serif;\">magiiik.pl<\/span><\/strong><\/p>\n","protected":false},"excerpt":{"rendered":"<p><strong>Paul Harris Presents The PHP Creators Kit\u00a0<\/strong><\/p>\n","protected":false},"featured_media":9925,"comment_status":"closed","ping_status":"open","template":"","meta":[],"product_brand":[],"product_cat":[60],"product_tag":[],"class_list":{"0":"post-9924","1":"product","2":"type-product","3":"status-publish","4":"has-post-thumbnail","6":"product_cat-akcesoria-zele-pudry-snowstorm-refile-i-inne","8":"first","9":"instock","10":"purchasable","11":"product-type-simple"},"_links":{"self":[{"href":"https:\/\/magiiik.netstory.com.pl\/index.php?rest_route=\/wp\/v2\/product\/9924","targetHints":{"allow":["GET"]}}],"collection":[{"href":"https:\/\/magiiik.netstory.com.pl\/index.php?rest_route=\/wp\/v2\/product"}],"about":[{"href":"https:\/\/magiiik.netstory.com.pl\/index.php?rest_route=\/wp\/v2\/types\/product"}],"replies":[{"embeddable":true,"href":"https:\/\/magiiik.netstory.com.pl\/index.php?rest_route=%2Fwp%2Fv2%2Fcomments&post=9924"}],"wp:featuredmedia":[{"embeddable":true,"href":"https:\/\/magiiik.netstory.com.pl\/index.php?rest_route=\/wp\/v2\/media\/9925"}],"wp:attachment":[{"href":"https:\/\/magiiik.netstory.com.pl\/index.php?rest_route=%2Fwp%2Fv2%2Fmedia&parent=9924"}],"wp:term":[{"taxonomy":"product_brand","embeddable":true,"href":"https:\/\/magiiik.netstory.com.pl\/index.php?rest_route=%2Fwp%2Fv2%2Fproduct_brand&post=9924"},{"taxonomy":"product_cat","embeddable":true,"href":"https:\/\/magiiik.netstory.com.pl\/index.php?rest_route=%2Fwp%2Fv2%2Fproduct_cat&post=9924"},{"taxonomy":"product_tag","embeddable":true,"href":"https:\/\/magiiik.netstory.com.pl\/index.php?rest_route=%2Fwp%2Fv2%2Fproduct_tag&post=9924"}],"curies":[{"name":"wp","href":"https:\/\/api.w.org\/{rel}","templated":true}]}}