{"id":9917,"date":"2025-09-19T13:29:04","date_gmt":"2025-09-19T11:29:04","guid":{"rendered":"https:\/\/magiiik.netstory.com.pl\/produkt\/artisan-playing-cards-white-by-theory-11\/"},"modified":"2025-09-19T13:30:07","modified_gmt":"2025-09-19T11:30:07","slug":"artisan-playing-cards-white-by-theory-11","status":"publish","type":"product","link":"https:\/\/magiiik.netstory.com.pl\/?product=artisan-playing-cards-white-by-theory-11","title":{"rendered":"Artisan Playing Cards (White) by Theory 11"},"content":{"rendered":"<p style=\"font-size: 12px; font-family: Tahoma, Arial, sans-serif; text-align: center;\"><span style=\"font-size: 12pt; font-family: arial, helvetica, sans-serif;\">Rysowane r\u0119cznie w Po\u0142udniowej Afryce.\u00a0<strong>Zapieraj\u0105 dech w piersiach swoim stylem, elegancj\u0105 i wyrafinowaniem.<\/strong><\/span><\/p>\n<p style=\"font-size: 12px; font-family: Tahoma, Arial, sans-serif; text-align: center;\"><span style=\"font-size: 12pt; font-family: arial, helvetica, sans-serif;\">Zaprojektowane przez\u00a0<strong>Simona Frouws<\/strong>\u00a0karty do gry zapakowane s\u0105 w luksusowe pude\u0142ko ze zdobieniami ze z\u0142otej folii.<\/span><\/p>\n<p style=\"font-size: 12px; font-family: Tahoma, Arial, sans-serif; text-align: center;\"><span style=\"font-size: 12pt; font-family: arial, helvetica, sans-serif;\"><strong>David Copperfield<\/strong>\u00a0powiedzia\u0142, \u017ce &#8222;<strong><em>s\u0105 to najlepsze karty, jakie kiedykolwiek wyprodukowano<\/em><\/strong>&#8222;!<\/span><\/p>\n<p style=\"font-size: 12px; font-family: Tahoma, Arial, sans-serif; text-align: center;\"><span style=\"font-size: 12pt; font-family: arial, helvetica, sans-serif;\">Produkowane w Stanach Zjednoczonych, posiadaj\u0105 certyfikat\u00a0<strong>FSC<\/strong>, z ekologicznego papieru, malowane farbami na bazie ro\u015blinnej. Rezultatem jest trwa\u0142e wyko\u0144czenie i dba\u0142o\u015b\u0107 o \u015brodowisko.\u00a0<\/span><\/p>\n<p style=\"font-size: 12px; font-family: Tahoma, Arial, sans-serif; text-align: center;\"><strong><span style=\"font-size: 12pt; font-family: arial, helvetica, sans-serif;\">Polecamy,<\/span><\/strong><\/p>\n<p style=\"font-size: 12px; font-family: Tahoma, Arial, sans-serif; text-align: center;\"><strong><span style=\"font-size: 12pt; font-family: arial, helvetica, sans-serif;\">magiiik.pl<\/span><\/strong><\/p>\n","protected":false},"excerpt":{"rendered":"<p><strong>Artisan Playing Cards (White) by Theory 11\u00a0<\/strong><\/p>\n","protected":false},"featured_media":9918,"comment_status":"closed","ping_status":"open","template":"","meta":[],"product_brand":[],"product_cat":[46],"product_tag":[],"class_list":{"0":"post-9917","1":"product","2":"type-product","3":"status-publish","4":"has-post-thumbnail","6":"product_cat-mikro-iluzja-close-up-karty-kolekcjonerskie","8":"first","9":"instock","10":"purchasable","11":"product-type-simple"},"_links":{"self":[{"href":"https:\/\/magiiik.netstory.com.pl\/index.php?rest_route=\/wp\/v2\/product\/9917","targetHints":{"allow":["GET"]}}],"collection":[{"href":"https:\/\/magiiik.netstory.com.pl\/index.php?rest_route=\/wp\/v2\/product"}],"about":[{"href":"https:\/\/magiiik.netstory.com.pl\/index.php?rest_route=\/wp\/v2\/types\/product"}],"replies":[{"embeddable":true,"href":"https:\/\/magiiik.netstory.com.pl\/index.php?rest_route=%2Fwp%2Fv2%2Fcomments&post=9917"}],"wp:featuredmedia":[{"embeddable":true,"href":"https:\/\/magiiik.netstory.com.pl\/index.php?rest_route=\/wp\/v2\/media\/9918"}],"wp:attachment":[{"href":"https:\/\/magiiik.netstory.com.pl\/index.php?rest_route=%2Fwp%2Fv2%2Fmedia&parent=9917"}],"wp:term":[{"taxonomy":"product_brand","embeddable":true,"href":"https:\/\/magiiik.netstory.com.pl\/index.php?rest_route=%2Fwp%2Fv2%2Fproduct_brand&post=9917"},{"taxonomy":"product_cat","embeddable":true,"href":"https:\/\/magiiik.netstory.com.pl\/index.php?rest_route=%2Fwp%2Fv2%2Fproduct_cat&post=9917"},{"taxonomy":"product_tag","embeddable":true,"href":"https:\/\/magiiik.netstory.com.pl\/index.php?rest_route=%2Fwp%2Fv2%2Fproduct_tag&post=9917"}],"curies":[{"name":"wp","href":"https:\/\/api.w.org\/{rel}","templated":true}]}}