{"id":9887,"date":"2025-09-19T13:29:04","date_gmt":"2025-09-19T11:29:04","guid":{"rendered":"https:\/\/magiiik.netstory.com.pl\/produkt\/asrah-illusion-table-stol-do-asrah-illusion-by-magiiik-pl\/"},"modified":"2025-09-19T13:29:41","modified_gmt":"2025-09-19T11:29:41","slug":"asrah-illusion-table-stol-do-asrah-illusion-by-magiiik-pl","status":"publish","type":"product","link":"https:\/\/magiiik.netstory.com.pl\/?product=asrah-illusion-table-stol-do-asrah-illusion-by-magiiik-pl","title":{"rendered":"Asrah Illusion Table (st\u00f3\u0142 do Asrah Illusion) by magiiik.pl"},"content":{"rendered":"<p style=\"text-align: center;\"><span style=\"font-size: 12pt; font-family: arial, helvetica, sans-serif;\"><strong>Asrah Illusion<\/strong> jest bardzo znan\u0105 iluzj\u0105 w ostatnim czasie. Mo\u017cemy jej pi\u0119kno podziwia\u0107 w programach telewizyjnych, jak i na magicznych pokazach.<\/span><\/p>\n<p style=\"text-align: center;\"><span style=\"font-size: 12pt; font-family: arial, helvetica, sans-serif;\">W ofercie mamy Pa\u0144stwu do zaproponowania najlepszej jako\u015bci st\u00f3\u0142 do znikania asystentki.\u00a0<\/span><\/p>\n<p style=\"text-align: center;\"><span style=\"font-size: 12pt; font-family: arial, helvetica, sans-serif;\">St\u00f3\u0142 wyposa\u017cony jest w mechanizm z zapadni\u0105. Wykonany wg najnowszych trend\u00f3w.\u00a0<\/span><\/p>\n<p style=\"text-align: center;\">\u00a0<\/p>\n<p style=\"text-align: center;\"><span style=\"font-size: 12pt; font-family: arial, helvetica, sans-serif;\">&#8211; najwy\u017csza jako\u015b\u0107 sto\u0142u;<\/span><\/p>\n<p style=\"text-align: center;\"><span style=\"font-size: 12pt; font-family: arial, helvetica, sans-serif;\">&#8211; sprawia iluzj\u0119 niezwykle cienkiego sto\u0142u;<\/span><\/p>\n<p style=\"text-align: center;\"><span style=\"font-size: 12pt; font-family: arial, helvetica, sans-serif;\">&#8211; wyposa\u017cony z zapadni\u0119;<\/span><\/p>\n<p style=\"text-align: center;\"><span style=\"font-size: 12pt; font-family: arial, helvetica, sans-serif;\">&#8211; 4 k\u00f3\u0142ka z hamulcem;<\/span><\/p>\n<p style=\"text-align: center;\"><span style=\"font-size: 12pt; font-family: arial, helvetica, sans-serif;\">&#8211; \u0142atwo\u015b\u0107 przy sk\u0142adaniu;<\/span><\/p>\n<p style=\"text-align: center;\"><span style=\"font-size: 12pt; font-family: arial, helvetica, sans-serif;\">&#8211; wyprodukowany w Holandii na zlecenie magiiik.pl<\/span><\/p>\n<p style=\"text-align: center;\">\u00a0<\/p>\n<p style=\"text-align: center;\"><span style=\"color: #ff0000;\"><strong><span style=\"font-size: 12pt; font-family: arial, helvetica, sans-serif;\">UWAGA!<\/span><\/strong><\/span><\/p>\n<p style=\"text-align: center;\"><span style=\"font-size: 12pt; font-family: arial, helvetica, sans-serif; color: #ff0000;\">Zakup sto\u0142u mo\u017cliwy TYLKO w sklepie stacjonarnym, w Kutnie!<\/span><\/p>\n<p style=\"text-align: center;\"><span style=\"font-size: 12pt; font-family: arial, helvetica, sans-serif; color: #ff0000;\">Produkt jest NOWY!<\/span><\/p>\n<p style=\"text-align: center;\"><span style=\"font-size: 12pt; font-family: arial, helvetica, sans-serif; color: #ff0000;\">Przy zakupie, Klient otrzymuje faktur\u0119 oraz gwarancj\u0119 na rok!<\/span><\/p>\n<p style=\"text-align: center;\"><span style=\"font-size: 12pt; font-family: arial, helvetica, sans-serif; color: #ff0000;\">Przy jednoczesnym zakupie &#8222;szkieletu&#8221; do <a href=\"\/pl\/p\/Asrah-Illusion-by-Tora-Magic\/857\">Asrah Illusion by Tora Magic<\/a>, zap\u0142acisz za wszystko <strong>2795 euro<\/strong>! <strong>Zaoszcz\u0119dzasz a\u017c 99 euro!\u00a0<\/strong><\/span><\/p>\n<p style=\"text-align: center;\">\u00a0<\/p>\n<p style=\"text-align: center;\"><strong><span style=\"font-size: 12pt; font-family: arial, helvetica, sans-serif;\">Polecamy,<\/span><\/strong><\/p>\n<p style=\"text-align: center;\"><strong><span style=\"font-size: 12pt; font-family: arial, helvetica, sans-serif;\">magiiik.pl<\/span><\/strong><\/p>\n<p>\u00a0<\/p>\n","protected":false},"excerpt":{"rendered":"<p><strong>Asrah Illusion Table (st\u00f3\u0142 do Asrah Illusion) by magiiik.pl<\/strong><\/p>\n","protected":false},"featured_media":9888,"comment_status":"closed","ping_status":"open","template":"","meta":[],"product_brand":[],"product_cat":[69],"product_tag":[],"class_list":{"0":"post-9887","1":"product","2":"type-product","3":"status-publish","4":"has-post-thumbnail","6":"product_cat-iluzja-sceniczna-duze-iluzje","8":"first","9":"instock","10":"purchasable","11":"product-type-simple"},"_links":{"self":[{"href":"https:\/\/magiiik.netstory.com.pl\/index.php?rest_route=\/wp\/v2\/product\/9887","targetHints":{"allow":["GET"]}}],"collection":[{"href":"https:\/\/magiiik.netstory.com.pl\/index.php?rest_route=\/wp\/v2\/product"}],"about":[{"href":"https:\/\/magiiik.netstory.com.pl\/index.php?rest_route=\/wp\/v2\/types\/product"}],"replies":[{"embeddable":true,"href":"https:\/\/magiiik.netstory.com.pl\/index.php?rest_route=%2Fwp%2Fv2%2Fcomments&post=9887"}],"wp:featuredmedia":[{"embeddable":true,"href":"https:\/\/magiiik.netstory.com.pl\/index.php?rest_route=\/wp\/v2\/media\/9888"}],"wp:attachment":[{"href":"https:\/\/magiiik.netstory.com.pl\/index.php?rest_route=%2Fwp%2Fv2%2Fmedia&parent=9887"}],"wp:term":[{"taxonomy":"product_brand","embeddable":true,"href":"https:\/\/magiiik.netstory.com.pl\/index.php?rest_route=%2Fwp%2Fv2%2Fproduct_brand&post=9887"},{"taxonomy":"product_cat","embeddable":true,"href":"https:\/\/magiiik.netstory.com.pl\/index.php?rest_route=%2Fwp%2Fv2%2Fproduct_cat&post=9887"},{"taxonomy":"product_tag","embeddable":true,"href":"https:\/\/magiiik.netstory.com.pl\/index.php?rest_route=%2Fwp%2Fv2%2Fproduct_tag&post=9887"}],"curies":[{"name":"wp","href":"https:\/\/api.w.org\/{rel}","templated":true}]}}