{"id":9883,"date":"2025-09-19T13:29:04","date_gmt":"2025-09-19T11:29:04","guid":{"rendered":"https:\/\/magiiik.netstory.com.pl\/produkt\/crystal-metamorphosis-metamorfoza-by-magiiik-pl\/"},"modified":"2025-09-19T13:29:37","modified_gmt":"2025-09-19T11:29:37","slug":"crystal-metamorphosis-metamorfoza-by-magiiik-pl","status":"publish","type":"product","link":"https:\/\/magiiik.netstory.com.pl\/?product=crystal-metamorphosis-metamorfoza-by-magiiik-pl","title":{"rendered":"Crystal Metamorphosis (Metamorfoza) by magiiik.pl"},"content":{"rendered":"<p style=\"text-align: center;\"><span style=\"font-size: 12pt; font-family: arial, helvetica, sans-serif;\"><strong>Metamorfoza<\/strong> to jedna z bardziej klasycznych &#8222;wielkich iluzji&#8221;, kt\u00f3r\u0105 zna chyba ka\u017cdy. Jak nie z program\u00f3w telewizyjnych, to z magicznych pokaz\u00f3w na \u017cywo.<\/span><\/p>\n<p style=\"text-align: center;\"><span style=\"font-size: 12pt; font-family: arial, helvetica, sans-serif;\"><strong>Crystal Metamorphosis<\/strong> to ta sama klasyczna iluzja, ale unowocze\u015bniona. Wzbogacona w \u015bcianki z plexi, dzi\u0119ki czemu efekt zamiany wydaje si\u0119 jeszcze bardziej nieprawdopodobny, a sam trick nabiera pr\u0119dko\u015bci.\u00a0<\/span><\/p>\n<p style=\"text-align: center;\"><span style=\"font-size: 12pt; font-family: arial, helvetica, sans-serif;\">Iluzjonista prezentuje wielk\u0105 prze\u017aroczyst\u0105 skrzyni\u0119. Wchodzi do \u015brodka, a skrzynia zostaje zamkni\u0119ta i dodatkowo zabezpieczona grubymi \u0142a\u0144cuchami, aby magik nie m\u00f3g\u0142 si\u0119 z niej wydosta\u0107. Asystentka wchodzi na wieko skrzyni i na moment podnosi kurtyn\u0119. Kurtyna opada a na skrzyni stoi iluzjonista, poprzez prze\u017aroczyste \u015bcianki wida\u0107 asystentk\u0119 w \u015brodku skrzyni.\u00a0<\/span><\/p>\n<p style=\"text-align: center;\">\u00a0<iframe loading=\"lazy\" src=\"\/\/www.youtube.com\/embed\/ikPMFBKdhpU\" width=\"576\" height=\"474\"><\/iframe><\/p>\n<p style=\"text-align: center;\"><span style=\"font-size: 12pt; font-family: arial, helvetica, sans-serif;\">&#8211; wykonana jest z najlepszej jako\u015bci materia\u0142\u00f3w, aby mog\u0142a jak najd\u0142u\u017cej s\u0142u\u017cy\u0107 naszym Klientom;<\/span><\/p>\n<p style=\"text-align: center;\"><span style=\"font-size: 12pt; font-family: arial, helvetica, sans-serif;\">&#8211; ca\u0142kowicie rozk\u0142adana;<\/span><\/p>\n<p style=\"text-align: center;\"><span style=\"font-size: 12pt; font-family: arial, helvetica, sans-serif;\">&#8211; b\u0142yskawiczne rozk\u0142adanie;<\/span><\/p>\n<p style=\"text-align: center;\"><span style=\"font-size: 12pt; font-family: arial, helvetica, sans-serif;\">&#8211; \u0142atwo\u015b\u0107 w transporcie;<\/span><\/p>\n<p style=\"text-align: center;\"><span style=\"font-size: 12pt; font-family: arial, helvetica, sans-serif;\">&#8211; \u015bcianki z prze\u017aroczystej plexi;<\/span><\/p>\n<p style=\"text-align: center;\"><span style=\"font-size: 12pt; font-family: arial, helvetica, sans-serif;\">&#8211; 4 k\u00f3\u0142ka z hamulcami;<\/span><\/p>\n<p style=\"text-align: center;\"><span style=\"font-size: 12pt; font-family: arial, helvetica, sans-serif;\">&#8211; produkowana w Holandii na zlecenie magiiik.pl<\/span><\/p>\n<p style=\"text-align: center;\">\u00a0<\/p>\n<p style=\"text-align: center;\"><span style=\"color: #ff0000;\"><strong><span style=\"font-size: 12pt; font-family: arial, helvetica, sans-serif;\">UWAGA!\u00a0<\/span><\/strong><\/span><\/p>\n<p style=\"text-align: center;\"><strong><span style=\"font-size: 12pt; font-family: arial, helvetica, sans-serif; color: #ff0000;\">Zakup skrzyni TYLKO na miejscu w sklepie stacjonarnym, magiiik.pl, w Kutnie!<\/span><\/strong><\/p>\n<p style=\"text-align: center;\"><span style=\"font-size: 12pt; font-family: arial, helvetica, sans-serif; color: #ff0000;\">Klient w komplecie otrzymuje sam stela\u017c do zamocowania kurtyny, bez kurtyny!<\/span><\/p>\n<p style=\"text-align: center;\"><span style=\"font-size: 12pt; font-family: arial, helvetica, sans-serif; color: #ff0000;\">Produkt jest NOWY, NIEU\u017bYWANY!<\/span><\/p>\n<p style=\"text-align: center;\"><span style=\"font-size: 12pt; font-family: arial, helvetica, sans-serif; color: #ff0000;\">Klient otrzymuje faktur\u0119 przy zakupie rekwizytu oraz gwarancj\u0119 na rok!<\/span><\/p>\n<p style=\"text-align: center;\">\u00a0<\/p>\n<p style=\"text-align: center;\"><span style=\"font-size: 12pt; font-family: arial, helvetica, sans-serif;\">Na skrzyni\u0119 obowi\u0105zuje<strong> PROMOCJA<\/strong>, gdy\u017c w transporcie do Polski plexa uleg\u0142a delikatnym zarysowaniom w paru miejscach. Nie s\u0105 one bardzo widoczne oraz nie przeszkadzaj\u0105 w wykonywaniu tricku.\u00a0<\/span><\/p>\n<p style=\"text-align: center;\">\u00a0<\/p>\n<p style=\"text-align: center;\"><strong><span style=\"font-size: 12pt; font-family: arial, helvetica, sans-serif;\">Polecamy,<\/span><\/strong><\/p>\n<p style=\"text-align: center;\"><strong><span style=\"font-size: 12pt; font-family: arial, helvetica, sans-serif;\">magiiik.pl<\/span><\/strong><\/p>\n<p>\u00a0<\/p>\n","protected":false},"excerpt":{"rendered":"<p><strong>Crystal Metamorphosis (Metamorfoza) by magiiik.pl<\/strong><\/p>\n","protected":false},"featured_media":9884,"comment_status":"closed","ping_status":"open","template":"","meta":[],"product_brand":[],"product_cat":[69],"product_tag":[],"class_list":{"0":"post-9883","1":"product","2":"type-product","3":"status-publish","4":"has-post-thumbnail","6":"product_cat-iluzja-sceniczna-duze-iluzje","8":"first","9":"instock","10":"purchasable","11":"product-type-simple"},"_links":{"self":[{"href":"https:\/\/magiiik.netstory.com.pl\/index.php?rest_route=\/wp\/v2\/product\/9883","targetHints":{"allow":["GET"]}}],"collection":[{"href":"https:\/\/magiiik.netstory.com.pl\/index.php?rest_route=\/wp\/v2\/product"}],"about":[{"href":"https:\/\/magiiik.netstory.com.pl\/index.php?rest_route=\/wp\/v2\/types\/product"}],"replies":[{"embeddable":true,"href":"https:\/\/magiiik.netstory.com.pl\/index.php?rest_route=%2Fwp%2Fv2%2Fcomments&post=9883"}],"wp:featuredmedia":[{"embeddable":true,"href":"https:\/\/magiiik.netstory.com.pl\/index.php?rest_route=\/wp\/v2\/media\/9884"}],"wp:attachment":[{"href":"https:\/\/magiiik.netstory.com.pl\/index.php?rest_route=%2Fwp%2Fv2%2Fmedia&parent=9883"}],"wp:term":[{"taxonomy":"product_brand","embeddable":true,"href":"https:\/\/magiiik.netstory.com.pl\/index.php?rest_route=%2Fwp%2Fv2%2Fproduct_brand&post=9883"},{"taxonomy":"product_cat","embeddable":true,"href":"https:\/\/magiiik.netstory.com.pl\/index.php?rest_route=%2Fwp%2Fv2%2Fproduct_cat&post=9883"},{"taxonomy":"product_tag","embeddable":true,"href":"https:\/\/magiiik.netstory.com.pl\/index.php?rest_route=%2Fwp%2Fv2%2Fproduct_tag&post=9883"}],"curies":[{"name":"wp","href":"https:\/\/api.w.org\/{rel}","templated":true}]}}