{"id":9871,"date":"2025-09-19T13:29:04","date_gmt":"2025-09-19T11:29:04","guid":{"rendered":"https:\/\/magiiik.netstory.com.pl\/produkt\/dream-act-by-shin-lim\/"},"modified":"2025-09-19T13:29:23","modified_gmt":"2025-09-19T11:29:23","slug":"dream-act-by-shin-lim","status":"publish","type":"product","link":"https:\/\/magiiik.netstory.com.pl\/?product=dream-act-by-shin-lim","title":{"rendered":"Dream Act by Shin Lim"},"content":{"rendered":"<p style=\"text-align: center;\"><span style=\"font-size: 12pt; font-family: arial, helvetica, sans-serif;\">W 2015 roku, na <strong>FISM<\/strong> w Rimini, we W\u0142oszech, <strong>Shin Lim<\/strong> zosta\u0142 ukoronowany jako <strong>Mistrz \u015awiata w close up magic<\/strong>. Dwa tygodnie p\u00f3\u017aniej wyst\u0119powa\u0142 w programie\u00a0<span style=\"color: #444444;\"><strong>Pen &amp; Tellers Fool Us<\/strong>, a Jego wyst\u0119p sta\u0142 si\u0119 fenomenem! Jego konto na youtube odwiedzi\u0142y miliony w niespe\u0142na tydzie\u0144! To wszystko za spraw\u0105 <strong>DREAM ACT<\/strong>!<\/span><\/span><\/p>\n<p style=\"text-align: center;\"><span style=\"font-size: 12pt; font-family: arial, helvetica, sans-serif;\"><strong>Dream Act<\/strong> jest czym\u015b wi\u0119cej ni\u017c tylko magiczn\u0105 sztuczk\u0105. <strong>Dream Act<\/strong> przekracza granice, jest widowiskiem, kt\u00f3re w artystycznym wyrazie zabiera widza do innego wymiaru.\u00a0<\/span><\/p>\n<p style=\"text-align: center;\"><span style=\"font-size: 12pt; font-family: arial, helvetica, sans-serif;\">W 3,5 godzinnym filmie <strong>Shin Lim<\/strong> prezentuje wszystkie aspekty swojego aktu. Nie tylko nauczy Ci\u0119 ka\u017cdego efektu, metody i dzia\u0142ania, ale wspomni o atmosferze, czasie, teorii muzyki, aby stworzy\u0107 t\u0105 niepowtarzaln\u0105 rutyn\u0119 bez m\u00f3wienia.<\/span><\/p>\n<p style=\"text-align: center;\"><span style=\"font-size: 12pt; font-family: arial, helvetica, sans-serif;\">Do tej pory jest to najbardziej ceniony efekt <strong>Shin Lim<\/strong>&#8217;a, kt\u00f3ry rozwija\u0142 On przez 6 lat, od dzi\u015b dost\u0119pny r\u00f3wnie\u017c dla Ciebie.<\/span><\/p>\n<p style=\"text-align: center;\"><span style=\"font-size: 12pt; font-family: arial, helvetica, sans-serif;\"><iframe loading=\"lazy\" src=\"\/\/www.youtube.com\/embed\/lqbLqS5mWts\" width=\"610\" height=\"350\"><\/iframe><\/span><\/p>\n<p style=\"text-align: center;\"><span style=\"font-size: 12pt; font-family: arial, helvetica, sans-serif;\">W zestawie otrzymasz wszystko, co potrzebne do wykonania ca\u0142ego efektu (r\u00f3wnie\u017c gimmick do dymu dla kart i dymu z ust).\u00a0<\/span><\/p>\n<p style=\"text-align: center;\"><strong><span style=\"font-size: 12pt; font-family: arial, helvetica, sans-serif;\">Produkt jest bardzo ograniczony w ilo\u015bci, aby efekt by\u0142 dost\u0119pny tylko dla ograniczonej liczby magik\u00f3w na \u015bwiecie!<\/span><\/strong><\/p>\n<p style=\"text-align: center;\"><span style=\"font-size: 12pt; font-family: arial, helvetica, sans-serif; color: #ff0000;\">UWAGA!<\/span><\/p>\n<p style=\"text-align: center;\"><span style=\"font-size: 12pt; font-family: arial, helvetica, sans-serif; color: #ff0000;\">&#8211; Musisz mie\u0107 uko\u0144czone 18 lat, aby m\u00f3c zakupi\u0107 ten produkt!\u00a0<\/span><\/p>\n<p style=\"text-align: center;\"><span style=\"font-size: 12pt; font-family: arial, helvetica, sans-serif; color: #ff0000;\">&#8211; Prawa autorskie do pokaz\u00f3w w TV nie s\u0105 zawarte w zestawie! Je\u015bli chcia\u0142by\u015b prezentowa\u0107 ten efekt w telewizji, musisz si\u0119 skontaktowa\u0107 z menad\u017cerem Shin Lim&#8217;a mejlowo:<strong>\u00a0<em style=\"color: #444444; font-size: 13px; font-family: Arial, sans-serif;\"><a href=\"mailto:tune2magic@gmail.com\">tune2magic@gmail.com<\/a><\/em><\/strong><\/span><\/p>\n<p style=\"text-align: center;\">\u00a0<\/p>\n<p style=\"text-align: center;\"><strong><span style=\"font-size: 12pt; font-family: arial, helvetica, sans-serif;\">Produkt posiada certyfikat<a href=\"\/pl\/c\/BLACK-LABEL\/95\"> BLACK LABEL<\/a>!<\/span><\/strong><\/p>\n<p style=\"text-align: center;\">\u00a0<\/p>\n<p style=\"text-align: center;\"><strong><span style=\"font-size: 12pt; font-family: arial, helvetica, sans-serif;\">Polecamy,<\/span><\/strong><\/p>\n<p style=\"text-align: center;\"><strong><span style=\"font-size: 12pt; font-family: arial, helvetica, sans-serif;\">magiiik.pl<\/span><\/strong><\/p>\n","protected":false},"excerpt":{"rendered":"<p><strong>Dream Act by Shin Lim\u00a0<\/strong><\/p>\n","protected":false},"featured_media":9872,"comment_status":"closed","ping_status":"open","template":"","meta":[],"product_brand":[],"product_cat":[57],"product_tag":[],"class_list":{"0":"post-9871","1":"product","2":"type-product","3":"status-publish","4":"has-post-thumbnail","6":"product_cat-ksiazki-dvd-download-black-label","8":"first","9":"instock","10":"purchasable","11":"product-type-simple"},"_links":{"self":[{"href":"https:\/\/magiiik.netstory.com.pl\/index.php?rest_route=\/wp\/v2\/product\/9871","targetHints":{"allow":["GET"]}}],"collection":[{"href":"https:\/\/magiiik.netstory.com.pl\/index.php?rest_route=\/wp\/v2\/product"}],"about":[{"href":"https:\/\/magiiik.netstory.com.pl\/index.php?rest_route=\/wp\/v2\/types\/product"}],"replies":[{"embeddable":true,"href":"https:\/\/magiiik.netstory.com.pl\/index.php?rest_route=%2Fwp%2Fv2%2Fcomments&post=9871"}],"wp:featuredmedia":[{"embeddable":true,"href":"https:\/\/magiiik.netstory.com.pl\/index.php?rest_route=\/wp\/v2\/media\/9872"}],"wp:attachment":[{"href":"https:\/\/magiiik.netstory.com.pl\/index.php?rest_route=%2Fwp%2Fv2%2Fmedia&parent=9871"}],"wp:term":[{"taxonomy":"product_brand","embeddable":true,"href":"https:\/\/magiiik.netstory.com.pl\/index.php?rest_route=%2Fwp%2Fv2%2Fproduct_brand&post=9871"},{"taxonomy":"product_cat","embeddable":true,"href":"https:\/\/magiiik.netstory.com.pl\/index.php?rest_route=%2Fwp%2Fv2%2Fproduct_cat&post=9871"},{"taxonomy":"product_tag","embeddable":true,"href":"https:\/\/magiiik.netstory.com.pl\/index.php?rest_route=%2Fwp%2Fv2%2Fproduct_tag&post=9871"}],"curies":[{"name":"wp","href":"https:\/\/api.w.org\/{rel}","templated":true}]}}