{"id":9852,"date":"2025-09-19T13:29:04","date_gmt":"2025-09-19T11:29:04","guid":{"rendered":"https:\/\/magiiik.netstory.com.pl\/produkt\/iflight-by-bill-perkins\/"},"modified":"2025-09-19T13:29:07","modified_gmt":"2025-09-19T11:29:07","slug":"iflight-by-bill-perkins","status":"publish","type":"product","link":"https:\/\/magiiik.netstory.com.pl\/?product=iflight-by-bill-perkins","title":{"rendered":"iFlight by Bill Perkins"},"content":{"rendered":"<p style=\"text-align: center;\"><strong><span style=\"font-size: 12pt; font-family: arial, helvetica, sans-serif;\">Po\u017cyczony pier\u015bcionek zostaje nawleczony na kabel od s\u0142uchawek, kt\u00f3ry jest owini\u0119ty wok\u00f3\u0142 telefonu i jest umieszczony w&#8230; tylnej kieszeni!\u00a0<\/span><\/strong><\/p>\n<p style=\"text-align: center;\"><span style=\"font-size: 12pt; font-family: arial, helvetica, sans-serif;\">Elegancki, nowoczesny, wydajny i niezapomniany trick magiczny!<\/span><\/p>\n<p style=\"text-align: center;\"><span style=\"font-size: 12pt; font-family: arial, helvetica, sans-serif;\"><strong>iFlight<\/strong> jest to aktualizacja klasycznego tricku &#8222;<strong>Ring Flight<\/strong>&#8222;, gdzie po\u017cyczony pier\u015bcionek znajduje si\u0119 zupe\u0142nie w innym miejscu! Zamiast u\u017cywa\u0107 sk\u00f3rzanego portfela na klucze (kt\u00f3ry jest teraz rzadko spotykany), tw\u00f3rca <strong>Bill Perkins<\/strong> opracowa\u0142 prosty, ale niezwyk\u0142y spos\u00f3b, jak nawlec po\u017cyczony pier\u015bcionek na s\u0142uchawki owini\u0119te wok\u00f3\u0142 telefonu kom\u00f3rkowego!\u00a0<\/span><\/p>\n<p style=\"text-align: center;\"><span style=\"font-size: 12pt; font-family: arial, helvetica, sans-serif;\"><iframe loading=\"lazy\" src=\"\/\/www.youtube.com\/embed\/SoUxUG3Nvq4\" width=\"652\" height=\"350\"><\/iframe><\/span><\/p>\n<p style=\"text-align: center;\"><span style=\"font-size: 12pt; font-family: arial, helvetica, sans-serif;\">To prosty do wykonania trick. Zwyk\u0142y telefon. Zwyk\u0142e s\u0142uchawki. Pier\u015bcionek widza. Prawdziwa magia.<\/span><\/p>\n<p style=\"text-align: center;\"><strong><span style=\"font-size: 12pt; font-family: arial, helvetica, sans-serif;\">Polecamy,<\/span><\/strong><\/p>\n<p style=\"text-align: center;\"><strong><span style=\"font-size: 12pt; font-family: arial, helvetica, sans-serif;\">magiiik.pl<\/span><\/strong><\/p>\n","protected":false},"excerpt":{"rendered":"<p><strong>iFlight by Bill Perkins\u00a0<\/strong><\/p>\n","protected":false},"featured_media":9853,"comment_status":"closed","ping_status":"open","template":"","meta":[],"product_brand":[],"product_cat":[53],"product_tag":[],"class_list":{"0":"post-9852","1":"product","2":"type-product","3":"status-publish","4":"has-post-thumbnail","6":"product_cat-mikro-iluzja-close-up","8":"first","9":"instock","10":"purchasable","11":"product-type-simple"},"_links":{"self":[{"href":"https:\/\/magiiik.netstory.com.pl\/index.php?rest_route=\/wp\/v2\/product\/9852","targetHints":{"allow":["GET"]}}],"collection":[{"href":"https:\/\/magiiik.netstory.com.pl\/index.php?rest_route=\/wp\/v2\/product"}],"about":[{"href":"https:\/\/magiiik.netstory.com.pl\/index.php?rest_route=\/wp\/v2\/types\/product"}],"replies":[{"embeddable":true,"href":"https:\/\/magiiik.netstory.com.pl\/index.php?rest_route=%2Fwp%2Fv2%2Fcomments&post=9852"}],"wp:featuredmedia":[{"embeddable":true,"href":"https:\/\/magiiik.netstory.com.pl\/index.php?rest_route=\/wp\/v2\/media\/9853"}],"wp:attachment":[{"href":"https:\/\/magiiik.netstory.com.pl\/index.php?rest_route=%2Fwp%2Fv2%2Fmedia&parent=9852"}],"wp:term":[{"taxonomy":"product_brand","embeddable":true,"href":"https:\/\/magiiik.netstory.com.pl\/index.php?rest_route=%2Fwp%2Fv2%2Fproduct_brand&post=9852"},{"taxonomy":"product_cat","embeddable":true,"href":"https:\/\/magiiik.netstory.com.pl\/index.php?rest_route=%2Fwp%2Fv2%2Fproduct_cat&post=9852"},{"taxonomy":"product_tag","embeddable":true,"href":"https:\/\/magiiik.netstory.com.pl\/index.php?rest_route=%2Fwp%2Fv2%2Fproduct_tag&post=9852"}],"curies":[{"name":"wp","href":"https:\/\/api.w.org\/{rel}","templated":true}]}}