{"id":9831,"date":"2025-09-19T13:28:44","date_gmt":"2025-09-19T11:28:44","guid":{"rendered":"https:\/\/magiiik.netstory.com.pl\/produkt\/magic-soul-presents-v-by-kai-lun-hu-dvd\/"},"modified":"2025-09-19T13:28:54","modified_gmt":"2025-09-19T11:28:54","slug":"magic-soul-presents-v-by-kai-lun-hu-dvd","status":"publish","type":"product","link":"https:\/\/magiiik.netstory.com.pl\/?product=magic-soul-presents-v-by-kai-lun-hu-dvd","title":{"rendered":"Magic Soul Presents V by Kai-Lun Hu (DVD)"},"content":{"rendered":"<p style=\"text-align: center;\"><span style=\"font-size: 12pt; font-family: arial, helvetica, sans-serif;\">&#8222;<strong>V<\/strong>&#8222;, to dziecko m\u00f3zgu <strong>Kai-Lun Hu<\/strong>. To symbol pi\u0105tki, r\u00f3\u017cnorodno\u015bci i zwyci\u0119stwa.\u00a0<\/span><\/p>\n<p style=\"text-align: center;\"><span style=\"font-size: 12pt; font-family: arial, helvetica, sans-serif;\">To r\u00f3wnie\u017c 5 trick\u00f3w <strong>Kai-Lun<\/strong>&#8217;a, kt\u00f3re s\u0105 bardzo r\u00f3\u017cnorodne i przynosz\u0105 zwyci\u0119stwo na magicznej scenie.\u00a0<\/span><\/p>\n<p style=\"text-align: center;\"><span style=\"font-size: 12pt; font-family: arial, helvetica, sans-serif;\"><strong>Kai-Lun<\/strong> jest jednym z lepszych magik\u00f3w na Tajwanie, jest utalentowany praktycznie w ka\u017cdej dziedzinie iluzji, zw\u0142aszcza w mikro magii. Ze wszystkich Jego dzie\u0142, kt\u00f3re stworzy\u0142 w ci\u0105gu 20 lat, <strong>Kai-Lun<\/strong> wybra\u0142 te 5, kt\u00f3re s\u0105 zabawne, praktyczne i naprawd\u0119 magiczne.<\/span><\/p>\n<p style=\"text-align: center;\"><span style=\"font-size: 12pt; font-family: arial, helvetica, sans-serif;\"><iframe loading=\"lazy\" src=\"\/\/www.youtube.com\/embed\/HoflRoMua-Q\" width=\"606\" height=\"350\"><\/iframe><\/span><\/p>\n<p style=\"text-align: center;\"><strong><span style=\"font-size: 12pt; font-family: arial, helvetica, sans-serif;\">Polecamy,<\/span><\/strong><\/p>\n<p style=\"text-align: center;\"><strong><span style=\"font-size: 12pt; font-family: arial, helvetica, sans-serif;\">magiiik.pl<\/span><\/strong><\/p>\n","protected":false},"excerpt":{"rendered":"<p><strong>Magic Soul Presents V by Kai-Lun Hu (DVD)<\/strong><\/p>\n","protected":false},"featured_media":9832,"comment_status":"closed","ping_status":"open","template":"","meta":[],"product_brand":[],"product_cat":[47],"product_tag":[],"class_list":{"0":"post-9831","1":"product","2":"type-product","3":"status-publish","4":"has-post-thumbnail","6":"product_cat-ksiazki-dvd-download-filmy-dvd","8":"first","9":"instock","10":"purchasable","11":"product-type-simple"},"_links":{"self":[{"href":"https:\/\/magiiik.netstory.com.pl\/index.php?rest_route=\/wp\/v2\/product\/9831","targetHints":{"allow":["GET"]}}],"collection":[{"href":"https:\/\/magiiik.netstory.com.pl\/index.php?rest_route=\/wp\/v2\/product"}],"about":[{"href":"https:\/\/magiiik.netstory.com.pl\/index.php?rest_route=\/wp\/v2\/types\/product"}],"replies":[{"embeddable":true,"href":"https:\/\/magiiik.netstory.com.pl\/index.php?rest_route=%2Fwp%2Fv2%2Fcomments&post=9831"}],"wp:featuredmedia":[{"embeddable":true,"href":"https:\/\/magiiik.netstory.com.pl\/index.php?rest_route=\/wp\/v2\/media\/9832"}],"wp:attachment":[{"href":"https:\/\/magiiik.netstory.com.pl\/index.php?rest_route=%2Fwp%2Fv2%2Fmedia&parent=9831"}],"wp:term":[{"taxonomy":"product_brand","embeddable":true,"href":"https:\/\/magiiik.netstory.com.pl\/index.php?rest_route=%2Fwp%2Fv2%2Fproduct_brand&post=9831"},{"taxonomy":"product_cat","embeddable":true,"href":"https:\/\/magiiik.netstory.com.pl\/index.php?rest_route=%2Fwp%2Fv2%2Fproduct_cat&post=9831"},{"taxonomy":"product_tag","embeddable":true,"href":"https:\/\/magiiik.netstory.com.pl\/index.php?rest_route=%2Fwp%2Fv2%2Fproduct_tag&post=9831"}],"curies":[{"name":"wp","href":"https:\/\/api.w.org\/{rel}","templated":true}]}}