{"id":9827,"date":"2025-09-19T13:28:44","date_gmt":"2025-09-19T11:28:44","guid":{"rendered":"https:\/\/magiiik.netstory.com.pl\/produkt\/insight-karty-i-dvd-by-peter-eggink\/"},"modified":"2025-09-19T13:28:54","modified_gmt":"2025-09-19T11:28:54","slug":"insight-karty-i-dvd-by-peter-eggink","status":"publish","type":"product","link":"https:\/\/magiiik.netstory.com.pl\/?product=insight-karty-i-dvd-by-peter-eggink","title":{"rendered":"Insight &#8211; (karty i DVD) by Peter Eggink"},"content":{"rendered":"<p style=\"text-align: center;\"><span style=\"font-size: 12pt; font-family: arial, helvetica, sans-serif;\">Dwa Jokery z otworami s\u0105 pokazywane i umieszczane na widoku, na stole. Nast\u0119pnie widz wybiera dowoln\u0105 kart\u0119 z talii i podpisuje j\u0105. Karta jest wk\u0142adana z powrotem do talii, kt\u00f3r\u0105 magik dok\u0142adnie tasuje. Magik wybiera teraz jedn\u0105 kart\u0119 i mimo, \u017ce nie jest to karta wybrana przez widza wk\u0142ada j\u0105 mi\u0119dzy dwa Jokery. Jest wyra\u017anie widoczna przez otwory. Teraz przygotuj si\u0119 na prawdziwie magiczny moment&#8230; Magik delikatnie porusza kartami, a wtedy karta w \u015brodku zamienia si\u0119 w kart\u0119 wybran\u0105 przez widza!\u00a0<\/span><\/p>\n<p style=\"text-align: center;\"><span style=\"font-size: 12pt; font-family: arial, helvetica, sans-serif;\">Pojawienie si\u0119 podpisu widza, widzianego przez otw\u00f3r to pot\u0119\u017cny efekt wizualny! Wreszcie karta zostaje wyj\u0119ta ze \u015brodka Joker\u00f3w i dana do sprawdzenia.<\/span><\/p>\n<p style=\"text-align: center;\"><span style=\"font-size: 12pt; font-family: arial, helvetica, sans-serif;\"><iframe loading=\"lazy\" src=\"\/\/www.youtube.com\/embed\/y3kJ0N20GXI\" width=\"638\" height=\"350\"><\/iframe><\/span><\/p>\n<p style=\"text-align: center;\"><span style=\"font-size: 12pt; font-family: arial, helvetica, sans-serif;\"><strong>Insight<\/strong> to zupe\u0142nie nowa koncepcja! W zestawie otrzymasz DVD oraz gimmick.<\/span><\/p>\n<p style=\"text-align: center;\"><span style=\"font-size: 12pt; font-family: arial, helvetica, sans-serif;\">&#8211; \u0142atwe do wykonania!<\/span><\/p>\n<p style=\"text-align: center;\"><span style=\"font-size: 12pt; font-family: arial, helvetica, sans-serif;\">&#8211; bardzo wizualne!<\/span><\/p>\n<p style=\"text-align: center;\"><span style=\"font-size: 12pt; font-family: arial, helvetica, sans-serif;\">&#8211; natychmiastowy reset!<\/span><\/p>\n<p style=\"text-align: center;\"><span style=\"font-size: 12pt; font-family: arial, helvetica, sans-serif;\">&#8211; w pe\u0142ni do sprawdzenia!<\/span><\/p>\n<p style=\"text-align: center;\">\u00a0<\/p>\n<p style=\"text-align: center;\"><span style=\"font-size: 12pt; font-family: arial, helvetica, sans-serif;\">Czas trwania filmu to oko\u0142o 32 minut.<\/span><\/p>\n<p style=\"text-align: center;\"><strong><span style=\"font-size: 12pt; font-family: arial, helvetica, sans-serif;\">Polecamy,<\/span><\/strong><\/p>\n<p style=\"text-align: center;\"><strong><span style=\"font-size: 12pt; font-family: arial, helvetica, sans-serif;\">magiiik.pl<\/span><\/strong><\/p>\n","protected":false},"excerpt":{"rendered":"<p><strong>Insight &#8211; (karty i DVD) by Peter Eggink\u00a0<\/strong><\/p>\n","protected":false},"featured_media":9828,"comment_status":"closed","ping_status":"open","template":"","meta":[],"product_brand":[],"product_cat":[47],"product_tag":[],"class_list":{"0":"post-9827","1":"product","2":"type-product","3":"status-publish","4":"has-post-thumbnail","6":"product_cat-ksiazki-dvd-download-filmy-dvd","8":"first","9":"instock","10":"purchasable","11":"product-type-simple"},"_links":{"self":[{"href":"https:\/\/magiiik.netstory.com.pl\/index.php?rest_route=\/wp\/v2\/product\/9827","targetHints":{"allow":["GET"]}}],"collection":[{"href":"https:\/\/magiiik.netstory.com.pl\/index.php?rest_route=\/wp\/v2\/product"}],"about":[{"href":"https:\/\/magiiik.netstory.com.pl\/index.php?rest_route=\/wp\/v2\/types\/product"}],"replies":[{"embeddable":true,"href":"https:\/\/magiiik.netstory.com.pl\/index.php?rest_route=%2Fwp%2Fv2%2Fcomments&post=9827"}],"wp:featuredmedia":[{"embeddable":true,"href":"https:\/\/magiiik.netstory.com.pl\/index.php?rest_route=\/wp\/v2\/media\/9828"}],"wp:attachment":[{"href":"https:\/\/magiiik.netstory.com.pl\/index.php?rest_route=%2Fwp%2Fv2%2Fmedia&parent=9827"}],"wp:term":[{"taxonomy":"product_brand","embeddable":true,"href":"https:\/\/magiiik.netstory.com.pl\/index.php?rest_route=%2Fwp%2Fv2%2Fproduct_brand&post=9827"},{"taxonomy":"product_cat","embeddable":true,"href":"https:\/\/magiiik.netstory.com.pl\/index.php?rest_route=%2Fwp%2Fv2%2Fproduct_cat&post=9827"},{"taxonomy":"product_tag","embeddable":true,"href":"https:\/\/magiiik.netstory.com.pl\/index.php?rest_route=%2Fwp%2Fv2%2Fproduct_tag&post=9827"}],"curies":[{"name":"wp","href":"https:\/\/api.w.org\/{rel}","templated":true}]}}