{"id":9821,"date":"2025-09-19T13:28:44","date_gmt":"2025-09-19T11:28:44","guid":{"rendered":"https:\/\/magiiik.netstory.com.pl\/produkt\/miracle-ac-an-by-nono-bomb-magic-dvd\/"},"modified":"2025-09-19T13:28:50","modified_gmt":"2025-09-19T11:28:50","slug":"miracle-ac-an-by-nono-bomb-magic-dvd","status":"publish","type":"product","link":"https:\/\/magiiik.netstory.com.pl\/?product=miracle-ac-an-by-nono-bomb-magic-dvd","title":{"rendered":"Miracle AC-AN by NONO &#038; Bomb Magic (DVD)"},"content":{"rendered":"<p style=\"text-align: center;\"><span style=\"font-size: 12pt; font-family: arial, helvetica, sans-serif;\"><strong>NONO<\/strong>, wielki tajwa\u0144ski magik wyda\u0142 to niesamowite DVD w 2011 roku (tylko na Tajwanie). Sp\u0119dzi\u0142 ponad 2 i p\u00f3\u0142 roku na stworzenie tej magii. Specjalizuje si\u0119 w mentalizmie.\u00a0<\/span><\/p>\n<p style=\"text-align: center;\"><span style=\"font-size: 12pt; font-family: arial, helvetica, sans-serif;\">Iluzjonista spisuje przepowiedni\u0119 na karteczkach i zaprasza widza, aby wybra\u0142 jedn\u0105 z nich, a drugiego widza, aby wybra\u0142 liczb\u0119 od 1 do 52. Widz bierze tali\u0119 kart do r\u0119ki, w tym czasie magik ujawnia swoj\u0105 prognoz\u0119. Okazuje si\u0119, \u017ce przewidzia\u0142, jak\u0105 kart\u0119 wybierze widz. Mo\u017cna teraz potasowa\u0107 karty i magik po raz kolejny ujawnia swoj\u0105 prognoz\u0119. Widz przelicza teraz karty i okazuje si\u0119, \u017ce magik jest bezb\u0142\u0119dny!\u00a0<\/span><\/p>\n<p style=\"text-align: center;\"><span style=\"font-size: 12pt; font-family: arial, helvetica, sans-serif;\"><iframe loading=\"lazy\" src=\"\/\/www.youtube.com\/embed\/8DIo-vUfC0U\" width=\"606\" height=\"350\"><\/iframe><\/span><\/p>\n<p style=\"text-align: center;\"><span style=\"font-size: 12pt; font-family: arial, helvetica, sans-serif;\">&#8211; zwyk\u0142a talia kart!<\/span><\/p>\n<p style=\"text-align: center;\"><span style=\"font-size: 12pt; font-family: arial, helvetica, sans-serif;\">&#8211; widz mo\u017ce potasowa\u0107 karty!<\/span><\/p>\n<p style=\"text-align: center;\"><span style=\"font-size: 12pt; font-family: arial, helvetica, sans-serif;\">&#8211; wszystko jest do sprawdzenia!<\/span><\/p>\n<p style=\"text-align: center;\"><strong><span style=\"font-size: 12pt; font-family: arial, helvetica, sans-serif;\">Polecamy,<\/span><\/strong><\/p>\n<p style=\"text-align: center;\"><strong><span style=\"font-size: 12pt; font-family: arial, helvetica, sans-serif;\">magiiik.pl<\/span><\/strong><\/p>\n<p>\u00a0<\/p>\n","protected":false},"excerpt":{"rendered":"<p><strong>Miracle AC-AN by NONO &amp; Bomb Magic (DVD)<\/strong><\/p>\n","protected":false},"featured_media":9822,"comment_status":"closed","ping_status":"open","template":"","meta":[],"product_brand":[],"product_cat":[47],"product_tag":[],"class_list":{"0":"post-9821","1":"product","2":"type-product","3":"status-publish","4":"has-post-thumbnail","6":"product_cat-ksiazki-dvd-download-filmy-dvd","8":"first","9":"instock","10":"purchasable","11":"product-type-simple"},"_links":{"self":[{"href":"https:\/\/magiiik.netstory.com.pl\/index.php?rest_route=\/wp\/v2\/product\/9821","targetHints":{"allow":["GET"]}}],"collection":[{"href":"https:\/\/magiiik.netstory.com.pl\/index.php?rest_route=\/wp\/v2\/product"}],"about":[{"href":"https:\/\/magiiik.netstory.com.pl\/index.php?rest_route=\/wp\/v2\/types\/product"}],"replies":[{"embeddable":true,"href":"https:\/\/magiiik.netstory.com.pl\/index.php?rest_route=%2Fwp%2Fv2%2Fcomments&post=9821"}],"wp:featuredmedia":[{"embeddable":true,"href":"https:\/\/magiiik.netstory.com.pl\/index.php?rest_route=\/wp\/v2\/media\/9822"}],"wp:attachment":[{"href":"https:\/\/magiiik.netstory.com.pl\/index.php?rest_route=%2Fwp%2Fv2%2Fmedia&parent=9821"}],"wp:term":[{"taxonomy":"product_brand","embeddable":true,"href":"https:\/\/magiiik.netstory.com.pl\/index.php?rest_route=%2Fwp%2Fv2%2Fproduct_brand&post=9821"},{"taxonomy":"product_cat","embeddable":true,"href":"https:\/\/magiiik.netstory.com.pl\/index.php?rest_route=%2Fwp%2Fv2%2Fproduct_cat&post=9821"},{"taxonomy":"product_tag","embeddable":true,"href":"https:\/\/magiiik.netstory.com.pl\/index.php?rest_route=%2Fwp%2Fv2%2Fproduct_tag&post=9821"}],"curies":[{"name":"wp","href":"https:\/\/api.w.org\/{rel}","templated":true}]}}