{"id":9819,"date":"2025-09-19T13:28:44","date_gmt":"2025-09-19T11:28:44","guid":{"rendered":"https:\/\/magiiik.netstory.com.pl\/produkt\/welcome-to-my-world-by-john-stessel-dvd\/"},"modified":"2025-09-19T13:28:50","modified_gmt":"2025-09-19T11:28:50","slug":"welcome-to-my-world-by-john-stessel-dvd","status":"publish","type":"product","link":"https:\/\/magiiik.netstory.com.pl\/?product=welcome-to-my-world-by-john-stessel-dvd","title":{"rendered":"Welcome To My World by John Stessel (DVD)"},"content":{"rendered":"<p style=\"text-align: center;\"><span style=\"font-size: 12pt; font-family: arial, helvetica, sans-serif;\"><strong>John Stessel<\/strong> to zaskakuj\u0105co kreatywny magik. Na tym DVD zaprasza Ci\u0119 do wzi\u0119cia udzia\u0142u w Jego intryguj\u0105cym \u015bwiecie magii&#8230;<\/span><\/p>\n<p style=\"text-align: center;\"><span style=\"font-size: 12pt; font-family: arial, helvetica, sans-serif;\">Porzu\u0107 wszelkie uprzedzenia! Wewn\u0105trz tej tajemniczej krainy nie znajdziesz zwyk\u0142ych, klasycznych efekt\u00f3w. Zamiast tego dowiesz si\u0119, jak stworzy\u0107 i nauczy\u0107 si\u0119 siedmiu bardzo innowacyjnych trick\u00f3w magicznych.<\/span><\/p>\n<p style=\"text-align: center;\"><span style=\"font-size: 12pt; font-family: arial, helvetica, sans-serif;\">Ziemskie prawa fizyki tutaj nie obowi\u0105zuj\u0105&#8230; Naucz si\u0119, jak przedmioty codziennego u\u017cytku zaczynaj\u0105 lewitowa\u0107, porusza\u0107 si\u0119 i zachowywa\u0107 w spos\u00f3b niezwyk\u0142y.<\/span><\/p>\n<p style=\"text-align: center;\"><span style=\"font-size: 12pt; font-family: arial, helvetica, sans-serif;\"><iframe loading=\"lazy\" src=\"\/\/www.youtube.com\/embed\/Am8Op2o2D60\" width=\"629\" height=\"350\"><\/iframe><\/span><\/p>\n<p style=\"text-align: center;\"><strong><span style=\"font-size: 12pt; font-family: arial, helvetica, sans-serif;\">Zapraszamy Ci\u0119 do \u015bwiata John&#8217;a Stessel&#8217;a&#8230;<\/span><\/strong><\/p>\n<p style=\"text-align: center;\"><strong><span style=\"font-size: 12pt; font-family: arial, helvetica, sans-serif;\">magiiik.pl<\/span><\/strong><\/p>\n","protected":false},"excerpt":{"rendered":"<p><strong>Welcome To My World by John Stessel (DVD)<\/strong><\/p>\n","protected":false},"featured_media":9820,"comment_status":"closed","ping_status":"open","template":"","meta":[],"product_brand":[],"product_cat":[47],"product_tag":[],"class_list":{"0":"post-9819","1":"product","2":"type-product","3":"status-publish","4":"has-post-thumbnail","6":"product_cat-ksiazki-dvd-download-filmy-dvd","8":"first","9":"instock","10":"purchasable","11":"product-type-simple"},"_links":{"self":[{"href":"https:\/\/magiiik.netstory.com.pl\/index.php?rest_route=\/wp\/v2\/product\/9819","targetHints":{"allow":["GET"]}}],"collection":[{"href":"https:\/\/magiiik.netstory.com.pl\/index.php?rest_route=\/wp\/v2\/product"}],"about":[{"href":"https:\/\/magiiik.netstory.com.pl\/index.php?rest_route=\/wp\/v2\/types\/product"}],"replies":[{"embeddable":true,"href":"https:\/\/magiiik.netstory.com.pl\/index.php?rest_route=%2Fwp%2Fv2%2Fcomments&post=9819"}],"wp:featuredmedia":[{"embeddable":true,"href":"https:\/\/magiiik.netstory.com.pl\/index.php?rest_route=\/wp\/v2\/media\/9820"}],"wp:attachment":[{"href":"https:\/\/magiiik.netstory.com.pl\/index.php?rest_route=%2Fwp%2Fv2%2Fmedia&parent=9819"}],"wp:term":[{"taxonomy":"product_brand","embeddable":true,"href":"https:\/\/magiiik.netstory.com.pl\/index.php?rest_route=%2Fwp%2Fv2%2Fproduct_brand&post=9819"},{"taxonomy":"product_cat","embeddable":true,"href":"https:\/\/magiiik.netstory.com.pl\/index.php?rest_route=%2Fwp%2Fv2%2Fproduct_cat&post=9819"},{"taxonomy":"product_tag","embeddable":true,"href":"https:\/\/magiiik.netstory.com.pl\/index.php?rest_route=%2Fwp%2Fv2%2Fproduct_tag&post=9819"}],"curies":[{"name":"wp","href":"https:\/\/api.w.org\/{rel}","templated":true}]}}