{"id":9817,"date":"2025-09-19T13:28:44","date_gmt":"2025-09-19T11:28:44","guid":{"rendered":"https:\/\/magiiik.netstory.com.pl\/produkt\/ultimate-beginner-magic-by-james-anthony-dvd\/"},"modified":"2025-09-19T13:28:49","modified_gmt":"2025-09-19T11:28:49","slug":"ultimate-beginner-magic-by-james-anthony-dvd","status":"publish","type":"product","link":"https:\/\/magiiik.netstory.com.pl\/?product=ultimate-beginner-magic-by-james-anthony-dvd","title":{"rendered":"Ultimate Beginner Magic by James Anthony (DVD)"},"content":{"rendered":"<p><strong><span style=\"font-size: 12pt; font-family: arial, helvetica, sans-serif;\">To DVD jest idealnym prezentem dla pocz\u0105tkuj\u0105cych magik\u00f3w, ale r\u00f3wnie\u017c tych \u015brednio zaawansowanych.\u00a0<\/span><\/strong><\/p>\n<p><strong><span style=\"font-size: 12pt; font-family: arial, helvetica, sans-serif;\"><iframe loading=\"lazy\" src=\"\/\/www.youtube.com\/embed\/ntkHocfvnT4\" width=\"710\" height=\"350\"><\/iframe><\/span><\/strong><\/p>\n<p><span style=\"font-size: 12pt; font-family: arial, helvetica, sans-serif;\">Nauczysz si\u0119 mi\u0119dzy innymi poni\u017cszych trick\u00f3w:<\/span><\/p>\n<p><span style=\"color: #444444; font-size: 12pt; font-family: arial, helvetica, sans-serif;\">1.Time Travel Machine\u00a0<\/span><br style=\"color: #444444; font-size: 13px; font-family: Arial, sans-serif;\" \/><span style=\"color: #444444; font-size: 12pt; font-family: arial, helvetica, sans-serif;\">2.Mental Prediction\u00a0<\/span><br style=\"color: #444444; font-size: 13px; font-family: Arial, sans-serif;\" \/><span style=\"color: #444444; font-size: 12pt; font-family: arial, helvetica, sans-serif;\">3.The French Drop\u00a0<\/span><br style=\"color: #444444; font-size: 13px; font-family: Arial, sans-serif;\" \/><span style=\"color: #444444; font-size: 12pt; font-family: arial, helvetica, sans-serif;\">4.Table Top Coin Vanish\u00a0<\/span><br style=\"color: #444444; font-size: 13px; font-family: Arial, sans-serif;\" \/><span style=\"color: #444444; font-size: 12pt; font-family: arial, helvetica, sans-serif;\">5.The Strike Vanish\u00a0<\/span><br style=\"color: #444444; font-size: 13px; font-family: Arial, sans-serif;\" \/><span style=\"color: #444444; font-size: 12pt; font-family: arial, helvetica, sans-serif;\">6.Salt Shaker Through Table\u00a0<\/span><br style=\"color: #444444; font-size: 13px; font-family: Arial, sans-serif;\" \/><span style=\"color: #444444; font-size: 12pt; font-family: arial, helvetica, sans-serif;\">7.Straw Sensation\u00a0<\/span><br style=\"color: #444444; font-size: 13px; font-family: Arial, sans-serif;\" \/><span style=\"color: #444444; font-size: 12pt; font-family: arial, helvetica, sans-serif;\">8.Knife Swallow\u00a0<\/span><br style=\"color: #444444; font-size: 13px; font-family: Arial, sans-serif;\" \/><span style=\"color: #444444; font-size: 12pt; font-family: arial, helvetica, sans-serif;\">9.Hindu Force Prediction\u00a0<\/span><br style=\"color: #444444; font-size: 13px; font-family: Arial, sans-serif;\" \/><span style=\"color: #444444; font-size: 12pt; font-family: arial, helvetica, sans-serif;\">10.Ring and Band Mystery\u00a0<\/span><br style=\"color: #444444; font-size: 13px; font-family: Arial, sans-serif;\" \/><span style=\"color: #444444; font-size: 12pt; font-family: arial, helvetica, sans-serif;\">11.Lipstick or Ash Through Hand\u00a0<\/span><br style=\"color: #444444; font-size: 13px; font-family: Arial, sans-serif;\" \/><span style=\"color: #444444; font-size: 12pt; font-family: arial, helvetica, sans-serif;\">12.Crazy Man&#8217;s Handcuffs<\/span><\/p>\n<p>\u00a0<\/p>\n<p><strong><span style=\"color: #444444; font-size: 12pt; font-family: arial, helvetica, sans-serif;\">Polecamy,<\/span><\/strong><\/p>\n<p><strong><span style=\"color: #444444; font-size: 12pt; font-family: arial, helvetica, sans-serif;\">magiiik.pl<\/span><\/strong><\/p>\n","protected":false},"excerpt":{"rendered":"<p><strong>Ultimate Beginner Magic by James Anthony (DVD)<\/strong><\/p>\n","protected":false},"featured_media":9818,"comment_status":"closed","ping_status":"open","template":"","meta":[],"product_brand":[],"product_cat":[47],"product_tag":[],"class_list":{"0":"post-9817","1":"product","2":"type-product","3":"status-publish","4":"has-post-thumbnail","6":"product_cat-ksiazki-dvd-download-filmy-dvd","8":"first","9":"instock","10":"purchasable","11":"product-type-simple"},"_links":{"self":[{"href":"https:\/\/magiiik.netstory.com.pl\/index.php?rest_route=\/wp\/v2\/product\/9817","targetHints":{"allow":["GET"]}}],"collection":[{"href":"https:\/\/magiiik.netstory.com.pl\/index.php?rest_route=\/wp\/v2\/product"}],"about":[{"href":"https:\/\/magiiik.netstory.com.pl\/index.php?rest_route=\/wp\/v2\/types\/product"}],"replies":[{"embeddable":true,"href":"https:\/\/magiiik.netstory.com.pl\/index.php?rest_route=%2Fwp%2Fv2%2Fcomments&post=9817"}],"wp:featuredmedia":[{"embeddable":true,"href":"https:\/\/magiiik.netstory.com.pl\/index.php?rest_route=\/wp\/v2\/media\/9818"}],"wp:attachment":[{"href":"https:\/\/magiiik.netstory.com.pl\/index.php?rest_route=%2Fwp%2Fv2%2Fmedia&parent=9817"}],"wp:term":[{"taxonomy":"product_brand","embeddable":true,"href":"https:\/\/magiiik.netstory.com.pl\/index.php?rest_route=%2Fwp%2Fv2%2Fproduct_brand&post=9817"},{"taxonomy":"product_cat","embeddable":true,"href":"https:\/\/magiiik.netstory.com.pl\/index.php?rest_route=%2Fwp%2Fv2%2Fproduct_cat&post=9817"},{"taxonomy":"product_tag","embeddable":true,"href":"https:\/\/magiiik.netstory.com.pl\/index.php?rest_route=%2Fwp%2Fv2%2Fproduct_tag&post=9817"}],"curies":[{"name":"wp","href":"https:\/\/api.w.org\/{rel}","templated":true}]}}