{"id":9814,"date":"2025-09-19T13:28:44","date_gmt":"2025-09-19T11:28:44","guid":{"rendered":"https:\/\/magiiik.netstory.com.pl\/produkt\/digital-graffiti-2-dvd-by-david-peck\/"},"modified":"2025-09-19T13:28:49","modified_gmt":"2025-09-19T11:28:49","slug":"digital-graffiti-2-dvd-by-david-peck","status":"publish","type":"product","link":"https:\/\/magiiik.netstory.com.pl\/?product=digital-graffiti-2-dvd-by-david-peck","title":{"rendered":"Digital Graffiti (2 DVD) by David Peck"},"content":{"rendered":"<p style=\"text-align: center;\"><span style=\"font-size: 12pt; font-family: arial, helvetica, sans-serif;\"><strong>David Peck<\/strong> jest nagrodzonym, kanadyjskim magikiem, m\u00f3wc\u0105 i wyk\u0142adowc\u0105.\u00a0<\/span><\/p>\n<p style=\"text-align: center;\"><span style=\"font-size: 12pt; font-family: arial, helvetica, sans-serif;\"><strong>Digital Graffiti<\/strong> to pierwsze DVD<strong> David<\/strong>&#8217;a. Materia\u0142 obejmuje ponad 20 lat jego do\u015bwiadczenia. Pisa\u0142, oraz pojawia\u0142 si\u0119 go\u015bcinnie w wi\u0119kszo\u015bci magicznych czasopism, np. <strong>Genii<\/strong>. Materia\u0142 na tych DVD jest praktyczny, obejmuje kompletne rutyny i procedury trick\u00f3w z kartami, monetami, zapa\u0142kami, kostkami cukru itd.<strong> Ka\u017cdy efekt jest dok\u0142adnie wyja\u015bniony, w spos\u00f3b szczeg\u00f3\u0142owy zaprezentowany.<\/strong><\/span><\/p>\n<p style=\"text-align: center;\">\u00a0<\/p>\n<p style=\"text-align: center;\"><span style=\"font-size: 12pt; font-family: arial, helvetica, sans-serif;\"><strong><iframe loading=\"lazy\" src=\"\/\/www.youtube.com\/embed\/-yo1XK0OXBo\" width=\"572\" height=\"350\"><\/iframe><\/strong><\/span><\/p>\n<p style=\"text-align: center;\"><span style=\"font-size: 12pt; font-family: arial, helvetica, sans-serif;\">DVD 1 &#8211; oko\u0142o 1 godz., 56 min.<\/span><\/p>\n<p style=\"text-align: center;\"><span style=\"font-size: 12pt; font-family: arial, helvetica, sans-serif;\">DVD 2 &#8211; oko\u0142o 1 godz., 6 min.<\/span><\/p>\n<p style=\"text-align: center;\">\u00a0<\/p>\n<p style=\"text-align: center;\"><strong><span style=\"font-size: 12pt; font-family: arial, helvetica, sans-serif;\">Polecamy,<\/span><\/strong><\/p>\n<p style=\"text-align: center;\"><strong><span style=\"font-size: 12pt; font-family: arial, helvetica, sans-serif;\">magiiik.pl<\/span><\/strong><\/p>\n","protected":false},"excerpt":{"rendered":"<p><strong>Digital Graffiti (2 DVD) by David Peck\u00a0<\/strong><\/p>\n","protected":false},"featured_media":9815,"comment_status":"closed","ping_status":"open","template":"","meta":[],"product_brand":[],"product_cat":[47],"product_tag":[],"class_list":{"0":"post-9814","1":"product","2":"type-product","3":"status-publish","4":"has-post-thumbnail","6":"product_cat-ksiazki-dvd-download-filmy-dvd","8":"first","9":"instock","10":"purchasable","11":"product-type-simple"},"_links":{"self":[{"href":"https:\/\/magiiik.netstory.com.pl\/index.php?rest_route=\/wp\/v2\/product\/9814","targetHints":{"allow":["GET"]}}],"collection":[{"href":"https:\/\/magiiik.netstory.com.pl\/index.php?rest_route=\/wp\/v2\/product"}],"about":[{"href":"https:\/\/magiiik.netstory.com.pl\/index.php?rest_route=\/wp\/v2\/types\/product"}],"replies":[{"embeddable":true,"href":"https:\/\/magiiik.netstory.com.pl\/index.php?rest_route=%2Fwp%2Fv2%2Fcomments&post=9814"}],"wp:featuredmedia":[{"embeddable":true,"href":"https:\/\/magiiik.netstory.com.pl\/index.php?rest_route=\/wp\/v2\/media\/9815"}],"wp:attachment":[{"href":"https:\/\/magiiik.netstory.com.pl\/index.php?rest_route=%2Fwp%2Fv2%2Fmedia&parent=9814"}],"wp:term":[{"taxonomy":"product_brand","embeddable":true,"href":"https:\/\/magiiik.netstory.com.pl\/index.php?rest_route=%2Fwp%2Fv2%2Fproduct_brand&post=9814"},{"taxonomy":"product_cat","embeddable":true,"href":"https:\/\/magiiik.netstory.com.pl\/index.php?rest_route=%2Fwp%2Fv2%2Fproduct_cat&post=9814"},{"taxonomy":"product_tag","embeddable":true,"href":"https:\/\/magiiik.netstory.com.pl\/index.php?rest_route=%2Fwp%2Fv2%2Fproduct_tag&post=9814"}],"curies":[{"name":"wp","href":"https:\/\/api.w.org\/{rel}","templated":true}]}}