{"id":9812,"date":"2025-09-19T13:28:44","date_gmt":"2025-09-19T11:28:44","guid":{"rendered":"https:\/\/magiiik.netstory.com.pl\/produkt\/alien-concepts-part-2-by-anthony-asimov-dvd\/"},"modified":"2025-09-19T13:28:48","modified_gmt":"2025-09-19T11:28:48","slug":"alien-concepts-part-2-by-anthony-asimov-dvd","status":"publish","type":"product","link":"https:\/\/magiiik.netstory.com.pl\/?product=alien-concepts-part-2-by-anthony-asimov-dvd","title":{"rendered":"Alien Concepts (Part 2) by Anthony Asimov (DVD)"},"content":{"rendered":"<p style=\"text-align: center;\"><span style=\"font-size: 12pt; font-family: arial, helvetica, sans-serif;\"><strong>ALIEN CONCEPTS<\/strong>, seria DVD <strong>Anthony Asimov<\/strong>, to film urzekaj\u0105cy swoj\u0105 kreatywno\u015bci\u0105, zupe\u0142nie nie z tej ziemi!<\/span><\/p>\n<p style=\"text-align: center;\"><span style=\"font-size: 12pt; font-family: arial, helvetica, sans-serif;\">To DVD to a\u017c <strong>45-minutowe show<\/strong> Asimov&#8217;a, ponad <strong>2 godziny z wyja\u015bnieniem<\/strong> tych pilnie strze\u017conych trick\u00f3w (np. efekt magiczny przy u\u017cyciu kamiennych czaszek i kart Tarota). Asimov zabierze Ci\u0119 w zupe\u0142nie inny \u015bwiat i poka\u017ce, \u017ce magia mo\u017ce by\u0107 jeszcze inna!\u00a0<\/span><\/p>\n<p style=\"text-align: center;\">\u00a0<\/p>\n<p style=\"text-align: center;\"><span style=\"font-size: 12pt; font-family: arial, helvetica, sans-serif;\"><iframe loading=\"lazy\" src=\"\/\/www.youtube.com\/embed\/Dz-XhBEFegE\" width=\"610\" height=\"350\"><\/iframe><\/span><\/p>\n<p style=\"text-align: center;\">\u00a0<\/p>\n<p style=\"text-align: center;\"><strong><span style=\"font-size: 12pt; font-family: arial, helvetica, sans-serif;\">Polecamy,<\/span><\/strong><\/p>\n<p style=\"text-align: center;\"><strong><span style=\"font-size: 12pt; font-family: arial, helvetica, sans-serif;\">magiiik.pl<\/span><\/strong><\/p>\n<p>\u00a0<\/p>\n<p>\u00a0<\/p>\n","protected":false},"excerpt":{"rendered":"<p><strong>Alien Concepts (Part 2) by Anthony Asimov (DVD)<\/strong><\/p>\n","protected":false},"featured_media":9813,"comment_status":"closed","ping_status":"open","template":"","meta":[],"product_brand":[],"product_cat":[47],"product_tag":[],"class_list":{"0":"post-9812","1":"product","2":"type-product","3":"status-publish","4":"has-post-thumbnail","6":"product_cat-ksiazki-dvd-download-filmy-dvd","8":"first","9":"instock","10":"purchasable","11":"product-type-simple"},"_links":{"self":[{"href":"https:\/\/magiiik.netstory.com.pl\/index.php?rest_route=\/wp\/v2\/product\/9812","targetHints":{"allow":["GET"]}}],"collection":[{"href":"https:\/\/magiiik.netstory.com.pl\/index.php?rest_route=\/wp\/v2\/product"}],"about":[{"href":"https:\/\/magiiik.netstory.com.pl\/index.php?rest_route=\/wp\/v2\/types\/product"}],"replies":[{"embeddable":true,"href":"https:\/\/magiiik.netstory.com.pl\/index.php?rest_route=%2Fwp%2Fv2%2Fcomments&post=9812"}],"wp:featuredmedia":[{"embeddable":true,"href":"https:\/\/magiiik.netstory.com.pl\/index.php?rest_route=\/wp\/v2\/media\/9813"}],"wp:attachment":[{"href":"https:\/\/magiiik.netstory.com.pl\/index.php?rest_route=%2Fwp%2Fv2%2Fmedia&parent=9812"}],"wp:term":[{"taxonomy":"product_brand","embeddable":true,"href":"https:\/\/magiiik.netstory.com.pl\/index.php?rest_route=%2Fwp%2Fv2%2Fproduct_brand&post=9812"},{"taxonomy":"product_cat","embeddable":true,"href":"https:\/\/magiiik.netstory.com.pl\/index.php?rest_route=%2Fwp%2Fv2%2Fproduct_cat&post=9812"},{"taxonomy":"product_tag","embeddable":true,"href":"https:\/\/magiiik.netstory.com.pl\/index.php?rest_route=%2Fwp%2Fv2%2Fproduct_tag&post=9812"}],"curies":[{"name":"wp","href":"https:\/\/api.w.org\/{rel}","templated":true}]}}