{"id":9802,"date":"2025-09-19T13:28:44","date_gmt":"2025-09-19T11:28:44","guid":{"rendered":"https:\/\/magiiik.netstory.com.pl\/produkt\/uncaged-by-finix-chan-and-skymember-dvd\/"},"modified":"2025-09-19T13:28:46","modified_gmt":"2025-09-19T11:28:46","slug":"uncaged-by-finix-chan-and-skymember-dvd","status":"publish","type":"product","link":"https:\/\/magiiik.netstory.com.pl\/?product=uncaged-by-finix-chan-and-skymember-dvd","title":{"rendered":"Uncaged by Finix Chan and Skymember (DVD)"},"content":{"rendered":"<p style=\"text-align: center;\"><strong><span style=\"font-size: 12pt; font-family: arial, helvetica, sans-serif;\">Gumy do \u017cucia to ju\u017c jeden z podstawowych rekwizyt\u00f3w, kt\u00f3re wykorzystuj\u0105 magicy na ca\u0142ym \u015bwiecie.\u00a0<\/span><\/strong><\/p>\n<p style=\"text-align: center;\"><span style=\"font-size: 12pt; font-family: arial, helvetica, sans-serif;\"><strong>Finix Chan<\/strong> przedstawia w tym filmie bardzo wizualny efekt z paczk\u0105 gum do \u017cucia. Przedstawia Pa\u0144stwu &#8222;<strong><span style=\"color: #ff0000;\">UN<\/span>CAGED<\/strong>&#8222;&#8230;<\/span><\/p>\n<p style=\"text-align: center;\">\u00a0<\/p>\n<p style=\"text-align: center;\"><span style=\"font-size: 12pt; font-family: arial, helvetica, sans-serif;\"><iframe loading=\"lazy\" src=\"\/\/www.youtube.com\/embed\/4afl72UrePo\" width=\"647\" height=\"350\"><\/iframe><\/span><\/p>\n<p style=\"text-align: center;\">\u00a0<\/p>\n<p style=\"text-align: center;\">\u00a0<\/p>\n<p style=\"text-align: center;\"><span style=\"font-size: 12pt; font-family: arial, helvetica, sans-serif;\">Magik prezentuje dwa zamkni\u0119te, zafoliowane opakowania gum do \u017cucia, a nast\u0119pnie prosi widza, aby ten wybra\u0142 jedno. Wybrane opakowanie l\u0105duje do tylnej kieszeni. Teraz nast\u0119puje b\u0142yskawiczna zmiana koloru opakowania. Widz wyci\u0105ga z kieszeni drugie opakowanie i okazuje si\u0119, \u017ce zosta\u0142y one zamienione! Na koniec tricku ka\u017cdy mo\u017ce otworzy\u0107 swoje gumy i sprawdzi\u0107, \u017ce nic nie jest w \u017caden spos\u00f3b spreparowane.<\/span><\/p>\n<p style=\"text-align: center;\"><strong><span style=\"font-size: 12pt; font-family: arial, helvetica, sans-serif;\">Polecamy,<\/span><\/strong><\/p>\n<p style=\"text-align: center;\"><strong><span style=\"font-size: 12pt; font-family: arial, helvetica, sans-serif;\">magiiik.pl<\/span><\/strong><\/p>\n","protected":false},"excerpt":{"rendered":"<p><strong>Uncaged by Finix Chan and Skymember (DVD)<\/strong><\/p>\n","protected":false},"featured_media":9803,"comment_status":"closed","ping_status":"open","template":"","meta":[],"product_brand":[],"product_cat":[47],"product_tag":[],"class_list":{"0":"post-9802","1":"product","2":"type-product","3":"status-publish","4":"has-post-thumbnail","6":"product_cat-ksiazki-dvd-download-filmy-dvd","8":"first","9":"instock","10":"purchasable","11":"product-type-simple"},"_links":{"self":[{"href":"https:\/\/magiiik.netstory.com.pl\/index.php?rest_route=\/wp\/v2\/product\/9802","targetHints":{"allow":["GET"]}}],"collection":[{"href":"https:\/\/magiiik.netstory.com.pl\/index.php?rest_route=\/wp\/v2\/product"}],"about":[{"href":"https:\/\/magiiik.netstory.com.pl\/index.php?rest_route=\/wp\/v2\/types\/product"}],"replies":[{"embeddable":true,"href":"https:\/\/magiiik.netstory.com.pl\/index.php?rest_route=%2Fwp%2Fv2%2Fcomments&post=9802"}],"wp:featuredmedia":[{"embeddable":true,"href":"https:\/\/magiiik.netstory.com.pl\/index.php?rest_route=\/wp\/v2\/media\/9803"}],"wp:attachment":[{"href":"https:\/\/magiiik.netstory.com.pl\/index.php?rest_route=%2Fwp%2Fv2%2Fmedia&parent=9802"}],"wp:term":[{"taxonomy":"product_brand","embeddable":true,"href":"https:\/\/magiiik.netstory.com.pl\/index.php?rest_route=%2Fwp%2Fv2%2Fproduct_brand&post=9802"},{"taxonomy":"product_cat","embeddable":true,"href":"https:\/\/magiiik.netstory.com.pl\/index.php?rest_route=%2Fwp%2Fv2%2Fproduct_cat&post=9802"},{"taxonomy":"product_tag","embeddable":true,"href":"https:\/\/magiiik.netstory.com.pl\/index.php?rest_route=%2Fwp%2Fv2%2Fproduct_tag&post=9802"}],"curies":[{"name":"wp","href":"https:\/\/api.w.org\/{rel}","templated":true}]}}