{"id":9795,"date":"2025-09-19T13:28:05","date_gmt":"2025-09-19T11:28:05","guid":{"rendered":"https:\/\/magiiik.netstory.com.pl\/produkt\/secrets-of-my-magic-limitowana-edycja-by-david-devant-ksiazka\/"},"modified":"2025-09-19T13:28:35","modified_gmt":"2025-09-19T11:28:35","slug":"secrets-of-my-magic-limitowana-edycja-by-david-devant-ksiazka","status":"publish","type":"product","link":"https:\/\/magiiik.netstory.com.pl\/?product=secrets-of-my-magic-limitowana-edycja-by-david-devant-ksiazka","title":{"rendered":"Secrets of my magic (limitowana edycja) by David Devant (ksi\u0105\u017cka)"},"content":{"rendered":"<p><span style=\"font-size: 12pt; font-family: arial, helvetica, sans-serif;\">To historyczna ksi\u0105\u017cka, w kt\u00f3rej znajdziesz poni\u017csze tricki i procedury:<\/span><\/p>\n<p><span style=\"font-size: 12pt; font-family: arial, helvetica, sans-serif;\"><strong><strong style=\"color: #444444; font-size: 13px; font-family: Arial, sans-serif;\">Introduction (S.H. Sharpe)<\/strong><br style=\"color: #444444; font-size: 13px; font-family: Arial, sans-serif;\" \/><br style=\"color: #444444; font-size: 13px; font-family: Arial, sans-serif;\" \/><strong style=\"color: #444444; font-size: 13px; font-family: Arial, sans-serif;\">Chapter I Card Magic<\/strong><\/strong><\/span><\/p>\n<ul style=\"color: #444444; font-size: 13px; font-family: Arial, sans-serif;\">\n<li><span style=\"font-size: 12pt; font-family: arial, helvetica, sans-serif;\">Misdirection of the Senses<\/span><\/li>\n<li><span style=\"font-size: 12pt; font-family: arial, helvetica, sans-serif;\">How Cards are Forced<\/span><\/li>\n<li><span style=\"font-size: 12pt; font-family: arial, helvetica, sans-serif;\">Tricks with Forcing Cards<\/span><\/li>\n<li><span style=\"font-size: 12pt; font-family: arial, helvetica, sans-serif;\">The Pass and the False Shuffle<\/span><\/li>\n<\/ul>\n<p><span style=\"font-size: 12pt; font-family: arial, helvetica, sans-serif;\"><strong><strong style=\"color: #444444; font-size: 13px; font-family: Arial, sans-serif;\">Chapter II Card Magic (continued)<\/strong><\/strong><\/span><\/p>\n<ul style=\"color: #444444; font-size: 13px; font-family: Arial, sans-serif;\">\n<li><span style=\"font-size: 12pt; font-family: arial, helvetica, sans-serif;\">The Art of Palming Cards<\/span><\/li>\n<li><span style=\"font-size: 12pt; font-family: arial, helvetica, sans-serif;\">Changing a Card<\/span><\/li>\n<li><span style=\"font-size: 12pt; font-family: arial, helvetica, sans-serif;\">La Carte Generale and How it is Done<\/span><\/li>\n<li><span style=\"font-size: 12pt; font-family: arial, helvetica, sans-serif;\">The Multitude of Cards Trick<\/span><\/li>\n<\/ul>\n<p><span style=\"font-size: 12pt; font-family: arial, helvetica, sans-serif;\"><strong><strong style=\"color: #444444; font-size: 13px; font-family: Arial, sans-serif;\">Chapter III Billiard Ball Magic<\/strong><\/strong><\/span><\/p>\n<ul style=\"color: #444444; font-size: 13px; font-family: Arial, sans-serif;\">\n<li><span style=\"font-size: 12pt; font-family: arial, helvetica, sans-serif;\">Multiplication of Billiard Balls<\/span><\/li>\n<li><span style=\"font-size: 12pt; font-family: arial, helvetica, sans-serif;\">Transformation of Balls into Eggs<\/span><\/li>\n<li><span style=\"font-size: 12pt; font-family: arial, helvetica, sans-serif;\">Transfers, Sleights, and Apparatus Used in Ball Conjuring<\/span><\/li>\n<li><span style=\"font-size: 12pt; font-family: arial, helvetica, sans-serif;\">Sleights<\/span><\/li>\n<li><span style=\"font-size: 12pt; font-family: arial, helvetica, sans-serif;\">Apparent Transfer With Palm<\/span><\/li>\n<li><span style=\"font-size: 12pt; font-family: arial, helvetica, sans-serif;\">Aparent Transfer With Finger-Palm<\/span><\/li>\n<li><span style=\"font-size: 12pt; font-family: arial, helvetica, sans-serif;\">Apparent Transfer by Combination Palm<\/span><\/li>\n<li><span style=\"font-size: 12pt; font-family: arial, helvetica, sans-serif;\">Preparations<\/span><\/li>\n<\/ul>\n<p><span style=\"font-size: 12pt; font-family: arial, helvetica, sans-serif;\"><strong><strong style=\"color: #444444; font-size: 13px; font-family: Arial, sans-serif;\">Chapter IV Billiard Ball Magic (continued)<\/strong><\/strong><\/span><\/p>\n<ul style=\"color: #444444; font-size: 13px; font-family: Arial, sans-serif;\">\n<li><span style=\"font-size: 12pt; font-family: arial, helvetica, sans-serif;\">How to Present a Billiard Ball Illusion<\/span><\/li>\n<li><span style=\"font-size: 12pt; font-family: arial, helvetica, sans-serif;\">The Cup and Balls Trick: with transformation of Balls into Oranges<\/span><\/li>\n<\/ul>\n<p><span style=\"font-size: 12pt; font-family: arial, helvetica, sans-serif;\"><strong><strong style=\"color: #444444; font-size: 13px; font-family: Arial, sans-serif;\">Chapter V Flower Magic<\/strong><\/strong><\/span><\/p>\n<ul style=\"color: #444444; font-size: 13px; font-family: Arial, sans-serif;\">\n<li><span style=\"font-size: 12pt; font-family: arial, helvetica, sans-serif;\">The Dream of the Dove Illusion<\/span><\/li>\n<li><span style=\"font-size: 12pt; font-family: arial, helvetica, sans-serif;\">Flower Materialisation<\/span><\/li>\n<li><span style=\"font-size: 12pt; font-family: arial, helvetica, sans-serif;\">Bautier&#8217;s Flower Trick: Devant&#8217;s version<\/span><\/li>\n<li><span style=\"font-size: 12pt; font-family: arial, helvetica, sans-serif;\">Producing Blooms from Seeds<\/span><\/li>\n<li><span style=\"font-size: 12pt; font-family: arial, helvetica, sans-serif;\">he Mascot Moth<\/span><\/li>\n<li><span style=\"font-size: 12pt; font-family: arial, helvetica, sans-serif;\">The Electric Conservatory and The Beast Who Turns into a Prince<\/span><\/li>\n<\/ul>\n<p><span style=\"font-size: 12pt; font-family: arial, helvetica, sans-serif;\"><strong><strong style=\"color: #444444; font-size: 13px; font-family: Arial, sans-serif;\">Chapter VI Opening Illusions<\/strong><\/strong><\/span><\/p>\n<ul style=\"color: #444444; font-size: 13px; font-family: Arial, sans-serif;\">\n<li><span style=\"font-size: 12pt; font-family: arial, helvetica, sans-serif;\">Producing a Rabbit from a Top Hat<\/span><\/li>\n<li><span style=\"font-size: 12pt; font-family: arial, helvetica, sans-serif;\">Importance of Details: How Maskelyne Began<\/span><\/li>\n<\/ul>\n<p><span style=\"font-size: 12pt; font-family: arial, helvetica, sans-serif;\"><strong><strong style=\"color: #444444; font-size: 13px; font-family: Arial, sans-serif;\">Chapter VII Mechanical Magic<\/strong><\/strong><\/span><\/p>\n<ul style=\"color: #444444; font-size: 13px; font-family: Arial, sans-serif;\">\n<li><span style=\"font-size: 12pt; font-family: arial, helvetica, sans-serif;\">The Golliwog Ball<\/span><\/li>\n<li><span style=\"font-size: 12pt; font-family: arial, helvetica, sans-serif;\">Juggling with Milk<\/span><\/li>\n<li><span style=\"font-size: 12pt; font-family: arial, helvetica, sans-serif;\">The Paper, Ribbon and Flag Trick explained<\/span><\/li>\n<\/ul>\n<p><span style=\"font-size: 12pt; font-family: arial, helvetica, sans-serif;\"><strong><strong style=\"color: #444444; font-size: 13px; font-family: Arial, sans-serif;\">Chapter VIII Famous Illusions Revealed<\/strong><strong style=\"color: #444444; font-size: 13px; font-family: Arial, sans-serif;\">Chapter IX More Famous Illusions<\/strong><\/strong><\/span><\/p>\n<ul style=\"color: #444444; font-size: 13px; font-family: Arial, sans-serif;\">\n<li><span style=\"font-size: 12pt; font-family: arial, helvetica, sans-serif;\">Beau Brocade<\/span><\/li>\n<li><span style=\"font-size: 12pt; font-family: arial, helvetica, sans-serif;\">The New Page-Boy<\/span><\/li>\n<li><span style=\"font-size: 12pt; font-family: arial, helvetica, sans-serif;\">The Mystery of the Magic Mirror<\/span><\/li>\n<\/ul>\n<p><span style=\"font-size: 12pt; font-family: arial, helvetica, sans-serif;\"><strong><strong style=\"color: #444444; font-size: 13px; font-family: Arial, sans-serif;\">Chapter X Egg Magic<\/strong><\/strong><\/span><\/p>\n<ul style=\"color: #444444; font-size: 13px; font-family: Arial, sans-serif;\">\n<li><span style=\"font-size: 12pt; font-family: arial, helvetica, sans-serif;\">A Boy, a Girl, and Some Eggs<\/span><\/li>\n<li><span style=\"font-size: 12pt; font-family: arial, helvetica, sans-serif;\">Hatching a Chicken from an Egg<\/span><\/li>\n<li><span style=\"font-size: 12pt; font-family: arial, helvetica, sans-serif;\">The Egg-Bag Trick Improved<\/span><\/li>\n<\/ul>\n<p><span style=\"font-size: 12pt; font-family: arial, helvetica, sans-serif;\"><strong><strong style=\"color: #444444; font-size: 13px; font-family: Arial, sans-serif;\">Chapter XI The Indian Rope Trick<\/strong><\/strong><\/span><\/p>\n<ul style=\"color: #444444; font-size: 13px; font-family: Arial, sans-serif;\">\n<li><span style=\"font-size: 12pt; font-family: arial, helvetica, sans-serif;\">A Stage Version of this Mythical Illusion Presented and Explained<\/span><\/li>\n<\/ul>\n<p><span style=\"font-size: 12pt; font-family: arial, helvetica, sans-serif;\"><strong><strong style=\"color: #444444; font-size: 13px; font-family: Arial, sans-serif;\">Chapter XII Magical Mysteries<\/strong><\/strong><\/span><\/p>\n<ul style=\"color: #444444; font-size: 13px; font-family: Arial, sans-serif;\">\n<li><span style=\"font-size: 12pt; font-family: arial, helvetica, sans-serif;\">The Window of the Haunted House<\/span><\/li>\n<li><span style=\"font-size: 12pt; font-family: arial, helvetica, sans-serif;\">The Ink that Becomes Water<\/span><\/li>\n<li><span style=\"font-size: 12pt; font-family: arial, helvetica, sans-serif;\">The Chocolate Soldier Illusion or The Man who Diminishes<\/span><\/li>\n<\/ul>\n<p><span style=\"font-size: 12pt; font-family: arial, helvetica, sans-serif;\"><strong><strong style=\"color: #444444; font-size: 13px; font-family: Arial, sans-serif;\">Chapter XIII More Magical Mysteries<\/strong><\/strong><\/span><\/p>\n<ul style=\"color: #444444; font-size: 13px; font-family: Arial, sans-serif;\">\n<li><span style=\"font-size: 12pt; font-family: arial, helvetica, sans-serif;\">The Obliging Kettle: Wines and Liqueurs from a Kettle<\/span><\/li>\n<li><span style=\"font-size: 12pt; font-family: arial, helvetica, sans-serif;\">The Burmese Gong Illusion<\/span><\/li>\n<li><span style=\"font-size: 12pt; font-family: arial, helvetica, sans-serif;\">The Magician who Vanishes Himself<\/span><\/li>\n<\/ul>\n<p><span style=\"font-size: 12pt; font-family: arial, helvetica, sans-serif;\"><strong><strong style=\"color: #444444; font-size: 13px; font-family: Arial, sans-serif;\">Chapter XIV Magical Sketches<\/strong><\/strong><\/span><\/p>\n<ul style=\"color: #444444; font-size: 13px; font-family: Arial, sans-serif;\">\n<li><span style=\"font-size: 12pt; font-family: arial, helvetica, sans-serif;\">St. Valentine&#8217;s Eve, or The Envelope which Becomes a Girl<\/span><\/li>\n<li><span style=\"font-size: 12pt; font-family: arial, helvetica, sans-serif;\">The Enchanted Hive Illusion<\/span><\/li>\n<li><span style=\"font-size: 12pt; font-family: arial, helvetica, sans-serif;\">The Great Ghost Trick<\/span><\/li>\n<\/ul>\n<p><span style=\"font-size: 12pt; font-family: arial, helvetica, sans-serif;\"><strong><strong style=\"color: #444444; font-size: 13px; font-family: Arial, sans-serif;\">Chapter XV Masterpieces of Magic<\/strong><\/strong><\/span><\/p>\n<ul style=\"color: #444444; font-size: 13px; font-family: Arial, sans-serif;\">\n<li><span style=\"font-size: 12pt; font-family: arial, helvetica, sans-serif;\">Borrowed Bill Shot Into Candle<\/span><\/li>\n<li><span style=\"font-size: 12pt; font-family: arial, helvetica, sans-serif;\">Biff, or The Disappearing Motor-Cyclist<\/span><\/li>\n<li><span style=\"font-size: 12pt; font-family: arial, helvetica, sans-serif;\">The Gnome&#8217;s Grot<\/span><\/li>\n<li><span style=\"font-size: 12pt; font-family: arial, helvetica, sans-serif;\">The Educated Fly Illusion<\/span><\/li>\n<\/ul>\n<p><span style=\"font-size: 12pt; font-family: arial, helvetica, sans-serif;\"><strong><strong style=\"color: #444444; font-size: 13px; font-family: Arial, sans-serif;\">Chapter XVI Mental Magic<\/strong><\/strong><\/span><\/p>\n<ul style=\"color: #444444; font-size: 13px; font-family: Arial, sans-serif;\">\n<li><span style=\"font-size: 12pt; font-family: arial, helvetica, sans-serif;\">Thought-Reading Extraordinary<\/span><\/li>\n<li><span style=\"font-size: 12pt; font-family: arial, helvetica, sans-serif;\">Articles and Actions<\/span><\/li>\n<li><span style=\"font-size: 12pt; font-family: arial, helvetica, sans-serif;\">The Secrets of Mental Magnetism<\/span><\/li>\n<li><span style=\"font-size: 12pt; font-family: arial, helvetica, sans-serif;\">Translucidation, or The Blindfold Letter-Reader<\/span><\/li>\n<\/ul>\n<p><span style=\"font-size: 12pt; font-family: arial, helvetica, sans-serif;\"><strong><strong style=\"color: #444444; font-size: 13px; font-family: Arial, sans-serif;\">Chapter XVII Three Unproduced Illusions<\/strong><\/strong><\/span><\/p>\n<ul style=\"color: #444444; font-size: 13px; font-family: Arial, sans-serif;\">\n<li><span style=\"font-size: 12pt; font-family: arial, helvetica, sans-serif;\">The Advent of Peter Pan<\/span><\/li>\n<li><span style=\"font-size: 12pt; font-family: arial, helvetica, sans-serif;\">Transformation<\/span><\/li>\n<li><span style=\"font-size: 12pt; font-family: arial, helvetica, sans-serif;\">The Cage of Good Luck<\/span><\/li>\n<\/ul>\n<p><span style=\"font-size: 12pt; font-family: arial, helvetica, sans-serif;\"><strong><strong style=\"color: #444444; font-size: 13px; font-family: Arial, sans-serif;\">Chapter XVIII Creating an Illusion<\/strong><\/strong><\/span><\/p>\n<ul style=\"color: #444444; font-size: 13px; font-family: Arial, sans-serif;\">\n<li><span style=\"font-size: 12pt; font-family: arial, helvetica, sans-serif;\">Ideas and Effects<\/span><\/li>\n<li><span style=\"font-size: 12pt; font-family: arial, helvetica, sans-serif;\">A Novel Illusion<\/span><\/li>\n<li><span style=\"font-size: 12pt; font-family: arial, helvetica, sans-serif;\">The Man who Makes Money<\/span><\/li>\n<li><span style=\"font-size: 12pt; font-family: arial, helvetica, sans-serif;\">Misrepresentation<\/span><\/li>\n<\/ul>\n<p><span style=\"font-size: 12pt; font-family: arial, helvetica, sans-serif;\"><strong><strong style=\"color: #444444; font-size: 13px; font-family: Arial, sans-serif;\">Chapter XIX Some Awkward Moments<\/strong><\/strong><\/span><\/p>\n<ul style=\"color: #444444; font-size: 13px; font-family: Arial, sans-serif;\">\n<li><span style=\"font-size: 12pt; font-family: arial, helvetica, sans-serif;\">In the Eyes of the Law<\/span><\/li>\n<li><span style=\"font-size: 12pt; font-family: arial, helvetica, sans-serif;\">An Unexpected Wetting<\/span><\/li>\n<li><span style=\"font-size: 12pt; font-family: arial, helvetica, sans-serif;\">The Gunpowder Plot<\/span><\/li>\n<\/ul>\n<p><span style=\"font-size: 12pt; font-family: arial, helvetica, sans-serif;\"><strong><strong style=\"color: #444444; font-size: 13px; font-family: Arial, sans-serif;\">Chapter XX Magic of My Contemporaries<\/strong><\/strong><\/span><\/p>\n<ul style=\"color: #444444; font-size: 13px; font-family: Arial, sans-serif;\">\n<li><span style=\"font-size: 12pt; font-family: arial, helvetica, sans-serif;\">A New Method for the Spirit Slates (Oswald Williams)<\/span><\/li>\n<li><span style=\"font-size: 12pt; font-family: arial, helvetica, sans-serif;\">The Card and Tack Trick (Horace Goldin)<\/span><\/li>\n<li><span style=\"font-size: 12pt; font-family: arial, helvetica, sans-serif;\">Invisible Dye (Douglas Dexter)<\/span><\/li>\n<li><span style=\"font-size: 12pt; font-family: arial, helvetica, sans-serif;\">A New Thought-Wave Experiment (H. Park Shackleton)<\/span><\/li>\n<li><span style=\"font-size: 12pt; font-family: arial, helvetica, sans-serif;\">Surprising Finish to Cigarette Production (Len Burnell)<\/span><\/li>\n<li><span style=\"font-size: 12pt; font-family: arial, helvetica, sans-serif;\">The Spirit Message (G. W. Eade)<\/span><\/li>\n<li><span style=\"font-size: 12pt; font-family: arial, helvetica, sans-serif;\">\u00a31000 Challenge Effect (Fred Hocking)<\/span><\/li>\n<li><span style=\"font-size: 12pt; font-family: arial, helvetica, sans-serif;\">A &#8222;Tee Bee&#8221; Effect (Tom Burnett)<\/span><\/li>\n<li><span style=\"font-size: 12pt; font-family: arial, helvetica, sans-serif;\">Misdirection (Arthur Sherwood)<\/span><\/li>\n<\/ul>\n<p><span style=\"font-size: 12pt; font-family: arial, helvetica, sans-serif;\"><strong><strong style=\"color: #444444; font-size: 13px; font-family: Arial, sans-serif;\">Chapter XXI Magic of My Contemporaries (continued)<\/strong><\/strong><\/span><\/p>\n<ul style=\"color: #444444; font-size: 13px; font-family: Arial, sans-serif;\">\n<li><span style=\"font-size: 12pt; font-family: arial, helvetica, sans-serif;\">A.B.C. Watch and Card Trick (Herbert J. Collings)<\/span><\/li>\n<li><span style=\"font-size: 12pt; font-family: arial, helvetica, sans-serif;\">A Pack of Cards (Graham Adams)<\/span><\/li>\n<li><span style=\"font-size: 12pt; font-family: arial, helvetica, sans-serif;\">The Caledonian Mystery (W. Donald Forsyth)<\/span><\/li>\n<li><span style=\"font-size: 12pt; font-family: arial, helvetica, sans-serif;\">The Diminishing Card Trick (Edward Victor)<\/span><\/li>\n<li><span style=\"font-size: 12pt; font-family: arial, helvetica, sans-serif;\">The Indestructible Handkerchief (Allen Benbow)<\/span><\/li>\n<li><span style=\"font-size: 12pt; font-family: arial, helvetica, sans-serif;\">The Torn Strip of Paper (Ralph Delvin)<\/span><\/li>\n<li><span style=\"font-size: 12pt; font-family: arial, helvetica, sans-serif;\">The Miracle Paper (Ellis Stanyon)<\/span><\/li>\n<li><span style=\"font-size: 12pt; font-family: arial, helvetica, sans-serif;\">Handkerchief, Tumbler, and Flowers (Will Blyth)<\/span><\/li>\n<li><span style=\"font-size: 12pt; font-family: arial, helvetica, sans-serif;\">The Allottment (Vincent Dalban)<\/span><\/li>\n<li><span style=\"font-size: 12pt; font-family: arial, helvetica, sans-serif;\">Shopping by Wireless (Ralph Chart)<\/span><\/li>\n<li><span style=\"font-size: 12pt; font-family: arial, helvetica, sans-serif;\">Blindfold Card Reading (George Johnson)<\/span><\/li>\n<li><span style=\"font-size: 12pt; font-family: arial, helvetica, sans-serif;\">The Vanity Bag Illusion (Cecil Lyle)<\/span><\/li>\n<li><span style=\"font-size: 12pt; font-family: arial, helvetica, sans-serif;\">The Presto Painting Mystery (W. G. Stickland)<\/span><\/li>\n<li><span style=\"font-size: 12pt; font-family: arial, helvetica, sans-serif;\">The Optical Pass (Chris Van Bern)<\/span><\/li>\n<li><span style=\"font-size: 12pt; font-family: arial, helvetica, sans-serif;\">New Spirit Message Effect (Oswald Rae)<\/span><\/li>\n<li><span style=\"font-size: 12pt; font-family: arial, helvetica, sans-serif;\">Coin and Card Divination (Edward Bagshawe)<\/span><\/li>\n<li><span style=\"font-size: 12pt; font-family: arial, helvetica, sans-serif;\">The Multiple Laundry Mystery (Kershaw Thomas)<\/span><\/li>\n<li><span style=\"font-size: 12pt; font-family: arial, helvetica, sans-serif;\">Tests of the Court Magician (Francis White)<\/span><\/li>\n<li><span style=\"font-size: 12pt; font-family: arial, helvetica, sans-serif;\">Early Days of Magic (Charles Moritt)<\/span><\/li>\n<li><span style=\"font-size: 12pt; font-family: arial, helvetica, sans-serif;\">The Mystery of Asrah (Servais Le Roy)<\/span><\/li>\n<li><span style=\"font-size: 12pt; font-family: arial, helvetica, sans-serif;\">The Sunshade Trick (L. Davenport)<\/span><\/li>\n<\/ul>\n<p><span style=\"font-size: 12pt; font-family: arial, helvetica, sans-serif;\"><strong><strong style=\"color: #444444; font-size: 13px; font-family: Arial, sans-serif;\">Appendix<\/strong><\/strong><\/span><\/p>\n<ul style=\"color: #444444; font-size: 13px; font-family: Arial, sans-serif;\">\n<li><span style=\"font-size: 12pt; font-family: arial, helvetica, sans-serif;\">Notes for the Construction of Conservatory in The Advent of Peter Pan Illusion<\/span><\/li>\n<\/ul>\n<p>\u00a0<\/p>\n<p><span style=\"font-size: 12pt; font-family: arial, helvetica, sans-serif;\">288 stron, pe\u0142ne ilustracje.<\/span><\/p>\n<p>\u00a0<\/p>\n<p><strong><span style=\"font-size: 12pt; font-family: arial, helvetica, sans-serif;\">Polecamy,<\/span><\/strong><\/p>\n<p><strong><span style=\"font-size: 12pt; font-family: arial, helvetica, sans-serif;\">magiiik.pl<\/span><\/strong><\/p>\n","protected":false},"excerpt":{"rendered":"<p><strong>Secrets of my magic (limitowana edycja) by David Devant<\/strong><\/p>\n","protected":false},"featured_media":9796,"comment_status":"closed","ping_status":"open","template":"","meta":[],"product_brand":[],"product_cat":[56],"product_tag":[],"class_list":{"0":"post-9795","1":"product","2":"type-product","3":"status-publish","4":"has-post-thumbnail","6":"product_cat-ksiazki-dvd-download-ksiazki","8":"first","9":"instock","10":"purchasable","11":"product-type-simple"},"_links":{"self":[{"href":"https:\/\/magiiik.netstory.com.pl\/index.php?rest_route=\/wp\/v2\/product\/9795","targetHints":{"allow":["GET"]}}],"collection":[{"href":"https:\/\/magiiik.netstory.com.pl\/index.php?rest_route=\/wp\/v2\/product"}],"about":[{"href":"https:\/\/magiiik.netstory.com.pl\/index.php?rest_route=\/wp\/v2\/types\/product"}],"replies":[{"embeddable":true,"href":"https:\/\/magiiik.netstory.com.pl\/index.php?rest_route=%2Fwp%2Fv2%2Fcomments&post=9795"}],"wp:featuredmedia":[{"embeddable":true,"href":"https:\/\/magiiik.netstory.com.pl\/index.php?rest_route=\/wp\/v2\/media\/9796"}],"wp:attachment":[{"href":"https:\/\/magiiik.netstory.com.pl\/index.php?rest_route=%2Fwp%2Fv2%2Fmedia&parent=9795"}],"wp:term":[{"taxonomy":"product_brand","embeddable":true,"href":"https:\/\/magiiik.netstory.com.pl\/index.php?rest_route=%2Fwp%2Fv2%2Fproduct_brand&post=9795"},{"taxonomy":"product_cat","embeddable":true,"href":"https:\/\/magiiik.netstory.com.pl\/index.php?rest_route=%2Fwp%2Fv2%2Fproduct_cat&post=9795"},{"taxonomy":"product_tag","embeddable":true,"href":"https:\/\/magiiik.netstory.com.pl\/index.php?rest_route=%2Fwp%2Fv2%2Fproduct_tag&post=9795"}],"curies":[{"name":"wp","href":"https:\/\/api.w.org\/{rel}","templated":true}]}}