{"id":9791,"date":"2025-09-19T13:28:05","date_gmt":"2025-09-19T11:28:05","guid":{"rendered":"https:\/\/magiiik.netstory.com.pl\/produkt\/expert-at-the-card-table-journal-by-magic-encarta-notatnik\/"},"modified":"2025-09-19T13:28:33","modified_gmt":"2025-09-19T11:28:33","slug":"expert-at-the-card-table-journal-by-magic-encarta-notatnik","status":"publish","type":"product","link":"https:\/\/magiiik.netstory.com.pl\/?product=expert-at-the-card-table-journal-by-magic-encarta-notatnik","title":{"rendered":"Expert At The Card Table Journal by Magic Encarta (notatnik)"},"content":{"rendered":"<p style=\"text-align: center;\"><span style=\"font-size: 12pt; font-family: arial, helvetica, sans-serif;\">To bardzo oryginalna pozycja, pierwszy raz opublikowana w <strong>1902 roku<\/strong>. Ksi\u0105\u017cka ta jest obecnie uwa\u017cana za bibli\u0119 technik i trick\u00f3w z kartami. <strong>To najlepsza ksi\u0105\u017cka o technice sztuk karcianych, jak\u0105 kiedykolwiek napisano<\/strong>, a jej zawarto\u015b\u0107 jest tak samo cenna dzi\u015b, jak i sto lat temu.\u00a0<\/span><\/p>\n<p style=\"text-align: center;\"><span style=\"font-size: 12pt; font-family: arial, helvetica, sans-serif;\">Je\u015bli jeste\u015b mi\u0142o\u015bnikiem trick\u00f3w z kartami do gry, to pokochasz t\u0105 ksi\u0105\u017ck\u0119, kt\u00f3ra da Ci mas\u0119 ciekawych pomys\u0142\u00f3w do tworzenia nowych procedur.\u00a0<\/span><\/p>\n<p style=\"text-align: center;\"><strong><span style=\"font-size: 12pt; font-family: arial, helvetica, sans-serif; color: #ff0000;\">UWAGA!<\/span><\/strong><\/p>\n<p style=\"text-align: center;\"><strong><span style=\"font-size: 12pt; font-family: arial, helvetica, sans-serif; color: #ff0000;\">Jest to journal (notes) stworzony na podstawie historycznej ksi\u0105\u017cki!<\/span><\/strong><\/p>\n<p style=\"text-align: center;\"><span style=\"font-size: 12pt; font-family: arial, helvetica, sans-serif;\">Twarda oprawa.<\/span><\/p>\n<p style=\"text-align: center;\"><strong><span style=\"font-size: 12pt; font-family: arial, helvetica, sans-serif;\">Polecamy,<\/span><\/strong><\/p>\n<p style=\"text-align: center;\"><strong><span style=\"font-size: 12pt; font-family: arial, helvetica, sans-serif;\">magiiik.pl<\/span><\/strong><\/p>\n<p>\u00a0<\/p>\n","protected":false},"excerpt":{"rendered":"<p><strong>Expert At The Card Table Journal by Magic Encarta\u00a0<\/strong><\/p>\n","protected":false},"featured_media":9792,"comment_status":"closed","ping_status":"open","template":"","meta":[],"product_brand":[],"product_cat":[56],"product_tag":[],"class_list":{"0":"post-9791","1":"product","2":"type-product","3":"status-publish","4":"has-post-thumbnail","6":"product_cat-ksiazki-dvd-download-ksiazki","8":"first","9":"instock","10":"purchasable","11":"product-type-simple"},"_links":{"self":[{"href":"https:\/\/magiiik.netstory.com.pl\/index.php?rest_route=\/wp\/v2\/product\/9791","targetHints":{"allow":["GET"]}}],"collection":[{"href":"https:\/\/magiiik.netstory.com.pl\/index.php?rest_route=\/wp\/v2\/product"}],"about":[{"href":"https:\/\/magiiik.netstory.com.pl\/index.php?rest_route=\/wp\/v2\/types\/product"}],"replies":[{"embeddable":true,"href":"https:\/\/magiiik.netstory.com.pl\/index.php?rest_route=%2Fwp%2Fv2%2Fcomments&post=9791"}],"wp:featuredmedia":[{"embeddable":true,"href":"https:\/\/magiiik.netstory.com.pl\/index.php?rest_route=\/wp\/v2\/media\/9792"}],"wp:attachment":[{"href":"https:\/\/magiiik.netstory.com.pl\/index.php?rest_route=%2Fwp%2Fv2%2Fmedia&parent=9791"}],"wp:term":[{"taxonomy":"product_brand","embeddable":true,"href":"https:\/\/magiiik.netstory.com.pl\/index.php?rest_route=%2Fwp%2Fv2%2Fproduct_brand&post=9791"},{"taxonomy":"product_cat","embeddable":true,"href":"https:\/\/magiiik.netstory.com.pl\/index.php?rest_route=%2Fwp%2Fv2%2Fproduct_cat&post=9791"},{"taxonomy":"product_tag","embeddable":true,"href":"https:\/\/magiiik.netstory.com.pl\/index.php?rest_route=%2Fwp%2Fv2%2Fproduct_tag&post=9791"}],"curies":[{"name":"wp","href":"https:\/\/api.w.org\/{rel}","templated":true}]}}