{"id":9782,"date":"2025-09-19T13:28:05","date_gmt":"2025-09-19T11:28:05","guid":{"rendered":"https:\/\/magiiik.netstory.com.pl\/produkt\/high-spots-by-caleb-wiles-and-vanishing-inc-ksiazka\/"},"modified":"2025-09-19T13:28:28","modified_gmt":"2025-09-19T11:28:28","slug":"high-spots-by-caleb-wiles-and-vanishing-inc-ksiazka","status":"publish","type":"product","link":"https:\/\/magiiik.netstory.com.pl\/?product=high-spots-by-caleb-wiles-and-vanishing-inc-ksiazka","title":{"rendered":"High Spots by Caleb Wiles and Vanishing Inc. (ksi\u0105\u017cka)"},"content":{"rendered":"<p style=\"text-align: center;\"><span style=\"font-size: 12pt; font-family: arial, helvetica, sans-serif;\">Ponad<strong> 70 stron<\/strong> diabolicznej, ca\u0142kiem nowej magii! Rzadko zdarza si\u0119, aby tak \u015bwie\u017ce pomys\u0142y by\u0142y po\u0142\u0105czone z tak dojrza\u0142ym podej\u015bciem i profesjonalizmem!\u00a0<\/span><\/p>\n<p style=\"text-align: center;\"><span style=\"font-size: 12pt; font-family: arial, helvetica, sans-serif;\"><strong>Jest to zbi\u00f3r jedenastu, ca\u0142kowicie nowych, pe\u0142nym procedur z kartami.<\/strong> Tricki s\u0105 tak niesamowite, \u017ce od razu b\u0119dziesz chcia\u0142 je w\u0142\u0105czy\u0107 do swojego repertuaru!<\/span><\/p>\n<p style=\"text-align: center;\"><strong><span style=\"font-size: 12pt; font-family: arial, helvetica, sans-serif;\">Polecamy,<\/span><\/strong><\/p>\n<p style=\"text-align: center;\"><strong><span style=\"font-size: 12pt; font-family: arial, helvetica, sans-serif;\">magiiik.p<\/span>l<\/strong><\/p>\n","protected":false},"excerpt":{"rendered":"<p><strong>High Spots by Caleb Wiles and Vanishing Inc.\u00a0<\/strong><\/p>\n","protected":false},"featured_media":9783,"comment_status":"closed","ping_status":"open","template":"","meta":[],"product_brand":[],"product_cat":[56],"product_tag":[],"class_list":{"0":"post-9782","1":"product","2":"type-product","3":"status-publish","4":"has-post-thumbnail","6":"product_cat-ksiazki-dvd-download-ksiazki","8":"first","9":"instock","10":"purchasable","11":"product-type-simple"},"_links":{"self":[{"href":"https:\/\/magiiik.netstory.com.pl\/index.php?rest_route=\/wp\/v2\/product\/9782","targetHints":{"allow":["GET"]}}],"collection":[{"href":"https:\/\/magiiik.netstory.com.pl\/index.php?rest_route=\/wp\/v2\/product"}],"about":[{"href":"https:\/\/magiiik.netstory.com.pl\/index.php?rest_route=\/wp\/v2\/types\/product"}],"replies":[{"embeddable":true,"href":"https:\/\/magiiik.netstory.com.pl\/index.php?rest_route=%2Fwp%2Fv2%2Fcomments&post=9782"}],"wp:featuredmedia":[{"embeddable":true,"href":"https:\/\/magiiik.netstory.com.pl\/index.php?rest_route=\/wp\/v2\/media\/9783"}],"wp:attachment":[{"href":"https:\/\/magiiik.netstory.com.pl\/index.php?rest_route=%2Fwp%2Fv2%2Fmedia&parent=9782"}],"wp:term":[{"taxonomy":"product_brand","embeddable":true,"href":"https:\/\/magiiik.netstory.com.pl\/index.php?rest_route=%2Fwp%2Fv2%2Fproduct_brand&post=9782"},{"taxonomy":"product_cat","embeddable":true,"href":"https:\/\/magiiik.netstory.com.pl\/index.php?rest_route=%2Fwp%2Fv2%2Fproduct_cat&post=9782"},{"taxonomy":"product_tag","embeddable":true,"href":"https:\/\/magiiik.netstory.com.pl\/index.php?rest_route=%2Fwp%2Fv2%2Fproduct_tag&post=9782"}],"curies":[{"name":"wp","href":"https:\/\/api.w.org\/{rel}","templated":true}]}}