{"id":9780,"date":"2025-09-19T13:28:05","date_gmt":"2025-09-19T11:28:05","guid":{"rendered":"https:\/\/magiiik.netstory.com.pl\/produkt\/the-newsletter-tricks-ksiazka-i-dvd-by-mathieu-bich\/"},"modified":"2025-09-19T13:28:27","modified_gmt":"2025-09-19T11:28:27","slug":"the-newsletter-tricks-ksiazka-i-dvd-by-mathieu-bich","status":"publish","type":"product","link":"https:\/\/magiiik.netstory.com.pl\/?product=the-newsletter-tricks-ksiazka-i-dvd-by-mathieu-bich","title":{"rendered":"The Newsletter Tricks (ksi\u0105\u017cka i DVD) by Mathieu Bich"},"content":{"rendered":"<p style=\"text-align: center;\"><strong><span style=\"font-size: 12pt; font-family: arial, helvetica, sans-serif;\">To pierwszy w historii zestaw (ksi\u0105\u017cka z DVD) Mathieu Bich!<\/span><\/strong><\/p>\n<p style=\"text-align: center;\"><span style=\"font-size: 12pt; font-family: arial, helvetica, sans-serif;\">Otrzymasz <strong>10 sztuczek<\/strong> projektu <strong>&#8222;The Newsletter Tricks&#8221;<\/strong> w tomie pierwszym oraz 5 nowych, nigdy wcze\u015bniej niepublikowanych oraz 2 bonusy! Razem to <strong>a\u017c 17 niesamowitych efekt\u00f3w wizualnych!<\/strong><\/span><\/p>\n<p style=\"text-align: center;\"><span style=\"font-size: 12pt; font-family: arial, helvetica, sans-serif;\">To DVD, kt\u00f3re zawiera prezentacje trick\u00f3w, oraz ksi\u0105\u017cka, kt\u00f3ra szczeg\u00f3\u0142owo t\u0142umaczy, jak wykona\u0107 dany trick, pomog\u0105 Ci nauczy\u0107 si\u0119 tych trick\u00f3w w najprostszy spos\u00f3b.\u00a0<\/span><\/p>\n<p style=\"text-align: center;\"><span style=\"font-size: 12pt; font-family: arial, helvetica, sans-serif;\"><iframe loading=\"lazy\" src=\"\/\/www.youtube.com\/embed\/dL0xRGgBGWA\" width=\"559\" height=\"350\"><\/iframe><\/span><\/p>\n<p style=\"text-align: left;\"><span style=\"font-size: 12pt; font-family: arial, helvetica, sans-serif;\">Znajdziesz tu mi\u0119dzy innymi poni\u017csze tricki:<\/span><\/p>\n<ul style=\"color: #444444; font-size: 13px; font-family: Arial, sans-serif; text-align: center;\">\n<li style=\"text-align: left;\"><em><span style=\"font-size: 12pt; font-family: arial, helvetica, sans-serif;\">A card chosen that floats out of the deck as if magnetized by your fingers<\/span><\/em><\/li>\n<li style=\"text-align: left;\"><em><span style=\"font-size: 12pt; font-family: arial, helvetica, sans-serif;\">A twisted card that pops back to the top of a deck placed on the table<\/span><\/em><\/li>\n<li style=\"text-align: left;\"><em><span style=\"font-size: 12pt; font-family: arial, helvetica, sans-serif;\">A card that changes colors before your eyes as it passes through the deck<\/span><\/em><\/li>\n<li style=\"text-align: left;\"><em><span style=\"font-size: 12pt; font-family: arial, helvetica, sans-serif;\">Matches that disappear from under one card to appear under another<\/span><\/em><\/li>\n<li style=\"text-align: left;\"><em><span style=\"font-size: 12pt; font-family: arial, helvetica, sans-serif;\">A card chosen at random that turns into your real credit card<\/span><\/em><\/li>\n<li style=\"text-align: left;\"><em><span style=\"font-size: 12pt; font-family: arial, helvetica, sans-serif;\">A new technique for doing an acrobatic double lift&#8230;<\/span><\/em><\/li>\n<li style=\"text-align: left;\"><em><span style=\"font-size: 12pt; font-family: arial, helvetica, sans-serif;\">A card that levitates a few inches over the deck<\/span><\/em><\/li>\n<li style=\"text-align: left;\"><em><span style=\"font-size: 12pt; font-family: arial, helvetica, sans-serif;\">An instant sandwich effect before your eyes<\/span><\/em><\/li>\n<li style=\"text-align: left;\"><em><span style=\"font-size: 12pt; font-family: arial, helvetica, sans-serif;\">i inne.<\/span><\/em><\/li>\n<\/ul>\n<p style=\"text-align: left;\"><span style=\"font-size: 12pt; font-family: arial, helvetica, sans-serif;\">Czas filmu DVD oko\u0142o 15 minut.<\/span><\/p>\n<p style=\"text-align: left;\"><span style=\"font-size: 12pt; font-family: arial, helvetica, sans-serif;\">Liczba stron ksi\u0105\u017cki: 62.\u00a0<\/span><\/p>\n<p style=\"text-align: center;\">Wi\u0119kszo\u015b\u0107 tu prezentowanych sztuczek wymaga dodatkowo, opr\u00f3cz talii kart, np. ta\u015bmy klej\u0105cej itp. Dzi\u0119ki temu b\u0119dziesz m\u00f3g\u0142 zdzia\u0142a\u0107 prawdziwe cuda!\u00a0<\/p>\n<p style=\"text-align: center;\"><strong>Polecamy,<\/strong><\/p>\n<p style=\"text-align: center;\"><strong>magiiik.pl<\/strong><\/p>\n<p style=\"text-align: left;\">\u00a0<\/p>\n<p style=\"text-align: left;\">\u00a0<\/p>\n<p style=\"text-align: left;\">\u00a0<\/p>\n","protected":false},"excerpt":{"rendered":"<p><strong>The Newsletter Tricks (ksi\u0105\u017cka i DVD) by Mathieu Bich\u00a0<\/strong><\/p>\n","protected":false},"featured_media":9781,"comment_status":"closed","ping_status":"open","template":"","meta":[],"product_brand":[],"product_cat":[56],"product_tag":[],"class_list":{"0":"post-9780","1":"product","2":"type-product","3":"status-publish","4":"has-post-thumbnail","6":"product_cat-ksiazki-dvd-download-ksiazki","8":"first","9":"instock","10":"purchasable","11":"product-type-simple"},"_links":{"self":[{"href":"https:\/\/magiiik.netstory.com.pl\/index.php?rest_route=\/wp\/v2\/product\/9780","targetHints":{"allow":["GET"]}}],"collection":[{"href":"https:\/\/magiiik.netstory.com.pl\/index.php?rest_route=\/wp\/v2\/product"}],"about":[{"href":"https:\/\/magiiik.netstory.com.pl\/index.php?rest_route=\/wp\/v2\/types\/product"}],"replies":[{"embeddable":true,"href":"https:\/\/magiiik.netstory.com.pl\/index.php?rest_route=%2Fwp%2Fv2%2Fcomments&post=9780"}],"wp:featuredmedia":[{"embeddable":true,"href":"https:\/\/magiiik.netstory.com.pl\/index.php?rest_route=\/wp\/v2\/media\/9781"}],"wp:attachment":[{"href":"https:\/\/magiiik.netstory.com.pl\/index.php?rest_route=%2Fwp%2Fv2%2Fmedia&parent=9780"}],"wp:term":[{"taxonomy":"product_brand","embeddable":true,"href":"https:\/\/magiiik.netstory.com.pl\/index.php?rest_route=%2Fwp%2Fv2%2Fproduct_brand&post=9780"},{"taxonomy":"product_cat","embeddable":true,"href":"https:\/\/magiiik.netstory.com.pl\/index.php?rest_route=%2Fwp%2Fv2%2Fproduct_cat&post=9780"},{"taxonomy":"product_tag","embeddable":true,"href":"https:\/\/magiiik.netstory.com.pl\/index.php?rest_route=%2Fwp%2Fv2%2Fproduct_tag&post=9780"}],"curies":[{"name":"wp","href":"https:\/\/api.w.org\/{rel}","templated":true}]}}