{"id":9767,"date":"2025-09-19T13:28:05","date_gmt":"2025-09-19T11:28:05","guid":{"rendered":"https:\/\/magiiik.netstory.com.pl\/produkt\/memento-mori-playing-cards\/"},"modified":"2025-09-19T13:28:19","modified_gmt":"2025-09-19T11:28:19","slug":"memento-mori-playing-cards","status":"publish","type":"product","link":"https:\/\/magiiik.netstory.com.pl\/?product=memento-mori-playing-cards","title":{"rendered":"Memento Mori Playing Cards"},"content":{"rendered":"<p style=\"text-align: center;\"><strong><span style=\"font-size: 12pt; font-family: arial, helvetica, sans-serif;\">Memento Mori &#8211; pami\u0119taj o \u015bmierci<\/span><\/strong><\/p>\n<p style=\"text-align: center;\"><span style=\"font-size: 12pt; font-family: arial, helvetica, sans-serif;\">Refleksja nad \u015bmiertelno\u015bci\u0105 jest wszechobecn\u0105 cz\u0119\u015bci\u0105 ludzkiej kultury od wiek\u00f3w. Od filozofii, po sztuk\u0119. Fascynacja i strach kszta\u0142towa\u0142y nasz\u0105 wyobra\u017ani\u0119. Wielu ludzi na \u015bwiecie trzyma r\u00f3\u017cne artefakty i pami\u0105tki, kt\u00f3re stale przypominaj\u0105, \u017ce jedyn\u0105 pewn\u0105 rzecz\u0105 w \u017cyciu jest \u015bmier\u0107.\u00a0<\/span><\/p>\n<p style=\"text-align: center;\"><span style=\"font-size: 12pt; font-family: arial, helvetica, sans-serif;\">Wielu historyk\u00f3w uwa\u017ca, \u017ce karty do gry reprezentowa\u0142y du\u017co g\u0142\u0119bsze, ezoteryczne znaczenie. Ka\u017cdy str\u00f3j by\u0142 odzwierciedleniem pory roku, kolory symbolizowa\u0142y fazy ksi\u0119\u017cyca, 52 karty w talii stanowi\u0142y 52 tygodnie w roku itd.\u00a0<\/span><\/p>\n<p style=\"text-align: center;\"><span style=\"font-size: 12pt; font-family: arial, helvetica, sans-serif;\"><iframe loading=\"lazy\" src=\"\/\/www.youtube.com\/embed\/JRjoFltXdJ8\" width=\"605\" height=\"350\"><\/iframe><\/span><\/p>\n<p style=\"text-align: center;\"><span style=\"font-size: 12pt; font-family: arial, helvetica, sans-serif;\">Niech ta talia kart b\u0119dzie Twoim &#8222;Memento Mori&#8221;&#8230;<\/span><\/p>\n<p style=\"text-align: center;\"><strong><span style=\"font-size: 12pt; font-family: arial, helvetica, sans-serif;\">Polecamy,<\/span><\/strong><\/p>\n<p style=\"text-align: center;\"><strong><span style=\"font-size: 12pt; font-family: arial, helvetica, sans-serif;\">magiiik.pl<\/span><\/strong><\/p>\n","protected":false},"excerpt":{"rendered":"<p><strong>Memento Mori Playing Cards\u00a0<\/strong><\/p>\n","protected":false},"featured_media":9768,"comment_status":"closed","ping_status":"open","template":"","meta":[],"product_brand":[],"product_cat":[46],"product_tag":[],"class_list":{"0":"post-9767","1":"product","2":"type-product","3":"status-publish","4":"has-post-thumbnail","6":"product_cat-mikro-iluzja-close-up-karty-kolekcjonerskie","8":"first","9":"instock","10":"purchasable","11":"product-type-simple"},"_links":{"self":[{"href":"https:\/\/magiiik.netstory.com.pl\/index.php?rest_route=\/wp\/v2\/product\/9767","targetHints":{"allow":["GET"]}}],"collection":[{"href":"https:\/\/magiiik.netstory.com.pl\/index.php?rest_route=\/wp\/v2\/product"}],"about":[{"href":"https:\/\/magiiik.netstory.com.pl\/index.php?rest_route=\/wp\/v2\/types\/product"}],"replies":[{"embeddable":true,"href":"https:\/\/magiiik.netstory.com.pl\/index.php?rest_route=%2Fwp%2Fv2%2Fcomments&post=9767"}],"wp:featuredmedia":[{"embeddable":true,"href":"https:\/\/magiiik.netstory.com.pl\/index.php?rest_route=\/wp\/v2\/media\/9768"}],"wp:attachment":[{"href":"https:\/\/magiiik.netstory.com.pl\/index.php?rest_route=%2Fwp%2Fv2%2Fmedia&parent=9767"}],"wp:term":[{"taxonomy":"product_brand","embeddable":true,"href":"https:\/\/magiiik.netstory.com.pl\/index.php?rest_route=%2Fwp%2Fv2%2Fproduct_brand&post=9767"},{"taxonomy":"product_cat","embeddable":true,"href":"https:\/\/magiiik.netstory.com.pl\/index.php?rest_route=%2Fwp%2Fv2%2Fproduct_cat&post=9767"},{"taxonomy":"product_tag","embeddable":true,"href":"https:\/\/magiiik.netstory.com.pl\/index.php?rest_route=%2Fwp%2Fv2%2Fproduct_tag&post=9767"}],"curies":[{"name":"wp","href":"https:\/\/api.w.org\/{rel}","templated":true}]}}