{"id":9735,"date":"2025-09-19T13:27:42","date_gmt":"2025-09-19T11:27:42","guid":{"rendered":"https:\/\/magiiik.netstory.com.pl\/produkt\/high-quality-plastic-eggs-plastikowe-jajka-by-the-great-gorgonzola\/"},"modified":"2025-09-19T13:27:55","modified_gmt":"2025-09-19T11:27:55","slug":"high-quality-plastic-eggs-plastikowe-jajka-by-the-great-gorgonzola","status":"publish","type":"product","link":"https:\/\/magiiik.netstory.com.pl\/?product=high-quality-plastic-eggs-plastikowe-jajka-by-the-great-gorgonzola","title":{"rendered":"High Quality Plastic Eggs (plastikowe jajka) by The Great Gorgonzola"},"content":{"rendered":"<p style=\"text-align: center;\"><span style=\"font-size: 12pt; font-family: arial, helvetica, sans-serif;\"><strong>Plastikowe jajka<\/strong> najcz\u0119\u015bciej s\u0105 wykorzystywane przy rutynie <strong>Egg Bag<\/strong>, gdy\u017c w por\u00f3wnaniu do drewnianych jajek, s\u0105 lekkie i nie odznaczaj\u0105 si\u0119 w torbie. Mo\u017cna je wykorzysta\u0107 r\u00f3wnie\u017c przy produkcji, ale maj\u0105 zastosowanie tak\u017ce w dziesi\u0105tkach innych efekt\u00f3w magicznych.<\/span><\/p>\n<p style=\"text-align: center;\"><span style=\"font-size: 12pt; font-family: arial, helvetica, sans-serif;\">Jajka w \u015brodku s\u0105 puste.<\/span><\/p>\n<p style=\"text-align: center;\"><strong><span style=\"font-size: 12pt; font-family: arial, helvetica, sans-serif;\">UWAGA!<\/span><\/strong><\/p>\n<p style=\"text-align: center;\"><strong><span style=\"font-size: 12pt; font-family: arial, helvetica, sans-serif;\">Cena za sztuk\u0119.<\/span><\/strong><\/p>\n<p style=\"text-align: center;\">\u00a0<\/p>\n<p>\u00a0<\/p>\n","protected":false},"excerpt":{"rendered":"<p><strong>High Quality Plastic Eggs by The Great Gorgonzola\u00a0<\/strong><\/p>\n","protected":false},"featured_media":9736,"comment_status":"closed","ping_status":"open","template":"","meta":[],"product_brand":[],"product_cat":[72],"product_tag":[],"class_list":{"0":"post-9735","1":"product","2":"type-product","3":"status-publish","4":"has-post-thumbnail","6":"product_cat-akcesoria-jajka-i-egg-bags","8":"first","9":"instock","10":"purchasable","11":"product-type-simple"},"_links":{"self":[{"href":"https:\/\/magiiik.netstory.com.pl\/index.php?rest_route=\/wp\/v2\/product\/9735","targetHints":{"allow":["GET"]}}],"collection":[{"href":"https:\/\/magiiik.netstory.com.pl\/index.php?rest_route=\/wp\/v2\/product"}],"about":[{"href":"https:\/\/magiiik.netstory.com.pl\/index.php?rest_route=\/wp\/v2\/types\/product"}],"replies":[{"embeddable":true,"href":"https:\/\/magiiik.netstory.com.pl\/index.php?rest_route=%2Fwp%2Fv2%2Fcomments&post=9735"}],"wp:featuredmedia":[{"embeddable":true,"href":"https:\/\/magiiik.netstory.com.pl\/index.php?rest_route=\/wp\/v2\/media\/9736"}],"wp:attachment":[{"href":"https:\/\/magiiik.netstory.com.pl\/index.php?rest_route=%2Fwp%2Fv2%2Fmedia&parent=9735"}],"wp:term":[{"taxonomy":"product_brand","embeddable":true,"href":"https:\/\/magiiik.netstory.com.pl\/index.php?rest_route=%2Fwp%2Fv2%2Fproduct_brand&post=9735"},{"taxonomy":"product_cat","embeddable":true,"href":"https:\/\/magiiik.netstory.com.pl\/index.php?rest_route=%2Fwp%2Fv2%2Fproduct_cat&post=9735"},{"taxonomy":"product_tag","embeddable":true,"href":"https:\/\/magiiik.netstory.com.pl\/index.php?rest_route=%2Fwp%2Fv2%2Fproduct_tag&post=9735"}],"curies":[{"name":"wp","href":"https:\/\/api.w.org\/{rel}","templated":true}]}}