{"id":9731,"date":"2025-09-19T13:27:42","date_gmt":"2025-09-19T11:27:42","guid":{"rendered":"https:\/\/magiiik.netstory.com.pl\/produkt\/zig-zag-lady-by-mr-magic\/"},"modified":"2025-09-19T13:27:54","modified_gmt":"2025-09-19T11:27:54","slug":"zig-zag-lady-by-mr-magic","status":"publish","type":"product","link":"https:\/\/magiiik.netstory.com.pl\/?product=zig-zag-lady-by-mr-magic","title":{"rendered":"Zig Zag Lady by Mr. Magic"},"content":{"rendered":"<p style=\"font-size: 12px; font-family: Tahoma, Arial, sans-serif; text-align: center;\"><span style=\"font-size: 12pt; font-family: arial, helvetica, sans-serif;\">Magik prezentuje ma\u0142\u0105 plastikow\u0105 ramk\u0119 maj\u0105c\u0105 4 male\u0144kie okienka. Trzy z tych okienek s\u0105 po lewej stronie, jedno po prawej. Nast\u0119pnie magik pokazuje zwyk\u0142\u0105 kart\u0119 z wizerunkiem dziewczyny i umieszcza j\u0105 w ramce. Karta jest wyra\u017anie widoczna przez prawe okienko, przesuni\u0119ta dalej jest widoczna w lewych okienkach. Mo\u017cna pokaza\u0107 ramk\u0119 z obu stron. Teraz kilka magicznych ruch\u00f3w i kart\u0119 mo\u017cna przeci\u0105gn\u0105\u0107 za \u015brodkow\u0105 cz\u0119\u015b\u0107, co daje wra\u017cenie, jakby karta zosta\u0142a przeci\u0119ta na 3 kawa\u0142ki! Teraz magik z powrotem przeci\u0105ga brakuj\u0105c\u0105 cz\u0119\u015b\u0107 na swoje miejsce i wyci\u0105ga ca\u0142\u0105, nienaruszon\u0105 kart\u0119.\u00a0<\/span><\/p>\n<p style=\"font-size: 12px; font-family: Tahoma, Arial, sans-serif; text-align: center;\"><span style=\"font-size: 12pt; font-family: arial, helvetica, sans-serif;\">Bardzo prosty trick magiczny, ale daj\u0105cy niesamowity efekt u widz\u00f3w.<\/span><\/p>\n<p style=\"font-size: 12px; font-family: Tahoma, Arial, sans-serif; text-align: center;\"><strong><span style=\"font-size: 12pt; font-family: arial, helvetica, sans-serif;\">Polecamy,<\/span><\/strong><\/p>\n<p style=\"font-size: 12px; font-family: Tahoma, Arial, sans-serif; text-align: center;\"><strong><span style=\"font-size: 12pt; font-family: arial, helvetica, sans-serif;\">magiiik.pl<\/span><\/strong><\/p>\n<p style=\"font-size: 12px; font-family: Tahoma, Arial, sans-serif;\"><strong>\u00a0<\/strong><\/p>\n","protected":false},"excerpt":{"rendered":"<p><strong>Zig Zag Lady by Mr. Magic\u00a0<\/strong><\/p>\n","protected":false},"featured_media":9732,"comment_status":"closed","ping_status":"open","template":"","meta":[],"product_brand":[],"product_cat":[41],"product_tag":[],"class_list":{"0":"post-9731","1":"product","2":"type-product","3":"status-publish","4":"has-post-thumbnail","6":"product_cat-mikro-iluzja-close-up-efekty-z-kartami","8":"first","9":"instock","10":"purchasable","11":"product-type-simple"},"_links":{"self":[{"href":"https:\/\/magiiik.netstory.com.pl\/index.php?rest_route=\/wp\/v2\/product\/9731","targetHints":{"allow":["GET"]}}],"collection":[{"href":"https:\/\/magiiik.netstory.com.pl\/index.php?rest_route=\/wp\/v2\/product"}],"about":[{"href":"https:\/\/magiiik.netstory.com.pl\/index.php?rest_route=\/wp\/v2\/types\/product"}],"replies":[{"embeddable":true,"href":"https:\/\/magiiik.netstory.com.pl\/index.php?rest_route=%2Fwp%2Fv2%2Fcomments&post=9731"}],"wp:featuredmedia":[{"embeddable":true,"href":"https:\/\/magiiik.netstory.com.pl\/index.php?rest_route=\/wp\/v2\/media\/9732"}],"wp:attachment":[{"href":"https:\/\/magiiik.netstory.com.pl\/index.php?rest_route=%2Fwp%2Fv2%2Fmedia&parent=9731"}],"wp:term":[{"taxonomy":"product_brand","embeddable":true,"href":"https:\/\/magiiik.netstory.com.pl\/index.php?rest_route=%2Fwp%2Fv2%2Fproduct_brand&post=9731"},{"taxonomy":"product_cat","embeddable":true,"href":"https:\/\/magiiik.netstory.com.pl\/index.php?rest_route=%2Fwp%2Fv2%2Fproduct_cat&post=9731"},{"taxonomy":"product_tag","embeddable":true,"href":"https:\/\/magiiik.netstory.com.pl\/index.php?rest_route=%2Fwp%2Fv2%2Fproduct_tag&post=9731"}],"curies":[{"name":"wp","href":"https:\/\/api.w.org\/{rel}","templated":true}]}}