{"id":9727,"date":"2025-09-19T13:27:42","date_gmt":"2025-09-19T11:27:42","guid":{"rendered":"https:\/\/magiiik.netstory.com.pl\/produkt\/clear-penetration-by-mr-magic\/"},"modified":"2025-09-19T13:27:52","modified_gmt":"2025-09-19T11:27:52","slug":"clear-penetration-by-mr-magic","status":"publish","type":"product","link":"https:\/\/magiiik.netstory.com.pl\/?product=clear-penetration-by-mr-magic","title":{"rendered":"Clear Penetration by Mr. Magic"},"content":{"rendered":"<p style=\"text-align: center;\"><span style=\"font-size: 12pt; font-family: arial, helvetica, sans-serif;\">Magik pokazuje kawa\u0142ek szybki zamkni\u0119tej w plastikowej ramce. Wk\u0142ada kart\u0119 do gry mi\u0119dzy szybk\u0119 a kawa\u0142ek plastiku z okr\u0105g\u0142ym otworem. W tym momencie magik przebija na wylot szybk\u0119 razem z kart\u0105. Okazuje si\u0119 jednak, \u017ce po usuni\u0119ciu karty, tylko ona jest przebita na wylot, szybka jednak zosta\u0142a nienaruszona.\u00a0<\/span><\/p>\n<p style=\"text-align: center;\"><span style=\"font-size: 12pt; font-family: arial, helvetica, sans-serif;\">Bardzo prosty i klasyczny efekt magiczny, przede wszystkim dla dzieci.<\/span><\/p>\n<p style=\"text-align: center;\"><strong><span style=\"font-size: 12pt; font-family: arial, helvetica, sans-serif;\">Polecamy,<\/span><\/strong><\/p>\n<p style=\"text-align: center;\"><strong><span style=\"font-size: 12pt; font-family: arial, helvetica, sans-serif;\">magiiik.pl<\/span><\/strong><\/p>\n","protected":false},"excerpt":{"rendered":"<p><strong>Clear Penetration by Mr. Magic<\/strong><\/p>\n","protected":false},"featured_media":9728,"comment_status":"closed","ping_status":"open","template":"","meta":[],"product_brand":[],"product_cat":[41],"product_tag":[],"class_list":{"0":"post-9727","1":"product","2":"type-product","3":"status-publish","4":"has-post-thumbnail","6":"product_cat-mikro-iluzja-close-up-efekty-z-kartami","8":"first","9":"instock","10":"purchasable","11":"product-type-simple"},"_links":{"self":[{"href":"https:\/\/magiiik.netstory.com.pl\/index.php?rest_route=\/wp\/v2\/product\/9727","targetHints":{"allow":["GET"]}}],"collection":[{"href":"https:\/\/magiiik.netstory.com.pl\/index.php?rest_route=\/wp\/v2\/product"}],"about":[{"href":"https:\/\/magiiik.netstory.com.pl\/index.php?rest_route=\/wp\/v2\/types\/product"}],"replies":[{"embeddable":true,"href":"https:\/\/magiiik.netstory.com.pl\/index.php?rest_route=%2Fwp%2Fv2%2Fcomments&post=9727"}],"wp:featuredmedia":[{"embeddable":true,"href":"https:\/\/magiiik.netstory.com.pl\/index.php?rest_route=\/wp\/v2\/media\/9728"}],"wp:attachment":[{"href":"https:\/\/magiiik.netstory.com.pl\/index.php?rest_route=%2Fwp%2Fv2%2Fmedia&parent=9727"}],"wp:term":[{"taxonomy":"product_brand","embeddable":true,"href":"https:\/\/magiiik.netstory.com.pl\/index.php?rest_route=%2Fwp%2Fv2%2Fproduct_brand&post=9727"},{"taxonomy":"product_cat","embeddable":true,"href":"https:\/\/magiiik.netstory.com.pl\/index.php?rest_route=%2Fwp%2Fv2%2Fproduct_cat&post=9727"},{"taxonomy":"product_tag","embeddable":true,"href":"https:\/\/magiiik.netstory.com.pl\/index.php?rest_route=%2Fwp%2Fv2%2Fproduct_tag&post=9727"}],"curies":[{"name":"wp","href":"https:\/\/api.w.org\/{rel}","templated":true}]}}