{"id":9715,"date":"2025-09-19T13:27:42","date_gmt":"2025-09-19T11:27:42","guid":{"rendered":"https:\/\/magiiik.netstory.com.pl\/produkt\/foam-frog-gabczaki-zaba-by-magic-by-gosh\/"},"modified":"2025-09-19T13:27:49","modified_gmt":"2025-09-19T11:27:49","slug":"foam-frog-gabczaki-zaba-by-magic-by-gosh","status":"publish","type":"product","link":"https:\/\/magiiik.netstory.com.pl\/?product=foam-frog-gabczaki-zaba-by-magic-by-gosh","title":{"rendered":"Foam Frog (g\u0105bczaki \u017caba) by Magic by Gosh"},"content":{"rendered":"<p style=\"text-align: center;\"><span style=\"font-size: 12pt; font-family: arial, helvetica, sans-serif;\"><strong>Foam Frog (g\u0105bczaki \u017caba) by Magic by Gosh\u00a0<\/strong><\/span><\/p>\n<p style=\"text-align: center;\"><font face=\"arial, helvetica, sans-serif\"><span style=\"font-size: 16px;\"><strong>d\u0142ugo\u015b\u0107: 10 cm.<\/strong><\/span><\/font><\/p>\n","protected":false},"excerpt":{"rendered":"<p><strong>Foam Frog (g\u0105bczaki \u017caba) by Magic by Gosh\u00a0<\/strong><\/p>\n","protected":false},"featured_media":9716,"comment_status":"closed","ping_status":"open","template":"","meta":[],"product_brand":[],"product_cat":[33],"product_tag":[],"class_list":{"0":"post-9715","1":"product","2":"type-product","3":"status-publish","4":"has-post-thumbnail","6":"product_cat-akcesoria-sponge-gabczaki","8":"first","9":"instock","10":"purchasable","11":"product-type-simple"},"_links":{"self":[{"href":"https:\/\/magiiik.netstory.com.pl\/index.php?rest_route=\/wp\/v2\/product\/9715","targetHints":{"allow":["GET"]}}],"collection":[{"href":"https:\/\/magiiik.netstory.com.pl\/index.php?rest_route=\/wp\/v2\/product"}],"about":[{"href":"https:\/\/magiiik.netstory.com.pl\/index.php?rest_route=\/wp\/v2\/types\/product"}],"replies":[{"embeddable":true,"href":"https:\/\/magiiik.netstory.com.pl\/index.php?rest_route=%2Fwp%2Fv2%2Fcomments&post=9715"}],"wp:featuredmedia":[{"embeddable":true,"href":"https:\/\/magiiik.netstory.com.pl\/index.php?rest_route=\/wp\/v2\/media\/9716"}],"wp:attachment":[{"href":"https:\/\/magiiik.netstory.com.pl\/index.php?rest_route=%2Fwp%2Fv2%2Fmedia&parent=9715"}],"wp:term":[{"taxonomy":"product_brand","embeddable":true,"href":"https:\/\/magiiik.netstory.com.pl\/index.php?rest_route=%2Fwp%2Fv2%2Fproduct_brand&post=9715"},{"taxonomy":"product_cat","embeddable":true,"href":"https:\/\/magiiik.netstory.com.pl\/index.php?rest_route=%2Fwp%2Fv2%2Fproduct_cat&post=9715"},{"taxonomy":"product_tag","embeddable":true,"href":"https:\/\/magiiik.netstory.com.pl\/index.php?rest_route=%2Fwp%2Fv2%2Fproduct_tag&post=9715"}],"curies":[{"name":"wp","href":"https:\/\/api.w.org\/{rel}","templated":true}]}}