{"id":9690,"date":"2025-09-19T13:27:07","date_gmt":"2025-09-19T11:27:07","guid":{"rendered":"https:\/\/magiiik.netstory.com.pl\/produkt\/noc-v3s-gaff-deck-black-by-the-blue-crown\/"},"modified":"2025-09-19T13:27:30","modified_gmt":"2025-09-19T11:27:30","slug":"noc-v3s-gaff-deck-black-by-the-blue-crown","status":"publish","type":"product","link":"https:\/\/magiiik.netstory.com.pl\/?product=noc-v3s-gaff-deck-black-by-the-blue-crown","title":{"rendered":"NOC V3S Gaff Deck (Black) by The Blue Crown"},"content":{"rendered":"<p style=\"text-align: center;\"><span style=\"font-size: 12pt; font-family: arial, helvetica, sans-serif;\">W\u0142a\u015bnie w tym momencie Twoje czarne karty <strong>NOC<\/strong> dostan\u0105 jeszcze du\u017co wi\u0119cej!<\/span><\/p>\n<p style=\"text-align: center;\"><span style=\"font-size: 12pt; font-family: arial, helvetica, sans-serif;\">Producent sp\u0119dzi\u0142 wiele miesi\u0119cy, aby stworzy\u0107 niezwyk\u0142y projekt, dzi\u0119ki kt\u00f3remu wprowadzenie na rynek czarnych <strong>NOC GAFF<\/strong> przejdzie do historii! Otrzymasz <strong>54 karty GAFF<\/strong>, dzi\u0119ki czemu b\u0119dziesz m\u00f3g\u0142 wykonywa\u0107 jeszcze bardziej niesamowite efekty magiczne!<\/span><\/p>\n<p style=\"text-align: center;\"><span style=\"font-size: 12pt; font-family: arial, helvetica, sans-serif;\">Dla fan\u00f3w mentalizmu r\u00f3wnie\u017c znajdzie si\u0119 co\u015b wspania\u0142ego &#8211; czarne <strong>NOC ESP<\/strong> \ud83d\ude00<\/span><\/p>\n<p style=\"text-align: center;\"><span style=\"font-size: 12pt; font-family: arial, helvetica, sans-serif;\">Nie by\u0142o \u0142atwe utrzymanie tego projektu w tajemnicy, ale ju\u017c wszyscy mog\u0105 o nim wiedzie\u0107 i cieszy\u0107 si\u0119 jego geniuszem!<\/span><\/p>\n<p style=\"text-align: center;\"><span style=\"font-size: 12pt; font-family: arial, helvetica, sans-serif;\"><iframe loading=\"lazy\" src=\"\/\/www.youtube.com\/embed\/lGvGhG0as60\" width=\"616\" height=\"355\"><\/iframe><\/span><\/p>\n<p style=\"text-align: center;\"><span style=\"font-size: 12pt; font-family: arial, helvetica, sans-serif;\">Kup te karty ju\u017c teraz i poka\u017c ludziom, jak mo\u017ce wygl\u0105da\u0107 iluzja karciana na najwy\u017cszym poziomie!<\/span><\/p>\n<p style=\"text-align: center;\"><strong><span style=\"font-size: 12pt; font-family: arial, helvetica, sans-serif;\">Polecamy,<\/span><\/strong><\/p>\n<p style=\"text-align: center;\"><strong><span style=\"font-size: 12pt; font-family: arial, helvetica, sans-serif;\">magiiik.p<\/span>l<\/strong><\/p>\n","protected":false},"excerpt":{"rendered":"<p><strong>NOC V3S Gaff Deck (Black) by The Blue Crown\u00a0<\/strong><\/p>\n","protected":false},"featured_media":9691,"comment_status":"closed","ping_status":"open","template":"","meta":[],"product_brand":[],"product_cat":[51],"product_tag":[],"class_list":{"0":"post-9690","1":"product","2":"type-product","3":"status-publish","4":"has-post-thumbnail","6":"product_cat-mikro-iluzja-close-up-karty-trickowe","8":"first","9":"instock","10":"purchasable","11":"product-type-simple"},"_links":{"self":[{"href":"https:\/\/magiiik.netstory.com.pl\/index.php?rest_route=\/wp\/v2\/product\/9690","targetHints":{"allow":["GET"]}}],"collection":[{"href":"https:\/\/magiiik.netstory.com.pl\/index.php?rest_route=\/wp\/v2\/product"}],"about":[{"href":"https:\/\/magiiik.netstory.com.pl\/index.php?rest_route=\/wp\/v2\/types\/product"}],"replies":[{"embeddable":true,"href":"https:\/\/magiiik.netstory.com.pl\/index.php?rest_route=%2Fwp%2Fv2%2Fcomments&post=9690"}],"wp:featuredmedia":[{"embeddable":true,"href":"https:\/\/magiiik.netstory.com.pl\/index.php?rest_route=\/wp\/v2\/media\/9691"}],"wp:attachment":[{"href":"https:\/\/magiiik.netstory.com.pl\/index.php?rest_route=%2Fwp%2Fv2%2Fmedia&parent=9690"}],"wp:term":[{"taxonomy":"product_brand","embeddable":true,"href":"https:\/\/magiiik.netstory.com.pl\/index.php?rest_route=%2Fwp%2Fv2%2Fproduct_brand&post=9690"},{"taxonomy":"product_cat","embeddable":true,"href":"https:\/\/magiiik.netstory.com.pl\/index.php?rest_route=%2Fwp%2Fv2%2Fproduct_cat&post=9690"},{"taxonomy":"product_tag","embeddable":true,"href":"https:\/\/magiiik.netstory.com.pl\/index.php?rest_route=%2Fwp%2Fv2%2Fproduct_tag&post=9690"}],"curies":[{"name":"wp","href":"https:\/\/api.w.org\/{rel}","templated":true}]}}