{"id":9678,"date":"2025-09-19T13:27:07","date_gmt":"2025-09-19T11:27:07","guid":{"rendered":"https:\/\/magiiik.netstory.com.pl\/produkt\/loops-new-generation-by-yigal-mesika\/"},"modified":"2025-09-19T13:27:18","modified_gmt":"2025-09-19T11:27:18","slug":"loops-new-generation-by-yigal-mesika","status":"publish","type":"product","link":"https:\/\/magiiik.netstory.com.pl\/?product=loops-new-generation-by-yigal-mesika","title":{"rendered":"Loops New Generation by Yigal Mesika"},"content":{"rendered":"<p style=\"text-align: center;\"><strong><span style=\"font-size: 12pt; font-family: arial, helvetica, sans-serif;\">LOOPS new generation by Yigal Mesika<\/span><\/strong><\/p>\n<p style=\"text-align: center;\"><strong><span style=\"font-size: 12pt; font-family: arial, helvetica, sans-serif;\">Wi\u0119cej Loops&#8217;\u00f3w. Lepsza jako\u015b\u0107. Ta sama cena.<\/span><\/strong><\/p>\n<p style=\"text-align: center;\"><span style=\"font-size: 12pt; font-family: arial, helvetica, sans-serif;\"><strong>Loops\u00ae<\/strong>\u00a0wymy\u015blony jest przez geniusza\u00a0<strong>Finn<\/strong>&#8217;a\u00a0<strong>Jon<\/strong>&#8217;a i spopularyzowany przez\u00a0<strong>Yigal<\/strong>&#8217;a\u00a0<strong>Mesik\u0119<\/strong>. Nici te s\u0105 wykorzystywane przez \u015bwiatowej s\u0142awy magik\u00f3w, takich jak\u00a0<strong>David Bleine<\/strong>,\u00a0<strong>Cyryl<\/strong>\u00a0i\u00a0<strong>Dynamo<\/strong>. S\u0105 uniwersalne, praktyczne i najbardziej wydaje w historii magii. To cud, to narz\u0119dzie jest na tyle wytrzyma\u0142e, aby lewitowa\u0107 ci\u0119\u017ckie przedmioty, takie jak sztu\u0107ce, czy okulary! Mo\u017cna unosi\u0107 w powietrzu pier\u015bcionek i banknot!\u00a0<strong>Loops\u00ae<\/strong>\u00a0daje nieograniczone mo\u017cliwo\u015bci!<\/span><\/p>\n<p style=\"text-align: center;\">\u00a0<\/p>\n<p style=\"text-align: center;\"><strong><span style=\"font-size: 12pt; font-family: arial, helvetica, sans-serif;\">Lepsze ni\u017c kiedykolwiek<\/span><\/strong><\/p>\n<p style=\"text-align: center;\"><span style=\"font-size: 12pt; font-family: arial, helvetica, sans-serif;\">Teraz w opakowaniu otrzymasz a\u017c <strong>8 sztuk<\/strong> niewidzialnych nici <strong>Loops<\/strong> i do tego w tej samej, niskiej cenie! Po wielu latach doskonalenia <strong>Loops by Yigal Mesika<\/strong> s\u0105 jeszcze lepsze i lepsze ni\u017c kiedykolwiek!<\/span><\/p>\n<p style=\"text-align: center;\"><span style=\"font-size: 12pt; font-family: arial, helvetica, sans-serif;\"><iframe loading=\"lazy\" src=\"\/\/www.youtube.com\/embed\/2Bcs4nz24ac\" width=\"527\" height=\"383\"><\/iframe><\/span><\/p>\n<p style=\"font-size: 12px; font-family: Tahoma, Arial, sans-serif; text-align: center;\"><strong><span style=\"font-size: 12pt; font-family: arial, helvetica, sans-serif;\">W zestawie:<\/span><\/strong><\/p>\n<p style=\"font-size: 12px; font-family: Tahoma, Arial, sans-serif; text-align: center;\"><span style=\"font-size: 12pt; font-family: arial, helvetica, sans-serif;\">Otrzymasz <strong>8\u00a0Loops\u00ae\u00a0<\/strong>w idealnej kopercie. B\u0119dziesz m\u00f3g\u0142 obejrze\u0107<strong>\u00a020 minutowe video<\/strong>\u00a0z pe\u0142nym wyja\u015bnieniem i poznasz 4 niezwyk\u0142e efekty, kt\u00f3re wyt\u0142umaczy Ci sam\u00a0<strong>Yigal Mesika<\/strong>.<\/span><\/p>\n<p style=\"font-size: 12px; font-family: Tahoma, Arial, sans-serif; text-align: center;\"><strong><span style=\"font-size: 12pt; font-family: arial, helvetica, sans-serif;\">Made in USA<\/span><\/strong><\/p>\n<p style=\"font-size: 12px; font-family: Tahoma, Arial, sans-serif; text-align: center;\">\u00a0<\/p>\n<p style=\"font-size: 12px; font-family: Tahoma, Arial, sans-serif; text-align: center;\"><strong><span style=\"font-size: 12pt; font-family: arial, helvetica, sans-serif;\">Polecamy,<\/span><\/strong><\/p>\n<p style=\"font-size: 12px; font-family: Tahoma, Arial, sans-serif; text-align: center;\"><strong><span style=\"font-size: 12pt; font-family: arial, helvetica, sans-serif;\">magiiik.pl<\/span><\/strong><\/p>\n<p style=\"text-align: center;\">\u00a0<\/p>\n<p>\u00a0<\/p>\n","protected":false},"excerpt":{"rendered":"<p style=\"text-align: center;\"><strong>Loops New Generation by Yigal Mesika<\/strong><\/p>\n<p style=\"text-align: center;\"><strong>8 sztuk zamiast 5 w paczce!<\/strong><\/p>\n","protected":false},"featured_media":9679,"comment_status":"closed","ping_status":"open","template":"","meta":[],"product_brand":[],"product_cat":[45],"product_tag":[],"class_list":{"0":"post-9678","1":"product","2":"type-product","3":"status-publish","4":"has-post-thumbnail","6":"product_cat-iluzja-sceniczna-lewitacja","8":"first","9":"instock","10":"purchasable","11":"product-type-simple"},"_links":{"self":[{"href":"https:\/\/magiiik.netstory.com.pl\/index.php?rest_route=\/wp\/v2\/product\/9678","targetHints":{"allow":["GET"]}}],"collection":[{"href":"https:\/\/magiiik.netstory.com.pl\/index.php?rest_route=\/wp\/v2\/product"}],"about":[{"href":"https:\/\/magiiik.netstory.com.pl\/index.php?rest_route=\/wp\/v2\/types\/product"}],"replies":[{"embeddable":true,"href":"https:\/\/magiiik.netstory.com.pl\/index.php?rest_route=%2Fwp%2Fv2%2Fcomments&post=9678"}],"wp:featuredmedia":[{"embeddable":true,"href":"https:\/\/magiiik.netstory.com.pl\/index.php?rest_route=\/wp\/v2\/media\/9679"}],"wp:attachment":[{"href":"https:\/\/magiiik.netstory.com.pl\/index.php?rest_route=%2Fwp%2Fv2%2Fmedia&parent=9678"}],"wp:term":[{"taxonomy":"product_brand","embeddable":true,"href":"https:\/\/magiiik.netstory.com.pl\/index.php?rest_route=%2Fwp%2Fv2%2Fproduct_brand&post=9678"},{"taxonomy":"product_cat","embeddable":true,"href":"https:\/\/magiiik.netstory.com.pl\/index.php?rest_route=%2Fwp%2Fv2%2Fproduct_cat&post=9678"},{"taxonomy":"product_tag","embeddable":true,"href":"https:\/\/magiiik.netstory.com.pl\/index.php?rest_route=%2Fwp%2Fv2%2Fproduct_tag&post=9678"}],"curies":[{"name":"wp","href":"https:\/\/api.w.org\/{rel}","templated":true}]}}