{"id":9676,"date":"2025-09-19T13:27:07","date_gmt":"2025-09-19T11:27:07","guid":{"rendered":"https:\/\/magiiik.netstory.com.pl\/produkt\/losander-trinity-floating-table\/"},"modified":"2025-09-19T13:27:16","modified_gmt":"2025-09-19T11:27:16","slug":"losander-trinity-floating-table","status":"publish","type":"product","link":"https:\/\/magiiik.netstory.com.pl\/?product=losander-trinity-floating-table","title":{"rendered":"Losander Trinity Floating Table"},"content":{"rendered":"<p style=\"text-align: center;\"><span style=\"font-size: 12pt; font-family: arial, helvetica, sans-serif;\">20 lat temu, <strong>Losander<\/strong> stworzy\u0142 efekt lataj\u0105cego stolika. Jest to najlepszy &#8222;Lataj\u0105cy Stolik&#8221;, jaki kiedykolwiek widzia\u0142 \u015bwiat.\u00a0<\/span><\/p>\n<p style=\"text-align: center;\"><span style=\"font-size: 12pt; font-family: arial, helvetica, sans-serif;\">Solidny, drewniany stolik, na kt\u00f3rym iluzjonista trzyma swoje rekwizyty podczas pokazu zaczyna powoli unosi\u0107 si\u0119 w powietrzu i lewitowa\u0107.\u00a0<\/span><\/p>\n<p style=\"text-align: center;\"><span style=\"font-size: 12pt; font-family: arial, helvetica, sans-serif;\">Najwi\u0119ksze autorytety w \u015bwiecie magii, takie jak <strong>Jeff McBride<\/strong>, <strong>Eugen Burger<\/strong>, <strong>Lance Burton<\/strong>, <strong>Salvano<\/strong>, <strong>Moretti<\/strong> stwierdzili jednog\u0142o\u015bnie: <strong>&#8222;To najlepszy efekt lewitacji, jaki kiedykolwiek widzia\u0142em!&#8221;<\/strong>. Wszyscy oni wiedz\u0105 r\u00f3wnie\u017c doskonale, \u017ce \u017cadna kopia nie daje takich efekt\u00f3w, jak oryginalny stolik<strong> Losander<\/strong>&#8217;a.<\/span><\/p>\n<p style=\"text-align: center;\"><span style=\"font-size: 12pt; font-family: arial, helvetica, sans-serif;\"><strong>Losander<\/strong> doceni to, je\u015bli i Ty, jaki profesjonalny iluzjonista zrobisz to samo i b\u0119dziesz u\u017cywa\u0142 tylko oryginalnego rekwizytu. Jest tylko kilku diler\u00f3w na \u015bwiecie, kt\u00f3rzy maj\u0105 dost\u0119p i sprzedaj\u0105 oryginalny stolik <strong>Losander<\/strong>&#8217;a. <strong>W tej grupie znajduje si\u0119 r\u00f3wnie\u017c nasz sklep, magiiik.pl<\/strong><\/span><\/p>\n<p style=\"text-align: center;\"><span style=\"font-size: 12pt; font-family: arial, helvetica, sans-serif;\">Efekt tej lewitacji jest doskona\u0142y. Mo\u017ce by\u0107 wykonany w\u0142a\u015bciwie w ka\u017cdych warunkach, nawet je\u015bli jeste\u015b otoczony lud\u017ami z ka\u017cdej strony.\u00a0<\/span><\/p>\n<p style=\"text-align: center;\">\u00a0<\/p>\n<p style=\"text-align: center;\"><span style=\"font-size: 12pt; font-family: arial, helvetica, sans-serif;\"><iframe loading=\"lazy\" src=\"\/\/www.youtube.com\/embed\/RRo_VgdzWM0\" width=\"538\" height=\"443\"><\/iframe><\/span><\/p>\n<p style=\"text-align: center;\"><strong><span style=\"font-size: 12pt; font-family: arial, helvetica, sans-serif;\">Polecamy,<\/span><\/strong><\/p>\n<p style=\"text-align: center;\"><strong><span style=\"font-size: 12pt; font-family: arial, helvetica, sans-serif;\">magiiik.pl<\/span><\/strong><\/p>\n<p style=\"text-align: center;\">\u00a0<\/p>\n","protected":false},"excerpt":{"rendered":"<p><strong>Losander Floating Table<\/strong><\/p>\n","protected":false},"featured_media":9677,"comment_status":"closed","ping_status":"open","template":"","meta":[],"product_brand":[],"product_cat":[45],"product_tag":[],"class_list":{"0":"post-9676","1":"product","2":"type-product","3":"status-publish","4":"has-post-thumbnail","6":"product_cat-iluzja-sceniczna-lewitacja","8":"first","9":"instock","10":"purchasable","11":"product-type-simple"},"_links":{"self":[{"href":"https:\/\/magiiik.netstory.com.pl\/index.php?rest_route=\/wp\/v2\/product\/9676","targetHints":{"allow":["GET"]}}],"collection":[{"href":"https:\/\/magiiik.netstory.com.pl\/index.php?rest_route=\/wp\/v2\/product"}],"about":[{"href":"https:\/\/magiiik.netstory.com.pl\/index.php?rest_route=\/wp\/v2\/types\/product"}],"replies":[{"embeddable":true,"href":"https:\/\/magiiik.netstory.com.pl\/index.php?rest_route=%2Fwp%2Fv2%2Fcomments&post=9676"}],"wp:featuredmedia":[{"embeddable":true,"href":"https:\/\/magiiik.netstory.com.pl\/index.php?rest_route=\/wp\/v2\/media\/9677"}],"wp:attachment":[{"href":"https:\/\/magiiik.netstory.com.pl\/index.php?rest_route=%2Fwp%2Fv2%2Fmedia&parent=9676"}],"wp:term":[{"taxonomy":"product_brand","embeddable":true,"href":"https:\/\/magiiik.netstory.com.pl\/index.php?rest_route=%2Fwp%2Fv2%2Fproduct_brand&post=9676"},{"taxonomy":"product_cat","embeddable":true,"href":"https:\/\/magiiik.netstory.com.pl\/index.php?rest_route=%2Fwp%2Fv2%2Fproduct_cat&post=9676"},{"taxonomy":"product_tag","embeddable":true,"href":"https:\/\/magiiik.netstory.com.pl\/index.php?rest_route=%2Fwp%2Fv2%2Fproduct_tag&post=9676"}],"curies":[{"name":"wp","href":"https:\/\/api.w.org\/{rel}","templated":true}]}}