{"id":9629,"date":"2025-09-19T13:26:40","date_gmt":"2025-09-19T11:26:40","guid":{"rendered":"https:\/\/magiiik.netstory.com.pl\/produkt\/coinvexed-by-david-penn\/"},"modified":"2025-09-19T13:26:54","modified_gmt":"2025-09-19T11:26:54","slug":"coinvexed-by-david-penn","status":"publish","type":"product","link":"https:\/\/magiiik.netstory.com.pl\/?product=coinvexed-by-david-penn","title":{"rendered":"Coinvexed by David Penn"},"content":{"rendered":"<p style=\"text-align: center;\"><span style=\"font-size: 12pt; font-family: arial, helvetica, sans-serif;\"><strong>David Penn<\/strong> w ko\u0144cu wyda\u0142 sw\u00f3j <strong>Coinvexed<\/strong> gimmick dla magicznej spo\u0142eczno\u015bci!<\/span><\/p>\n<p style=\"text-align: center;\"><span style=\"font-size: 12pt; font-family: arial, helvetica, sans-serif;\">Widz podpisuje monet\u0119, a iluzjonista sprawia, \u017ce ta w magiczny spos\u00f3b zostaje wygi\u0119ta w d\u0142oni widza, kt\u00f3ry mo\u017ce j\u0105 zatrzyma\u0107 sobie na pami\u0105tk\u0119.\u00a0<\/span><\/p>\n<p style=\"text-align: center;\"><span style=\"font-size: 12pt; font-family: arial, helvetica, sans-serif;\">Trick bez \u017c\u0105dnych podmian, podpisana moneta to ta sama, kt\u00f3ra p\u00f3\u017aniej ulega wygi\u0119ciu. Potrzebne tylko marker Sharpie i moneta, przy czym Sharpie jest zupe\u0142nie normalny. Brak specjalnych \u015brodk\u00f3w chemicznych. Trick opiera si\u0119 na diabelnie sprytnym gimmicku.<\/span><\/p>\n<p style=\"text-align: center;\">\u00a0<\/p>\n<p style=\"text-align: center;\"><iframe loading=\"lazy\" src=\"\/\/www.youtube.com\/embed\/7BAYZUIxFRw\" width=\"572\" height=\"471\"><\/iframe><\/p>\n<p style=\"text-align: center;\"><span style=\"font-size: 12pt; font-family: arial, helvetica, sans-serif;\">W komplecie otrzymasz DVD (36 minutowy film instrukta\u017cowy) oraz gimmick.<\/span><\/p>\n<p style=\"text-align: center;\"><strong><span style=\"font-size: 12pt; font-family: arial, helvetica, sans-serif;\">Polecamy,<\/span><\/strong><\/p>\n<p style=\"text-align: center;\"><strong><span style=\"font-size: 12pt; font-family: arial, helvetica, sans-serif;\">magiiik.pl<\/span><\/strong><\/p>\n<p>\u00a0<\/p>\n","protected":false},"excerpt":{"rendered":"<p><strong>Coinvexed by David Penn\u00a0<\/strong><\/p>\n","protected":false},"featured_media":9630,"comment_status":"closed","ping_status":"open","template":"","meta":[],"product_brand":[],"product_cat":[37],"product_tag":[],"class_list":{"0":"post-9629","1":"product","2":"type-product","3":"status-publish","4":"has-post-thumbnail","6":"product_cat-mikro-iluzja-close-up-monety","8":"first","9":"instock","10":"purchasable","11":"product-type-simple"},"_links":{"self":[{"href":"https:\/\/magiiik.netstory.com.pl\/index.php?rest_route=\/wp\/v2\/product\/9629","targetHints":{"allow":["GET"]}}],"collection":[{"href":"https:\/\/magiiik.netstory.com.pl\/index.php?rest_route=\/wp\/v2\/product"}],"about":[{"href":"https:\/\/magiiik.netstory.com.pl\/index.php?rest_route=\/wp\/v2\/types\/product"}],"replies":[{"embeddable":true,"href":"https:\/\/magiiik.netstory.com.pl\/index.php?rest_route=%2Fwp%2Fv2%2Fcomments&post=9629"}],"wp:featuredmedia":[{"embeddable":true,"href":"https:\/\/magiiik.netstory.com.pl\/index.php?rest_route=\/wp\/v2\/media\/9630"}],"wp:attachment":[{"href":"https:\/\/magiiik.netstory.com.pl\/index.php?rest_route=%2Fwp%2Fv2%2Fmedia&parent=9629"}],"wp:term":[{"taxonomy":"product_brand","embeddable":true,"href":"https:\/\/magiiik.netstory.com.pl\/index.php?rest_route=%2Fwp%2Fv2%2Fproduct_brand&post=9629"},{"taxonomy":"product_cat","embeddable":true,"href":"https:\/\/magiiik.netstory.com.pl\/index.php?rest_route=%2Fwp%2Fv2%2Fproduct_cat&post=9629"},{"taxonomy":"product_tag","embeddable":true,"href":"https:\/\/magiiik.netstory.com.pl\/index.php?rest_route=%2Fwp%2Fv2%2Fproduct_tag&post=9629"}],"curies":[{"name":"wp","href":"https:\/\/api.w.org\/{rel}","templated":true}]}}