{"id":9619,"date":"2025-09-19T13:26:40","date_gmt":"2025-09-19T11:26:40","guid":{"rendered":"https:\/\/magiiik.netstory.com.pl\/produkt\/kata-by-dafedas-b-world-magic-shop\/"},"modified":"2025-09-19T13:26:48","modified_gmt":"2025-09-19T11:26:48","slug":"kata-by-dafedas-b-world-magic-shop","status":"publish","type":"product","link":"https:\/\/magiiik.netstory.com.pl\/?product=kata-by-dafedas-b-world-magic-shop","title":{"rendered":"KATA by Dafedas B. &#038; World Magic Shop"},"content":{"rendered":"<p style=\"text-align: center;\"><span style=\"font-size: 12pt; font-family: arial, helvetica, sans-serif;\">Jakie s\u0105 najpi\u0119kniejsze rzeczy, kt\u00f3re mo\u017cna zrobi\u0107 z monet\u0105, dwoma, b\u0105d\u017a kilkoma? To DVD odpowiada na to pytanie.\u00a0<\/span><\/p>\n<p style=\"text-align: center;\"><span style=\"font-size: 12pt; font-family: arial, helvetica, sans-serif;\"><strong>KATA<\/strong> to zbi\u00f3r procedur i technik, kt\u00f3re pomog\u0105 Ci robi\u0107 rzeczy niezwyk\u0142e z monetami.<\/span><\/p>\n<p style=\"text-align: center;\"><span style=\"font-size: 12pt; font-family: arial, helvetica, sans-serif;\">Znajdziesz tu r\u00f3\u017cne techniki: eleganckie, porywaj\u0105ce i delikatne, z ci\u0105g\u0142\u0105 dba\u0142o\u015bci\u0105 o otwarte d\u0142onie i palce.\u00a0<\/span><\/p>\n<p style=\"text-align: center;\"><span style=\"font-size: 12pt; font-family: arial, helvetica, sans-serif;\">Zaznaczamy, \u017ce techniki z tego DVD nie nale\u017c\u0105 do prostych, wymagaj\u0105 wielu \u0107wicze\u0144 i praktyki, ale studiuj\u0105c je z pewno\u015bci\u0105 poprawisz sw\u00f3j warsztat. Je\u015bli masz zamiar nauczy\u0107 si\u0119 czego\u015b innego, nowego, skorzysta\u0107 z ciekawych pomys\u0142\u00f3w i kombinacji, to DVD jest dla Ciebie.<\/span><\/p>\n<p style=\"text-align: center;\">\u00a0<\/p>\n<p style=\"text-align: center;\"><span style=\"font-size: 12pt; font-family: arial, helvetica, sans-serif;\"><iframe loading=\"lazy\" src=\"\/\/www.youtube.com\/embed\/740nNqyKGnc\" width=\"576\" height=\"474\"><\/iframe><\/span><\/p>\n<p style=\"text-align: center;\"><strong><span style=\"font-size: 12pt; font-family: arial, helvetica, sans-serif;\">Polecamy,<\/span><\/strong><\/p>\n<p style=\"text-align: center;\"><strong><span style=\"font-size: 12pt; font-family: arial, helvetica, sans-serif;\">magiiik.pl<\/span><\/strong><\/p>\n<p>\u00a0<\/p>\n","protected":false},"excerpt":{"rendered":"<p><strong>KATA by Dafedas B. &amp; World Magic Shop\u00a0<\/strong><\/p>\n","protected":false},"featured_media":9620,"comment_status":"closed","ping_status":"open","template":"","meta":[],"product_brand":[],"product_cat":[47],"product_tag":[],"class_list":{"0":"post-9619","1":"product","2":"type-product","3":"status-publish","4":"has-post-thumbnail","6":"product_cat-ksiazki-dvd-download-filmy-dvd","8":"first","9":"instock","10":"purchasable","11":"product-type-simple"},"_links":{"self":[{"href":"https:\/\/magiiik.netstory.com.pl\/index.php?rest_route=\/wp\/v2\/product\/9619","targetHints":{"allow":["GET"]}}],"collection":[{"href":"https:\/\/magiiik.netstory.com.pl\/index.php?rest_route=\/wp\/v2\/product"}],"about":[{"href":"https:\/\/magiiik.netstory.com.pl\/index.php?rest_route=\/wp\/v2\/types\/product"}],"replies":[{"embeddable":true,"href":"https:\/\/magiiik.netstory.com.pl\/index.php?rest_route=%2Fwp%2Fv2%2Fcomments&post=9619"}],"wp:featuredmedia":[{"embeddable":true,"href":"https:\/\/magiiik.netstory.com.pl\/index.php?rest_route=\/wp\/v2\/media\/9620"}],"wp:attachment":[{"href":"https:\/\/magiiik.netstory.com.pl\/index.php?rest_route=%2Fwp%2Fv2%2Fmedia&parent=9619"}],"wp:term":[{"taxonomy":"product_brand","embeddable":true,"href":"https:\/\/magiiik.netstory.com.pl\/index.php?rest_route=%2Fwp%2Fv2%2Fproduct_brand&post=9619"},{"taxonomy":"product_cat","embeddable":true,"href":"https:\/\/magiiik.netstory.com.pl\/index.php?rest_route=%2Fwp%2Fv2%2Fproduct_cat&post=9619"},{"taxonomy":"product_tag","embeddable":true,"href":"https:\/\/magiiik.netstory.com.pl\/index.php?rest_route=%2Fwp%2Fv2%2Fproduct_tag&post=9619"}],"curies":[{"name":"wp","href":"https:\/\/api.w.org\/{rel}","templated":true}]}}