{"id":9615,"date":"2025-09-19T13:26:40","date_gmt":"2025-09-19T11:26:40","guid":{"rendered":"https:\/\/magiiik.netstory.com.pl\/produkt\/blindfold-driving-worek-na-glowe\/"},"modified":"2025-09-19T13:26:47","modified_gmt":"2025-09-19T11:26:47","slug":"blindfold-driving-worek-na-glowe","status":"publish","type":"product","link":"https:\/\/magiiik.netstory.com.pl\/?product=blindfold-driving-worek-na-glowe","title":{"rendered":"Blindfold (Driving) (worek na g\u0142ow\u0119)"},"content":{"rendered":"<p style=\"text-align: center;\"><span style=\"font-size: 12pt; font-family: arial, helvetica, sans-serif;\">To jedna z najlepszych tego typu opasek obecnie na rynku.\u00a0<\/span><\/p>\n<p style=\"text-align: center;\"><span style=\"font-size: 12pt; font-family: arial, helvetica, sans-serif;\">Opaska mo\u017ce by\u0107 kontrolowana przez widza. Nie b\u0119dzie on w stanie nic zobaczy\u0107 przez grub\u0105 warstw\u0119 materia\u0142u. Nawet, jak obr\u00f3ci j\u0105, b\u0105d\u017a wywr\u00f3ci na &#8222;lew\u0105&#8221; stron\u0119, r\u00f3wnie\u017c nic nie zobaczy. Opaska jednak dzia\u0142a zupe\u0142nie inaczej w r\u0119kach magika&#8230; \ud83d\ude09<\/span><\/p>\n<p style=\"text-align: center;\"><strong><span style=\"font-size: 12pt; font-family: arial, helvetica, sans-serif;\">Polecamy,<\/span><\/strong><\/p>\n<p style=\"text-align: center;\"><strong><span style=\"font-size: 12pt; font-family: arial, helvetica, sans-serif;\">magiiik.pl<\/span><\/strong><\/p>\n<p>\u00a0<\/p>\n<p>\u00a0<\/p>\n","protected":false},"excerpt":{"rendered":"<p><strong>Blindfold (Driving)\u00a0<\/strong><\/p>\n","protected":false},"featured_media":9616,"comment_status":"closed","ping_status":"open","template":"","meta":[],"product_brand":[],"product_cat":[24],"product_tag":[],"class_list":{"0":"post-9615","1":"product","2":"type-product","3":"status-publish","4":"has-post-thumbnail","6":"product_cat-mentalizm","8":"first","9":"instock","10":"purchasable","11":"product-type-simple"},"_links":{"self":[{"href":"https:\/\/magiiik.netstory.com.pl\/index.php?rest_route=\/wp\/v2\/product\/9615","targetHints":{"allow":["GET"]}}],"collection":[{"href":"https:\/\/magiiik.netstory.com.pl\/index.php?rest_route=\/wp\/v2\/product"}],"about":[{"href":"https:\/\/magiiik.netstory.com.pl\/index.php?rest_route=\/wp\/v2\/types\/product"}],"replies":[{"embeddable":true,"href":"https:\/\/magiiik.netstory.com.pl\/index.php?rest_route=%2Fwp%2Fv2%2Fcomments&post=9615"}],"wp:featuredmedia":[{"embeddable":true,"href":"https:\/\/magiiik.netstory.com.pl\/index.php?rest_route=\/wp\/v2\/media\/9616"}],"wp:attachment":[{"href":"https:\/\/magiiik.netstory.com.pl\/index.php?rest_route=%2Fwp%2Fv2%2Fmedia&parent=9615"}],"wp:term":[{"taxonomy":"product_brand","embeddable":true,"href":"https:\/\/magiiik.netstory.com.pl\/index.php?rest_route=%2Fwp%2Fv2%2Fproduct_brand&post=9615"},{"taxonomy":"product_cat","embeddable":true,"href":"https:\/\/magiiik.netstory.com.pl\/index.php?rest_route=%2Fwp%2Fv2%2Fproduct_cat&post=9615"},{"taxonomy":"product_tag","embeddable":true,"href":"https:\/\/magiiik.netstory.com.pl\/index.php?rest_route=%2Fwp%2Fv2%2Fproduct_tag&post=9615"}],"curies":[{"name":"wp","href":"https:\/\/api.w.org\/{rel}","templated":true}]}}