{"id":9607,"date":"2025-09-19T13:26:40","date_gmt":"2025-09-19T11:26:40","guid":{"rendered":"https:\/\/magiiik.netstory.com.pl\/produkt\/comedy-bra-niesamowity-staniczek-by-mr-magic\/"},"modified":"2025-09-19T13:26:44","modified_gmt":"2025-09-19T11:26:44","slug":"comedy-bra-niesamowity-staniczek-by-mr-magic","status":"publish","type":"product","link":"https:\/\/magiiik.netstory.com.pl\/?product=comedy-bra-niesamowity-staniczek-by-mr-magic","title":{"rendered":"Comedy Bra (Niesamowity Staniczek) by Mr Magic"},"content":{"rendered":"<p style=\"font-size: 12px; font-family: Tahoma, Arial, sans-serif; text-align: center;\"><span style=\"font-size: 12pt; font-family: arial, helvetica, sans-serif;\">Iluzjonista prezentuje dwie chustki, wi\u0105\u017ce je razem na rogach i prosi kobiet\u0119 z widowni, aby m\u00f3g\u0142 umie\u015bci\u0107 chusty wewn\u0105trz dekoltu jej bluzki, upewniaj\u0105c si\u0119, \u017ce nie spadn\u0105. Magik nast\u0119pnie pokazuje trzeci\u0105 chusteczk\u0119, kt\u00f3ra w magiczny spos\u00f3b znika, jednak przed tym zapowiada, \u017ce pojawi si\u0119 mi\u0119dzy dwoma zwi\u0105zanymi ze sob\u0105 chustkami&#8230; Ale, kiedy magik chwyta ko\u0144ce wystaj\u0105cych chust z dekoltu bluzki widza, mi\u0119dzy nimi jest STANICZEK!!!<\/span><\/p>\n<p style=\"font-size: 12px; font-family: Tahoma, Arial, sans-serif; text-align: center;\"><span style=\"font-size: 12pt; font-family: arial, helvetica, sans-serif;\">Ten trick to masa \u015bmiechu i zabawy! Robi PRZEOGROMNE WRA\u017bENIE!<\/span><\/p>\n<p style=\"font-size: 12px; font-family: Tahoma, Arial, sans-serif;\"><span style=\"font-size: 12pt; font-family: arial, helvetica, sans-serif;\">\u00a0<\/span><\/p>\n<p style=\"font-size: 12px; font-family: Tahoma, Arial, sans-serif;\"><strong><span style=\"font-size: 12pt; font-family: arial, helvetica, sans-serif;\">W zestawie:<\/span><\/strong><\/p>\n<p style=\"font-size: 12px; font-family: Tahoma, Arial, sans-serif;\"><span style=\"font-size: 12pt; font-family: arial, helvetica, sans-serif;\">&#8211; specjalne chusty;<\/span><\/p>\n<p style=\"font-size: 12px; font-family: Tahoma, Arial, sans-serif;\"><span style=\"font-size: 12pt; font-family: arial, helvetica, sans-serif;\">&#8211; staniczek;<\/span><\/p>\n<p style=\"font-size: 12px; font-family: Tahoma, Arial, sans-serif;\"><span style=\"font-size: 12pt; font-family: arial, helvetica, sans-serif;\">&#8211; instrukcja w j\u0119zyku angielskim.<\/span><\/p>\n","protected":false},"excerpt":{"rendered":"<p><strong>Comedy Bra (Niesamowity Staniczek) by Mr Magic\u00a0<\/strong><\/p>\n","protected":false},"featured_media":9608,"comment_status":"closed","ping_status":"open","template":"","meta":[],"product_brand":[],"product_cat":[17],"product_tag":[],"class_list":{"0":"post-9607","1":"product","2":"type-product","3":"status-publish","4":"has-post-thumbnail","6":"product_cat-iluzja-sceniczna","8":"first","9":"instock","10":"purchasable","11":"product-type-simple"},"_links":{"self":[{"href":"https:\/\/magiiik.netstory.com.pl\/index.php?rest_route=\/wp\/v2\/product\/9607","targetHints":{"allow":["GET"]}}],"collection":[{"href":"https:\/\/magiiik.netstory.com.pl\/index.php?rest_route=\/wp\/v2\/product"}],"about":[{"href":"https:\/\/magiiik.netstory.com.pl\/index.php?rest_route=\/wp\/v2\/types\/product"}],"replies":[{"embeddable":true,"href":"https:\/\/magiiik.netstory.com.pl\/index.php?rest_route=%2Fwp%2Fv2%2Fcomments&post=9607"}],"wp:featuredmedia":[{"embeddable":true,"href":"https:\/\/magiiik.netstory.com.pl\/index.php?rest_route=\/wp\/v2\/media\/9608"}],"wp:attachment":[{"href":"https:\/\/magiiik.netstory.com.pl\/index.php?rest_route=%2Fwp%2Fv2%2Fmedia&parent=9607"}],"wp:term":[{"taxonomy":"product_brand","embeddable":true,"href":"https:\/\/magiiik.netstory.com.pl\/index.php?rest_route=%2Fwp%2Fv2%2Fproduct_brand&post=9607"},{"taxonomy":"product_cat","embeddable":true,"href":"https:\/\/magiiik.netstory.com.pl\/index.php?rest_route=%2Fwp%2Fv2%2Fproduct_cat&post=9607"},{"taxonomy":"product_tag","embeddable":true,"href":"https:\/\/magiiik.netstory.com.pl\/index.php?rest_route=%2Fwp%2Fv2%2Fproduct_tag&post=9607"}],"curies":[{"name":"wp","href":"https:\/\/api.w.org\/{rel}","templated":true}]}}