{"id":9605,"date":"2025-09-19T13:26:40","date_gmt":"2025-09-19T11:26:40","guid":{"rendered":"https:\/\/magiiik.netstory.com.pl\/produkt\/super-latex-green-beer-bottle-polowa-by-twister-magic\/"},"modified":"2025-09-19T13:26:44","modified_gmt":"2025-09-19T11:26:44","slug":"super-latex-green-beer-bottle-polowa-by-twister-magic","status":"publish","type":"product","link":"https:\/\/magiiik.netstory.com.pl\/?product=super-latex-green-beer-bottle-polowa-by-twister-magic","title":{"rendered":"Super Latex Green Beer Bottle (po\u0142owa) by Twister Magic"},"content":{"rendered":"<p style=\"font-size: 12px; font-family: Tahoma, Arial, sans-serif; text-align: center;\"><span style=\"font-size: 14pt; font-family: arial, helvetica, sans-serif;\">To kolejny \u015bwietny rekwizyt<span style=\"font-size: 18.6667px;\">\u00a0<strong><span style=\"font-size: 18.6667px;\">George<\/span><\/strong><\/span>&#8217;a\u00a0<strong><span style=\"font-size: 18.6667px;\">Iglesias<\/span><\/strong>&#8217;a, kt\u00f3ry prezentuje\u00a0<strong><span style=\"font-size: 18.6667px;\">Twister Magic<\/span><\/strong>!<\/span><\/p>\n<p style=\"font-family: Tahoma, Arial, sans-serif; text-align: center;\"><span style=\"font-size: 14pt; font-family: arial, helvetica, sans-serif;\">Prze\u017aroczysta, do po\u0142owy pe\u0142na butelka <\/span><span style=\"font-size: 14pt; font-family: arial, helvetica, sans-serif;\"><span style=\"font-size: 18.6667px;\">piwa<\/span><span style=\"font-size: 14pt;\">, kt\u00f3ra wygl\u0105da w\u00a0<\/span><span style=\"font-size: 18.6667px;\">100%<\/span><span style=\"font-size: 14pt;\">\u00a0realistycznie!<\/span><\/span><\/p>\n<p style=\"font-size: 12px; font-family: Tahoma, Arial, sans-serif; text-align: center;\"><span style=\"font-size: 14pt; font-family: arial, helvetica, sans-serif;\">Mo\u017cesz j\u0105 pokaza\u0107 nawet kilka centymetr\u00f3w od oczu widz\u00f3w!\u00a0<\/span><\/p>\n<p style=\"font-size: 12px; font-family: Tahoma, Arial, sans-serif; text-align: center;\"><span style=\"font-size: 14pt; font-family: arial, helvetica, sans-serif;\">To niezwykle przydatny rekwizyt, kt\u00f3ry mo\u017cesz wykorzysta\u0107 na wiele sposob\u00f3w!<\/span><\/p>\n<p style=\"font-size: 12px; font-family: Tahoma, Arial, sans-serif; text-align: center;\"><span style=\"font-size: 14pt; font-family: arial, helvetica, sans-serif;\">Nowa linia produkt\u00f3w\u00a0<span style=\"font-size: 18.6667px;\">&#8222;<strong><span style=\"font-size: 18.6667px;\">Super Latex<\/span><\/strong>&#8222;<\/span>\u00a0zosta\u0142a stworzona z niesamowitego materia\u0142u, kt\u00f3ry ju\u017c zrewolucjonizowa\u0142 \u015bwiat magii!<\/span><\/p>\n<p style=\"font-size: 12px; font-family: Tahoma, Arial, sans-serif; text-align: center;\"><span style=\"font-size: 14pt; font-family: arial, helvetica, sans-serif;\">Butelka, kt\u00f3ra wygl\u0105da naprawd\u0119 realistycznie i wsp\u00f3\u0142cze\u015bnie!<\/span><\/p>\n<p style=\"font-size: 12px; font-family: Tahoma, Arial, sans-serif; text-align: center;\"><span style=\"font-size: 14pt; font-family: arial, helvetica, sans-serif;\"><iframe loading=\"lazy\" src=\"\/\/www.youtube.com\/embed\/Vo4D2L9vh-o\" width=\"425\" height=\"350\"><\/iframe><\/span><\/p>\n<p style=\"font-size: 12px; font-family: Tahoma, Arial, sans-serif; text-align: center;\">\u00a0<\/p>\n<p style=\"font-size: 12px; font-family: Tahoma, Arial, sans-serif; text-align: center;\"><strong><span style=\"font-size: 12pt; font-family: arial, helvetica, sans-serif;\">Polecamy,<\/span><\/strong><\/p>\n<p style=\"font-size: 12px; font-family: Tahoma, Arial, sans-serif; text-align: center;\"><strong><span style=\"font-size: 12pt; font-family: arial, helvetica, sans-serif;\">magiiik.pl<\/span><\/strong><\/p>\n<p style=\"font-size: 12px; font-family: Tahoma, Arial, sans-serif; text-align: center;\">\u00a0<\/p>\n","protected":false},"excerpt":{"rendered":"<p><strong>Super Latex Green Beer Bottle (po\u0142owa) by Twister Magic\u00a0<\/strong><\/p>\n","protected":false},"featured_media":9606,"comment_status":"closed","ping_status":"open","template":"","meta":[],"product_brand":[],"product_cat":[17],"product_tag":[],"class_list":{"0":"post-9605","1":"product","2":"type-product","3":"status-publish","4":"has-post-thumbnail","6":"product_cat-iluzja-sceniczna","8":"first","9":"instock","10":"purchasable","11":"product-type-simple"},"_links":{"self":[{"href":"https:\/\/magiiik.netstory.com.pl\/index.php?rest_route=\/wp\/v2\/product\/9605","targetHints":{"allow":["GET"]}}],"collection":[{"href":"https:\/\/magiiik.netstory.com.pl\/index.php?rest_route=\/wp\/v2\/product"}],"about":[{"href":"https:\/\/magiiik.netstory.com.pl\/index.php?rest_route=\/wp\/v2\/types\/product"}],"replies":[{"embeddable":true,"href":"https:\/\/magiiik.netstory.com.pl\/index.php?rest_route=%2Fwp%2Fv2%2Fcomments&post=9605"}],"wp:featuredmedia":[{"embeddable":true,"href":"https:\/\/magiiik.netstory.com.pl\/index.php?rest_route=\/wp\/v2\/media\/9606"}],"wp:attachment":[{"href":"https:\/\/magiiik.netstory.com.pl\/index.php?rest_route=%2Fwp%2Fv2%2Fmedia&parent=9605"}],"wp:term":[{"taxonomy":"product_brand","embeddable":true,"href":"https:\/\/magiiik.netstory.com.pl\/index.php?rest_route=%2Fwp%2Fv2%2Fproduct_brand&post=9605"},{"taxonomy":"product_cat","embeddable":true,"href":"https:\/\/magiiik.netstory.com.pl\/index.php?rest_route=%2Fwp%2Fv2%2Fproduct_cat&post=9605"},{"taxonomy":"product_tag","embeddable":true,"href":"https:\/\/magiiik.netstory.com.pl\/index.php?rest_route=%2Fwp%2Fv2%2Fproduct_tag&post=9605"}],"curies":[{"name":"wp","href":"https:\/\/api.w.org\/{rel}","templated":true}]}}