{"id":9573,"date":"2025-09-19T13:26:12","date_gmt":"2025-09-19T11:26:12","guid":{"rendered":"https:\/\/magiiik.netstory.com.pl\/produkt\/tanczaca-laska-recznie-wykonana\/"},"modified":"2025-09-19T13:26:24","modified_gmt":"2025-09-19T11:26:24","slug":"tanczaca-laska-recznie-wykonana","status":"publish","type":"product","link":"https:\/\/magiiik.netstory.com.pl\/?product=tanczaca-laska-recznie-wykonana","title":{"rendered":"Ta\u0144cz\u0105ca Laska (r\u0119cznie wykonana)"},"content":{"rendered":"<p style=\"text-align: center;\"><strong><span style=\"font-size: 14pt; font-family: arial, helvetica, sans-serif;\">Ta\u0144cz\u0105ca Laska to bardzo klasyczny efekt lewitacji laski spacerowej.<\/span><\/strong><\/p>\n<p style=\"text-align: center;\"><span style=\"font-size: 12pt; font-family: arial, helvetica, sans-serif;\">Mamy dla Pa\u0144stwa ofert\u0119 niezwykle precyzyjnej, idealnie wywa\u017conej, \u015bwietnie zaprojektowanej Ta\u0144cz\u0105cej Laski, r\u0119cznie wykonanej przez \u015bwietnego polskiego artyst\u0119 &#8211; iluzjonist\u0119.\u00a0<\/span><\/p>\n<p style=\"text-align: center;\"><span style=\"font-size: 12pt; font-family: arial, helvetica, sans-serif;\">Laska prezentuje si\u0119 niezwykle elegancko, jest lekka, wykonana z cienkiego plastiku, rozk\u0142ada si\u0119 na dwie cz\u0119\u015bci, co pozwala j\u0105 w \u0142atwy spos\u00f3b transportowa\u0107.\u00a0<\/span><\/p>\n<p style=\"text-align: center;\"><strong><span style=\"font-size: 12pt; font-family: arial, helvetica, sans-serif;\">Polecamy,<\/span><\/strong><\/p>\n<p style=\"text-align: center;\"><strong><span style=\"font-size: 12pt; font-family: arial, helvetica, sans-serif;\">magiiik.pl<\/span><\/strong><\/p>\n","protected":false},"excerpt":{"rendered":"<p><strong>Ta\u0144cz\u0105ca Laska (r\u0119cznie wykonana)<\/strong><\/p>\n","protected":false},"featured_media":9574,"comment_status":"closed","ping_status":"open","template":"","meta":[],"product_brand":[],"product_cat":[39],"product_tag":[],"class_list":{"0":"post-9573","1":"product","2":"type-product","3":"status-publish","4":"has-post-thumbnail","6":"product_cat-iluzja-sceniczna-laski-swieczki","8":"first","9":"instock","10":"purchasable","11":"product-type-simple"},"_links":{"self":[{"href":"https:\/\/magiiik.netstory.com.pl\/index.php?rest_route=\/wp\/v2\/product\/9573","targetHints":{"allow":["GET"]}}],"collection":[{"href":"https:\/\/magiiik.netstory.com.pl\/index.php?rest_route=\/wp\/v2\/product"}],"about":[{"href":"https:\/\/magiiik.netstory.com.pl\/index.php?rest_route=\/wp\/v2\/types\/product"}],"replies":[{"embeddable":true,"href":"https:\/\/magiiik.netstory.com.pl\/index.php?rest_route=%2Fwp%2Fv2%2Fcomments&post=9573"}],"wp:featuredmedia":[{"embeddable":true,"href":"https:\/\/magiiik.netstory.com.pl\/index.php?rest_route=\/wp\/v2\/media\/9574"}],"wp:attachment":[{"href":"https:\/\/magiiik.netstory.com.pl\/index.php?rest_route=%2Fwp%2Fv2%2Fmedia&parent=9573"}],"wp:term":[{"taxonomy":"product_brand","embeddable":true,"href":"https:\/\/magiiik.netstory.com.pl\/index.php?rest_route=%2Fwp%2Fv2%2Fproduct_brand&post=9573"},{"taxonomy":"product_cat","embeddable":true,"href":"https:\/\/magiiik.netstory.com.pl\/index.php?rest_route=%2Fwp%2Fv2%2Fproduct_cat&post=9573"},{"taxonomy":"product_tag","embeddable":true,"href":"https:\/\/magiiik.netstory.com.pl\/index.php?rest_route=%2Fwp%2Fv2%2Fproduct_tag&post=9573"}],"curies":[{"name":"wp","href":"https:\/\/api.w.org\/{rel}","templated":true}]}}