{"id":9566,"date":"2025-09-19T13:26:12","date_gmt":"2025-09-19T11:26:12","guid":{"rendered":"https:\/\/magiiik.netstory.com.pl\/produkt\/vanishing-cane-znikajaca-laska-metal-by-taiwan-ben-magic\/"},"modified":"2025-09-19T13:26:21","modified_gmt":"2025-09-19T11:26:21","slug":"vanishing-cane-znikajaca-laska-metal-by-taiwan-ben-magic","status":"publish","type":"product","link":"https:\/\/magiiik.netstory.com.pl\/?product=vanishing-cane-znikajaca-laska-metal-by-taiwan-ben-magic","title":{"rendered":"Vanishing Cane (znikaj\u0105ca laska, metal) by Taiwan Ben Magic"},"content":{"rendered":"<p style=\"text-align: center;\"><strong><span style=\"font-size: 14pt; font-family: arial, helvetica, sans-serif;\">Jest to najlepsza pojawiaj\u0105ca si\u0119 laska, obecnie na rynku. Ka\u017cda laska jest sprawdzana r\u0119cznie przed wysy\u0142k\u0105.<\/span><\/strong><\/p>\n<p style=\"text-align: center;\">\u00a0<\/p>\n<p style=\"text-align: center;\"><iframe loading=\"lazy\" src=\"\/\/www.youtube.com\/embed\/VJFRYBIyplw\" width=\"604\" height=\"498\"><\/iframe><\/p>\n<p style=\"text-align: center;\">\u00a0<\/p>\n<p style=\"text-align: left;\"><span style=\"font-size: 12pt; font-family: arial, helvetica, sans-serif; color: #000000;\">Zestaw zawiera pojawiaj\u0105c\u0105 si\u0119 lask\u0119 oraz film instrukta\u017cowy, kt\u00f3ry zawiera:<\/span><\/p>\n<p style=\"text-align: left;\">\u00a0<\/p>\n<p style=\"text-align: left;\"><span style=\"font-size: 12pt; font-family: arial, helvetica, sans-serif; color: #000000;\">&#8211; instrukcje, jak przygotowa\u0107 lask\u0119 do u\u017cycia oraz poni\u017csze tricki:<\/span><\/p>\n<p style=\"text-align: left;\"><span style=\"font-size: 12pt; font-family: arial, helvetica, sans-serif; color: #000000;\">*Cane to two silks<br style=\"color: #444444; font-size: 13px; font-family: Arial, sans-serif;\" \/>*Cane to Jumbo silk<br style=\"color: #444444; font-size: 13px; font-family: Arial, sans-serif;\" \/>*Cane to Rope<br style=\"color: #444444; font-size: 13px; font-family: Arial, sans-serif;\" \/>*Cane to Cards<br style=\"color: #444444; font-size: 13px; font-family: Arial, sans-serif;\" \/>*Cane to Flowers<br style=\"color: #444444; font-size: 13px; font-family: Arial, sans-serif;\" \/>*Cane to Confetti<br style=\"color: #444444; font-size: 13px; font-family: Arial, sans-serif;\" \/>*Cane to Silk to<br style=\"color: #444444; font-size: 13px; font-family: Arial, sans-serif;\" \/>*Cane Effect(I)<br style=\"color: #444444; font-size: 13px; font-family: Arial, sans-serif;\" \/>*Cane to Silk to Cane Effect(II)<br style=\"color: #444444; font-size: 13px; font-family: Arial, sans-serif;\" \/>*Newspaper Vanishing Cane<br style=\"color: #444444; font-size: 13px; font-family: Arial, sans-serif;\" \/>*Comedy Swallow Cane<\/span><\/p>\n<p style=\"text-align: left;\">\u00a0<\/p>\n<p style=\"text-align: left;\"><strong><span style=\"font-size: 12pt; font-family: arial, helvetica, sans-serif; color: #000000;\">Polecamy,<\/span><\/strong><\/p>\n<p style=\"text-align: left;\"><strong><span style=\"font-size: 12pt; font-family: arial, helvetica, sans-serif; color: #000000;\">magiiik.pl<\/span><\/strong><\/p>\n<p>\u00a0<\/p>\n","protected":false},"excerpt":{"rendered":"<p><strong>Vanishing Cane by Taiwan Ben Magic<\/strong><\/p>\n","protected":false},"featured_media":9567,"comment_status":"closed","ping_status":"open","template":"","meta":[],"product_brand":[],"product_cat":[39],"product_tag":[],"class_list":{"0":"post-9566","1":"product","2":"type-product","3":"status-publish","4":"has-post-thumbnail","6":"product_cat-iluzja-sceniczna-laski-swieczki","8":"first","9":"instock","10":"purchasable","11":"product-type-simple"},"_links":{"self":[{"href":"https:\/\/magiiik.netstory.com.pl\/index.php?rest_route=\/wp\/v2\/product\/9566","targetHints":{"allow":["GET"]}}],"collection":[{"href":"https:\/\/magiiik.netstory.com.pl\/index.php?rest_route=\/wp\/v2\/product"}],"about":[{"href":"https:\/\/magiiik.netstory.com.pl\/index.php?rest_route=\/wp\/v2\/types\/product"}],"replies":[{"embeddable":true,"href":"https:\/\/magiiik.netstory.com.pl\/index.php?rest_route=%2Fwp%2Fv2%2Fcomments&post=9566"}],"wp:featuredmedia":[{"embeddable":true,"href":"https:\/\/magiiik.netstory.com.pl\/index.php?rest_route=\/wp\/v2\/media\/9567"}],"wp:attachment":[{"href":"https:\/\/magiiik.netstory.com.pl\/index.php?rest_route=%2Fwp%2Fv2%2Fmedia&parent=9566"}],"wp:term":[{"taxonomy":"product_brand","embeddable":true,"href":"https:\/\/magiiik.netstory.com.pl\/index.php?rest_route=%2Fwp%2Fv2%2Fproduct_brand&post=9566"},{"taxonomy":"product_cat","embeddable":true,"href":"https:\/\/magiiik.netstory.com.pl\/index.php?rest_route=%2Fwp%2Fv2%2Fproduct_cat&post=9566"},{"taxonomy":"product_tag","embeddable":true,"href":"https:\/\/magiiik.netstory.com.pl\/index.php?rest_route=%2Fwp%2Fv2%2Fproduct_tag&post=9566"}],"curies":[{"name":"wp","href":"https:\/\/api.w.org\/{rel}","templated":true}]}}