{"id":9557,"date":"2025-09-19T13:26:12","date_gmt":"2025-09-19T11:26:12","guid":{"rendered":"https:\/\/magiiik.netstory.com.pl\/produkt\/color-changing-rabbits-by-uday\/"},"modified":"2025-09-19T13:26:18","modified_gmt":"2025-09-19T11:26:18","slug":"color-changing-rabbits-by-uday","status":"publish","type":"product","link":"https:\/\/magiiik.netstory.com.pl\/?product=color-changing-rabbits-by-uday","title":{"rendered":"Color Changing Rabbits by Uday"},"content":{"rendered":"<p><strong><span style=\"font-size: 12pt; font-family: arial, helvetica, sans-serif;\">EFEKT<\/span><\/strong><\/p>\n<p><span style=\"font-size: 12pt; font-family: arial, helvetica, sans-serif;\">Magik prezentuje drewnianego bia\u0142ego kr\u00f3lika, po czym nakrywa go drewnianym tubusem. Bierze ca\u0142o\u015b\u0107 do r\u0105k i informuje widz\u00f3w, \u017ce w magiczny spos\u00f3b sprawi, \u017ce kr\u00f3lik zmieni kolor. Teraz podnosi tubus i okazuje si\u0119, \u017ce kr\u00f3lik zmieni\u0142 si\u0119 na br\u0105zowego! Ca\u0142o\u015b\u0107 jest powtarzana raz jeszcze i kr\u00f3lik zn\u00f3w zmienia si\u0119 na bia\u0142ego. Publiczno\u015b\u0107 (zw\u0142aszcza dzieci\u0119ca) zaczyna krzycze\u0107, \u017ce kr\u00f3lik jest po prostu obracany, po jednej stronie jest bia\u0142y, po drugiej br\u0105zowy. Jak do magika dociera, \u017ce ma odwr\u00f3ci\u0107 kr\u00f3lika i pokaza\u0107, co jest z ty\u0142u, czyni to i pokazuje, \u017ce&#8230; tam jest ma\u0142pa!\u00a0<\/span><\/p>\n<p>\u00a0<\/p>\n<p style=\"text-align: center;\"><span style=\"font-size: 12pt; font-family: arial, helvetica, sans-serif;\"><iframe loading=\"lazy\" src=\"\/\/www.youtube.com\/embed\/FzC5TsWaXrM\" width=\"451\" height=\"371\"><\/iframe><\/span><\/p>\n<p>\u00a0<\/p>\n<p><span style=\"font-size: 12pt; font-family: arial, helvetica, sans-serif;\">Idealny pokaz dla dzieci. Rekwizyt bardzo prosty o obs\u0142udze.<\/span><\/p>\n<p><span style=\"font-size: 12pt; font-family: arial, helvetica, sans-serif;\">Przybli\u017cone wymiary: 30,5 cm. x 15,25 cm. x 6,25 cm.<\/span><\/p>\n<p><strong><span style=\"font-size: 12pt; font-family: arial, helvetica, sans-serif;\">Polecamy,<\/span><\/strong><\/p>\n<p><strong><span style=\"font-size: 12pt; font-family: arial, helvetica, sans-serif;\">magiiik.pl<\/span><\/strong><\/p>\n<p>\u00a0<\/p>\n","protected":false},"excerpt":{"rendered":"<p><strong>Color Changing Rabbits by Uday<\/strong><\/p>\n","protected":false},"featured_media":9558,"comment_status":"closed","ping_status":"open","template":"","meta":[],"product_brand":[],"product_cat":[18],"product_tag":[],"class_list":{"0":"post-9557","1":"product","2":"type-product","3":"status-publish","4":"has-post-thumbnail","6":"product_cat-iluzja-dla-dzieci","8":"first","9":"instock","10":"purchasable","11":"product-type-simple"},"_links":{"self":[{"href":"https:\/\/magiiik.netstory.com.pl\/index.php?rest_route=\/wp\/v2\/product\/9557","targetHints":{"allow":["GET"]}}],"collection":[{"href":"https:\/\/magiiik.netstory.com.pl\/index.php?rest_route=\/wp\/v2\/product"}],"about":[{"href":"https:\/\/magiiik.netstory.com.pl\/index.php?rest_route=\/wp\/v2\/types\/product"}],"replies":[{"embeddable":true,"href":"https:\/\/magiiik.netstory.com.pl\/index.php?rest_route=%2Fwp%2Fv2%2Fcomments&post=9557"}],"wp:featuredmedia":[{"embeddable":true,"href":"https:\/\/magiiik.netstory.com.pl\/index.php?rest_route=\/wp\/v2\/media\/9558"}],"wp:attachment":[{"href":"https:\/\/magiiik.netstory.com.pl\/index.php?rest_route=%2Fwp%2Fv2%2Fmedia&parent=9557"}],"wp:term":[{"taxonomy":"product_brand","embeddable":true,"href":"https:\/\/magiiik.netstory.com.pl\/index.php?rest_route=%2Fwp%2Fv2%2Fproduct_brand&post=9557"},{"taxonomy":"product_cat","embeddable":true,"href":"https:\/\/magiiik.netstory.com.pl\/index.php?rest_route=%2Fwp%2Fv2%2Fproduct_cat&post=9557"},{"taxonomy":"product_tag","embeddable":true,"href":"https:\/\/magiiik.netstory.com.pl\/index.php?rest_route=%2Fwp%2Fv2%2Fproduct_tag&post=9557"}],"curies":[{"name":"wp","href":"https:\/\/api.w.org\/{rel}","templated":true}]}}