{"id":9539,"date":"2025-09-19T13:26:12","date_gmt":"2025-09-19T11:26:12","guid":{"rendered":"https:\/\/magiiik.netstory.com.pl\/produkt\/roxie-the-raccoon\/"},"modified":"2025-09-19T13:26:14","modified_gmt":"2025-09-19T11:26:14","slug":"roxie-the-raccoon","status":"publish","type":"product","link":"https:\/\/magiiik.netstory.com.pl\/?product=roxie-the-raccoon","title":{"rendered":"Roxie The Raccoon"},"content":{"rendered":"<p style=\"text-align: center;\"><span style=\"font-size: 14pt; font-family: arial, helvetica, sans-serif;\">Ten ma\u0142y szop gwarantuje Tobie dobr\u0105 zabaw\u0119 i Twojej widowni!<\/span><\/p>\n<p style=\"text-align: center;\"><span style=\"font-size: 12pt; font-family: arial, helvetica, sans-serif;\">Mo\u017cesz &#8222;o\u017cywi\u0107&#8221; swojego zwierzaka i wej\u015b\u0107 w niesamowit\u0105 interakcj\u0119 z publiczno\u015bci\u0105. <strong>Roxie<\/strong> mo\u017ce kiwa\u0107 i odwr\u00f3ci\u0107 g\u0142ow\u0119, wskoczy\u0107 Ci na rami\u0119, je\u015b\u0107 z r\u0119ki, lub nawet wyskoczy\u0107 na widowni\u0119!\u00a0<\/span><\/p>\n<p style=\"text-align: center;\"><span style=\"font-size: 12pt; font-family: arial, helvetica, sans-serif;\"><strong>Roxie<\/strong> jest idealny dla magik\u00f3w, clown\u00f3w, brzuchom\u00f3wc\u00f3w i komik\u00f3w.<\/span><\/p>\n<p style=\"text-align: center;\">\u00a0<\/p>\n<p style=\"text-align: center;\"><strong><span style=\"font-size: 12pt; font-family: arial, helvetica, sans-serif;\">Polecamy,<\/span><\/strong><\/p>\n<p style=\"text-align: center;\"><strong><span style=\"font-size: 12pt; font-family: arial, helvetica, sans-serif;\">magiiik.pl<\/span><\/strong><\/p>\n<p style=\"text-align: center;\">\u00a0<\/p>\n<p>\u00a0<\/p>\n","protected":false},"excerpt":{"rendered":"<p><strong>Roxie The Raccoon<\/strong><\/p>\n","protected":false},"featured_media":9540,"comment_status":"closed","ping_status":"open","template":"","meta":[],"product_brand":[],"product_cat":[17],"product_tag":[],"class_list":{"0":"post-9539","1":"product","2":"type-product","3":"status-publish","4":"has-post-thumbnail","6":"product_cat-iluzja-sceniczna","8":"first","9":"instock","10":"purchasable","11":"product-type-simple"},"_links":{"self":[{"href":"https:\/\/magiiik.netstory.com.pl\/index.php?rest_route=\/wp\/v2\/product\/9539","targetHints":{"allow":["GET"]}}],"collection":[{"href":"https:\/\/magiiik.netstory.com.pl\/index.php?rest_route=\/wp\/v2\/product"}],"about":[{"href":"https:\/\/magiiik.netstory.com.pl\/index.php?rest_route=\/wp\/v2\/types\/product"}],"replies":[{"embeddable":true,"href":"https:\/\/magiiik.netstory.com.pl\/index.php?rest_route=%2Fwp%2Fv2%2Fcomments&post=9539"}],"wp:featuredmedia":[{"embeddable":true,"href":"https:\/\/magiiik.netstory.com.pl\/index.php?rest_route=\/wp\/v2\/media\/9540"}],"wp:attachment":[{"href":"https:\/\/magiiik.netstory.com.pl\/index.php?rest_route=%2Fwp%2Fv2%2Fmedia&parent=9539"}],"wp:term":[{"taxonomy":"product_brand","embeddable":true,"href":"https:\/\/magiiik.netstory.com.pl\/index.php?rest_route=%2Fwp%2Fv2%2Fproduct_brand&post=9539"},{"taxonomy":"product_cat","embeddable":true,"href":"https:\/\/magiiik.netstory.com.pl\/index.php?rest_route=%2Fwp%2Fv2%2Fproduct_cat&post=9539"},{"taxonomy":"product_tag","embeddable":true,"href":"https:\/\/magiiik.netstory.com.pl\/index.php?rest_route=%2Fwp%2Fv2%2Fproduct_tag&post=9539"}],"curies":[{"name":"wp","href":"https:\/\/api.w.org\/{rel}","templated":true}]}}