{"id":9531,"date":"2025-09-19T13:25:55","date_gmt":"2025-09-19T11:25:55","guid":{"rendered":"https:\/\/magiiik.netstory.com.pl\/produkt\/scorpion-moth-by-mac-king-peter-studebaker\/"},"modified":"2025-09-19T13:26:06","modified_gmt":"2025-09-19T11:26:06","slug":"scorpion-moth-by-mac-king-peter-studebaker","status":"publish","type":"product","link":"https:\/\/magiiik.netstory.com.pl\/?product=scorpion-moth-by-mac-king-peter-studebaker","title":{"rendered":"Scorpion Moth by Mac King &#038; Peter Studebaker"},"content":{"rendered":"<p style=\"text-align: center;\"><span style=\"font-size: 14pt; font-family: arial, helvetica, sans-serif;\">Wyszukaj w\u015br\u00f3d swoich widz\u00f3w &#8222;ofiar\u0119&#8221;, kt\u00f3rej zaprezentujesz ten obrzydliwy efekt.\u00a0<\/span><\/p>\n<p style=\"text-align: center;\">\u00a0<\/p>\n<p style=\"text-align: center;\"><span style=\"font-size: 12pt; font-family: arial, helvetica, sans-serif;\">Skieruj rozmow\u0119 na jadowite, obrzydliwe robale.\u00a0<\/span><\/p>\n<p style=\"text-align: center;\"><span style=\"font-size: 12pt; font-family: arial, helvetica, sans-serif;\">&#8211; &#8222;Czy s\u0142ysza\u0142a\u015b o inwazji jadowitych motyli?&#8221; &#8211; zapytaj.<\/span><\/p>\n<p style=\"text-align: center;\"><span style=\"font-size: 12pt; font-family: arial, helvetica, sans-serif;\">&#8211; &#8222;Nie, nic takiego nie s\u0142ysza\u0142am&#8230;&#8221; &#8211; przyk\u0142adowo odpowie Tw\u00f3j widz.<\/span><\/p>\n<p style=\"text-align: center;\"><span style=\"font-size: 12pt; font-family: arial, helvetica, sans-serif;\">&#8211; &#8222;Naprawd\u0119?! Podobno w pobli\u017cu Kutna (podajesz miasto, w kt\u00f3rym odbywa si\u0119 Twoje show) ju\u017c jest kilka ofiar \u015bmiertelnych od ich uk\u0105sze\u0144&#8230; Teraz prezentujesz ksi\u0105\u017ck\u0119, w kt\u00f3rej o tym przeczyta\u0142e\u015b. Zach\u0119casz widza, aby wzi\u0105\u0142 od Ciebie t\u0119 ksi\u0105\u017ck\u0119 i dok\u0142adnie zobaczy\u0142, jak wygl\u0105da taki jadowity robal&#8230; W tym momencie otwiera on ksi\u0105\u017ck\u0119 i&#8230; w\u0142a\u015bnie wylatuje z niej motyl, o kt\u00f3rym rozmawiali\u015bcie.<\/span><\/p>\n<p style=\"text-align: center;\">\u00a0<\/p>\n<p style=\"text-align: center;\"><iframe loading=\"lazy\" src=\"\/\/www.youtube.com\/embed\/KGFvoR4JJ4A\" width=\"506\" height=\"417\"><\/iframe><\/p>\n<p style=\"text-align: center;\"><strong><span style=\"font-size: 12pt; font-family: arial, helvetica, sans-serif;\">Polecamy,<\/span><\/strong><\/p>\n<p style=\"text-align: center;\"><strong><span style=\"font-size: 12pt; font-family: arial, helvetica, sans-serif;\">magiiik.pl<\/span><\/strong><\/p>\n","protected":false},"excerpt":{"rendered":"<p><strong>Scorpion Moth by Mac King &amp; Peter Studebaker\u00a0<br \/><\/strong><\/p>\n","protected":false},"featured_media":9532,"comment_status":"closed","ping_status":"open","template":"","meta":[],"product_brand":[],"product_cat":[17],"product_tag":[],"class_list":{"0":"post-9531","1":"product","2":"type-product","3":"status-publish","4":"has-post-thumbnail","6":"product_cat-iluzja-sceniczna","8":"first","9":"instock","10":"purchasable","11":"product-type-simple"},"_links":{"self":[{"href":"https:\/\/magiiik.netstory.com.pl\/index.php?rest_route=\/wp\/v2\/product\/9531","targetHints":{"allow":["GET"]}}],"collection":[{"href":"https:\/\/magiiik.netstory.com.pl\/index.php?rest_route=\/wp\/v2\/product"}],"about":[{"href":"https:\/\/magiiik.netstory.com.pl\/index.php?rest_route=\/wp\/v2\/types\/product"}],"replies":[{"embeddable":true,"href":"https:\/\/magiiik.netstory.com.pl\/index.php?rest_route=%2Fwp%2Fv2%2Fcomments&post=9531"}],"wp:featuredmedia":[{"embeddable":true,"href":"https:\/\/magiiik.netstory.com.pl\/index.php?rest_route=\/wp\/v2\/media\/9532"}],"wp:attachment":[{"href":"https:\/\/magiiik.netstory.com.pl\/index.php?rest_route=%2Fwp%2Fv2%2Fmedia&parent=9531"}],"wp:term":[{"taxonomy":"product_brand","embeddable":true,"href":"https:\/\/magiiik.netstory.com.pl\/index.php?rest_route=%2Fwp%2Fv2%2Fproduct_brand&post=9531"},{"taxonomy":"product_cat","embeddable":true,"href":"https:\/\/magiiik.netstory.com.pl\/index.php?rest_route=%2Fwp%2Fv2%2Fproduct_cat&post=9531"},{"taxonomy":"product_tag","embeddable":true,"href":"https:\/\/magiiik.netstory.com.pl\/index.php?rest_route=%2Fwp%2Fv2%2Fproduct_tag&post=9531"}],"curies":[{"name":"wp","href":"https:\/\/api.w.org\/{rel}","templated":true}]}}