{"id":9507,"date":"2025-09-19T13:25:55","date_gmt":"2025-09-19T11:25:55","guid":{"rendered":"https:\/\/magiiik.netstory.com.pl\/produkt\/stars-of-magic-1-paul-harris-video-download\/"},"modified":"2025-09-19T13:26:00","modified_gmt":"2025-09-19T11:26:00","slug":"stars-of-magic-1-paul-harris-video-download","status":"publish","type":"product","link":"https:\/\/magiiik.netstory.com.pl\/?product=stars-of-magic-1-paul-harris-video-download","title":{"rendered":"Stars Of Magic #1 (Paul Harris) (video DOWNLOAD)"},"content":{"rendered":"<p style=\"text-align: center;\"><span style=\"font-size: 14pt; font-family: arial, helvetica, sans-serif;\"><strong>Paul Harris<\/strong> uwa\u017cany jest za jednego z najbardziej tw\u00f3rczych umys\u0142\u00f3w w historii magii. Innowacyjne metody, atrakcyjne tricki, zaskakuj\u0105ce procedury, to wszystko, co mo\u017cesz zobaczy\u0107 w tym video.<\/span><\/p>\n<div id=\"ctl00_Content_ProductDetailPanel\" style=\"color: #444444; font-size: 13px; font-family: Arial, sans-serif;\">\n<div id=\"ProductDetails\" class=\"ProductDetailsBody\">\n<div id=\"CobaltProductPage_ItemDesc\" class=\"ItemDetailDescription\">\n<div id=\"DescriptionPanel\">\n<p><span style=\"font-size: 12pt; font-family: arial, helvetica, sans-serif;\"><strong>PAUL HARRIS (VOL 1)<\/strong><\/span><\/p>\n<ul>\n<li><span style=\"font-size: 12pt; font-family: arial, helvetica, sans-serif;\">Super Swindle<\/span><\/li>\n<li><span style=\"font-size: 12pt; font-family: arial, helvetica, sans-serif;\">Bizarre Vanish<\/span><\/li>\n<li><span style=\"font-size: 12pt; font-family: arial, helvetica, sans-serif;\">Sidewinder<\/span><\/li>\n<li><span style=\"font-size: 12pt; font-family: arial, helvetica, sans-serif;\">Ultimate Ripoff<\/span><\/li>\n<li><span style=\"font-size: 12pt; font-family: arial, helvetica, sans-serif;\">Mickey Mouse Math<\/span><\/li>\n<li><span style=\"font-size: 12pt; font-family: arial, helvetica, sans-serif;\">Wack Your Pack<\/span><\/li>\n<li><span style=\"font-size: 12pt; font-family: arial, helvetica, sans-serif;\">Las Vegas Leaper<\/span><\/li>\n<li><span style=\"font-size: 12pt; font-family: arial, helvetica, sans-serif;\">Solid Deception<\/span><\/li>\n<li><span style=\"font-size: 12pt; font-family: arial, helvetica, sans-serif;\">Elevator Card Trick<\/span><\/li>\n<li><span style=\"font-size: 12pt; font-family: arial, helvetica, sans-serif;\">Bizarre Twist<\/span><\/li>\n<li><span style=\"font-size: 12pt; font-family: arial, helvetica, sans-serif;\">Overkill<\/span><\/li>\n<\/ul>\n<p><span style=\"font-size: 12pt; font-family: arial, helvetica, sans-serif;\"><strong>PAUL HARRIS<br \/>CLOSE UP CLASSICS (VOL 2)<\/strong><\/span><\/p>\n<ul>\n<li><span style=\"font-size: 12pt; font-family: arial, helvetica, sans-serif;\">Bush Whacker<\/span><\/li>\n<li><span style=\"font-size: 12pt; font-family: arial, helvetica, sans-serif;\">Seductive Switch<\/span><\/li>\n<li><span style=\"font-size: 12pt; font-family: arial, helvetica, sans-serif;\">Strange Exchange<\/span><\/li>\n<li><span style=\"font-size: 12pt; font-family: arial, helvetica, sans-serif;\">Hi-Ho Silver!<\/span><\/li>\n<li><span style=\"font-size: 12pt; font-family: arial, helvetica, sans-serif;\">Ballerina Cards (Las Vegas Split)<\/span><\/li>\n<li><span style=\"font-size: 12pt; font-family: arial, helvetica, sans-serif;\">Interlaced Vanish<\/span><\/li>\n<li><span style=\"font-size: 12pt; font-family: arial, helvetica, sans-serif;\">Reset<\/span><\/li>\n<li><span style=\"font-size: 12pt; font-family: arial, helvetica, sans-serif;\">Limo Service<\/span><\/li>\n<li><span style=\"font-size: 12pt; font-family: arial, helvetica, sans-serif;\">Screenplay<\/span><\/li>\n<\/ul>\n<p><span style=\"font-size: 12pt; font-family: arial, helvetica, sans-serif;\"><strong>PAUL HARRIS<br \/>ADVENTURES IN CLOSE-UP (VOL 3)<\/strong><\/span><\/p>\n<ul>\n<li><span style=\"font-size: 12pt; font-family: arial, helvetica, sans-serif;\">Flash Fold<\/span><\/li>\n<li><span style=\"font-size: 12pt; font-family: arial, helvetica, sans-serif;\">Vanishing Deck<\/span><\/li>\n<li><span style=\"font-size: 12pt; font-family: arial, helvetica, sans-serif;\">Open Revelation<\/span><\/li>\n<li><span style=\"font-size: 12pt; font-family: arial, helvetica, sans-serif;\">Mondo Nifty Invisible Palm Aces<\/span><\/li>\n<li><span style=\"font-size: 12pt; font-family: arial, helvetica, sans-serif;\">Sticky Fingers<\/span><\/li>\n<li><span style=\"font-size: 12pt; font-family: arial, helvetica, sans-serif;\">Vacuum Cleaner Cards<\/span><\/li>\n<li><span style=\"font-size: 12pt; font-family: arial, helvetica, sans-serif;\">Immaculate Connection<\/span><\/li>\n<li><span style=\"font-size: 12pt; font-family: arial, helvetica, sans-serif;\">MONSTER COIN ROUTINE featuring:<\/span><br \/><span style=\"font-size: 12pt; font-family: arial, helvetica, sans-serif;\">\u00a0 Silver Slide<\/span><br \/><span style=\"font-size: 12pt; font-family: arial, helvetica, sans-serif;\">\u00a0 Giant Killer Coin<\/span><br \/><span style=\"font-size: 12pt; font-family: arial, helvetica, sans-serif;\">\u00a0 Free Flight<\/span><br \/><span style=\"font-size: 12pt; font-family: arial, helvetica, sans-serif;\">\u00a0 Michael&#8217;s Proposition<\/span><br \/><span style=\"font-size: 12pt; font-family: arial, helvetica, sans-serif;\">\u00a0 PDQ Coins Across<\/span><\/li>\n<li><span style=\"font-size: 12pt; font-family: arial, helvetica, sans-serif;\">Twilight<\/span><\/li>\n<li><span style=\"font-size: 12pt; font-family: arial, helvetica, sans-serif;\">Color Stunner<\/span><\/li>\n<li><span style=\"font-size: 12pt; font-family: arial, helvetica, sans-serif;\">Blue Tatoo<\/span><\/li>\n<li><span style=\"font-size: 12pt; font-family: arial, helvetica, sans-serif;\">The Uncut Version<\/span><\/li>\n<li><span style=\"font-size: 12pt; font-family: arial, helvetica, sans-serif;\">TV Magic Card<\/span><\/li>\n<\/ul>\n<p>  <span style=\"font-size: 12pt; font-family: arial, helvetica, sans-serif;\"><em>D\u0142ugo\u015b\u0107 filmu:\u00a0<\/em> 208 min.<\/span><\/div>\n<p>\u00a0<\/p>\n<\/p><\/div><\/div><\/div>\n","protected":false},"excerpt":{"rendered":"<p><strong>Stars Of Magic #1 (Paul Harris)<\/strong><\/p>\n","protected":false},"featured_media":9508,"comment_status":"closed","ping_status":"open","template":"","meta":[],"product_brand":[],"product_cat":[55],"product_tag":[],"class_list":{"0":"post-9507","1":"product","2":"type-product","3":"status-publish","4":"has-post-thumbnail","6":"product_cat-ksiazki-dvd-download-downloads","8":"first","9":"instock","10":"purchasable","11":"product-type-simple"},"_links":{"self":[{"href":"https:\/\/magiiik.netstory.com.pl\/index.php?rest_route=\/wp\/v2\/product\/9507","targetHints":{"allow":["GET"]}}],"collection":[{"href":"https:\/\/magiiik.netstory.com.pl\/index.php?rest_route=\/wp\/v2\/product"}],"about":[{"href":"https:\/\/magiiik.netstory.com.pl\/index.php?rest_route=\/wp\/v2\/types\/product"}],"replies":[{"embeddable":true,"href":"https:\/\/magiiik.netstory.com.pl\/index.php?rest_route=%2Fwp%2Fv2%2Fcomments&post=9507"}],"wp:featuredmedia":[{"embeddable":true,"href":"https:\/\/magiiik.netstory.com.pl\/index.php?rest_route=\/wp\/v2\/media\/9508"}],"wp:attachment":[{"href":"https:\/\/magiiik.netstory.com.pl\/index.php?rest_route=%2Fwp%2Fv2%2Fmedia&parent=9507"}],"wp:term":[{"taxonomy":"product_brand","embeddable":true,"href":"https:\/\/magiiik.netstory.com.pl\/index.php?rest_route=%2Fwp%2Fv2%2Fproduct_brand&post=9507"},{"taxonomy":"product_cat","embeddable":true,"href":"https:\/\/magiiik.netstory.com.pl\/index.php?rest_route=%2Fwp%2Fv2%2Fproduct_cat&post=9507"},{"taxonomy":"product_tag","embeddable":true,"href":"https:\/\/magiiik.netstory.com.pl\/index.php?rest_route=%2Fwp%2Fv2%2Fproduct_tag&post=9507"}],"curies":[{"name":"wp","href":"https:\/\/api.w.org\/{rel}","templated":true}]}}