{"id":9500,"date":"2025-09-19T13:25:55","date_gmt":"2025-09-19T11:25:55","guid":{"rendered":"https:\/\/magiiik.netstory.com.pl\/produkt\/flips-flip-hallema-truly-magical-rope-video-download\/"},"modified":"2025-09-19T13:25:57","modified_gmt":"2025-09-19T11:25:57","slug":"flips-flip-hallema-truly-magical-rope-video-download","status":"publish","type":"product","link":"https:\/\/magiiik.netstory.com.pl\/?product=flips-flip-hallema-truly-magical-rope-video-download","title":{"rendered":"Flip&#8217;s (Flip Hallema) Truly Magical Rope (video DOWNLOAD)"},"content":{"rendered":"<p><span style=\"font-size: 12pt; font-family: arial, helvetica, sans-serif;\"><strong>Flip Hallema<\/strong> &#8211; holenderski iluzjonista i mi\u0119dzynarodowa Gwiazda, kt\u00f3ra w tym d\u0142ugim, podw\u00f3jnym video zaprezentuje i wyja\u015bni, krok po kroku swoje najbardziej kreatywne i oryginalne tricki ze sznurami. S\u0105 to tricki nie podobne do \u017cadnych innych, jedne z lepszych, jakie \u015bwiat kiedykolwiek widzia\u0142. W wi\u0119kszo\u015bci efekt\u00f3w, sekwencje s\u0105 zabawne, kapry\u015bne i bardzo magiczne. I co najwa\u017cniejsze, \u0142atwe do wykonania. Video przedstawia ca\u0142e rutyny, nie tylko wyrywkowe tricki!<\/span><\/p>\n<p>\u00a0<\/p>\n<p><span style=\"font-size: 12pt; font-family: arial, helvetica, sans-serif;\"><iframe loading=\"lazy\" src=\"\/\/www.youtube.com\/embed\/qCflsvqX_7o\" width=\"425\" height=\"350\"><\/iframe><\/span><\/p>\n<p>\u00a0<\/p>\n<p>\u00a0<\/p>\n<p><strong><span style=\"font-size: 12pt; font-family: arial, helvetica, sans-serif;\">Rutyna Pierwsza &#8211; Flip&#8217;s Routine<\/span><\/strong><\/p>\n<p><span style=\"font-size: 12pt;\">Jak poznasz sekret tej rutyny, b\u0119dziesz j\u0105 wykonywa\u0142 do ko\u0144ca swojego \u017cycia! A w niej:\u00a0<span style=\"font-family: arial, helvetica, sans-serif;\">Stretching the Rope, Cutting Rope Without Scissors, Sliding Knot with Kicker, Two Unequal Ropes to Equal Ropes, Restoring Rope in Middle, Restoring the Rope from Pocket, One Continuous Loop From Pocket, Knot Restoration, Ball of Rope Vanish.<\/span><\/span><\/p>\n<p><strong><span style=\"font-size: 12pt; font-family: arial, helvetica, sans-serif;\">Rutyna Druga &#8211;\u00a0Chinese Knot Routine<\/span><\/strong><\/p>\n<p><span style=\"font-size: 12pt; font-family: arial, helvetica, sans-serif;\">Scientific Knot, Three Different Vanishing False Knots, Instant Knot, Reappearing Knot, Family of Knots, Sayonara Knot.<\/span><\/p>\n<p><strong><span style=\"font-size: 12pt; font-family: arial, helvetica, sans-serif;\">Rope Penetrations<\/span><\/strong><\/p>\n<p><span style=\"font-size: 12pt; font-family: arial, helvetica, sans-serif;\">Tutaj poznasz sekrety penetracji liny. Twoi widzowie zobacz\u0105, \u017ce lina mo\u017ce przenikn\u0105\u0107 praktycznie przez wszystko!\u00a0<\/span><\/p>\n<p><span style=\"font-size: 12pt; font-family: arial, helvetica, sans-serif;\">&#8211; Rope Through Leg, Rope Through Arm, Rope Through Thumb, Rope through Neck, Rope Through Necktie Method.<\/span><\/p>\n<p><strong><span style=\"font-size: 12pt; font-family: arial, helvetica, sans-serif;\">Rutyna Trzecia &#8211;\u00a0Vanishing and Reappearing Knot Routine<\/span><\/strong><\/p>\n<p><span style=\"font-size: 12pt; font-family: arial, helvetica, sans-serif;\">Po raz kolejny, <strong>Flip<\/strong> pokazuje tricki z w\u0119z\u0142ami i ca\u0142kowicie oczarowuje widz\u00f3w.\u00a0<\/span><\/p>\n<p><span style=\"font-size: 12pt; font-family: arial, helvetica, sans-serif;\">&#8211; Knot Transposition, Instant Knot Vanish, Instant Knot Reappearance, Horizontal Rope Principle, Instant Knot.<\/span><\/p>\n<p><strong><span style=\"font-size: 12pt; font-family: arial, helvetica, sans-serif;\">Rutyna Czwarta &#8211;\u00a0Halloween Costume Routine<\/span><\/strong><\/p>\n<p><span style=\"font-size: 12pt; font-family: arial, helvetica, sans-serif;\">&#8211; Hilda the German Girl, Cowboy on Sunday with Bowtie, Belt, Disappearing Belt, Bikini Top, Cartoon Mouse, Santa Clause, Old Man with Glasses, Carrying Handles, Chinese Magician, Three Instant Knots in Rope.<\/span><\/p>\n<p><strong><span style=\"font-size: 12pt; font-family: arial, helvetica, sans-serif;\">Rutyna Pi\u0105ta &#8211;\u00a0Ring on Rope Routine<\/span><\/strong><\/p>\n<p><span style=\"font-size: 12pt; font-family: arial, helvetica, sans-serif;\">Metalowy pier\u015bcie\u0144 w niezwyk\u0142y spos\u00f3b przenika przez lin\u0119 w jedn\u0105 i drug\u0105 stron\u0119. Flip nauczy Ci\u0119 tutaj wielu nowych ruch\u00f3w tego klasycznego tricku.\u00a0<\/span><\/p>\n<p><span style=\"font-size: 12pt; font-family: arial, helvetica, sans-serif;\">&#8211; Invisible Hole Penetration, Tossed Ring Penetration, Ring Removed from Center of Rope, Instant Ring Penetration, Ring and French Knot in Rope, Knot Penetration, Houdini Ring Penetration.<\/span><\/p>\n<p>\u00a0<\/p>\n<p><strong><span style=\"font-size: 12pt; font-family: arial, helvetica, sans-serif;\">Polecamy,<\/span><\/strong><\/p>\n<p><strong><span style=\"font-size: 12pt; font-family: arial, helvetica, sans-serif;\">magiiik.pl<\/span><\/strong><\/p>\n<p>\u00a0<\/p>\n","protected":false},"excerpt":{"rendered":"<p><strong>Flip&#8217;s (Flip Hallema) Truly Magical Rope<\/strong><\/p>\n","protected":false},"featured_media":9501,"comment_status":"closed","ping_status":"open","template":"","meta":[],"product_brand":[],"product_cat":[55],"product_tag":[],"class_list":{"0":"post-9500","1":"product","2":"type-product","3":"status-publish","4":"has-post-thumbnail","6":"product_cat-ksiazki-dvd-download-downloads","8":"first","9":"instock","10":"purchasable","11":"product-type-simple"},"_links":{"self":[{"href":"https:\/\/magiiik.netstory.com.pl\/index.php?rest_route=\/wp\/v2\/product\/9500","targetHints":{"allow":["GET"]}}],"collection":[{"href":"https:\/\/magiiik.netstory.com.pl\/index.php?rest_route=\/wp\/v2\/product"}],"about":[{"href":"https:\/\/magiiik.netstory.com.pl\/index.php?rest_route=\/wp\/v2\/types\/product"}],"replies":[{"embeddable":true,"href":"https:\/\/magiiik.netstory.com.pl\/index.php?rest_route=%2Fwp%2Fv2%2Fcomments&post=9500"}],"wp:featuredmedia":[{"embeddable":true,"href":"https:\/\/magiiik.netstory.com.pl\/index.php?rest_route=\/wp\/v2\/media\/9501"}],"wp:attachment":[{"href":"https:\/\/magiiik.netstory.com.pl\/index.php?rest_route=%2Fwp%2Fv2%2Fmedia&parent=9500"}],"wp:term":[{"taxonomy":"product_brand","embeddable":true,"href":"https:\/\/magiiik.netstory.com.pl\/index.php?rest_route=%2Fwp%2Fv2%2Fproduct_brand&post=9500"},{"taxonomy":"product_cat","embeddable":true,"href":"https:\/\/magiiik.netstory.com.pl\/index.php?rest_route=%2Fwp%2Fv2%2Fproduct_cat&post=9500"},{"taxonomy":"product_tag","embeddable":true,"href":"https:\/\/magiiik.netstory.com.pl\/index.php?rest_route=%2Fwp%2Fv2%2Fproduct_tag&post=9500"}],"curies":[{"name":"wp","href":"https:\/\/api.w.org\/{rel}","templated":true}]}}