{"id":9496,"date":"2025-09-19T13:25:55","date_gmt":"2025-09-19T11:25:55","guid":{"rendered":"https:\/\/magiiik.netstory.com.pl\/produkt\/at-the-table-live-lecture-marcelo-insua-video-download\/"},"modified":"2025-09-19T13:25:56","modified_gmt":"2025-09-19T11:25:56","slug":"at-the-table-live-lecture-marcelo-insua-video-download","status":"publish","type":"product","link":"https:\/\/magiiik.netstory.com.pl\/?product=at-the-table-live-lecture-marcelo-insua-video-download","title":{"rendered":"At the Table Live Lecture &#8211; Marcelo Insua (video DOWNLOAD)"},"content":{"rendered":"<p style=\"text-align: center;\"><span style=\"font-size: 12pt; font-family: arial, helvetica, sans-serif;\"><strong>Marcelo Insua<\/strong> &#8211; tw\u00f3rca <strong>Tango Magic<\/strong> i s\u0142ynnego <strong>Bar Magico<\/strong>.\u00a0<\/span><\/p>\n<p style=\"text-align: center;\"><span style=\"font-size: 12pt; font-family: arial, helvetica, sans-serif;\">Z ponad 200 jego wyk\u0142ad\u00f3w, kt\u00f3re przeprowadzi\u0142 mo\u017cesz si\u0119 spodziewa\u0107 najlepszych trick\u00f3w i sztuczek z monetami, kartami i mentalnych, kt\u00f3re poka\u017ce w <strong>At The Table<\/strong>. Pomys\u0142owe rozwi\u0105zania <strong>Marcelo<\/strong> zdoby\u0142y najbardziej presti\u017cowe nagrody w bran\u017cy magicznej.<\/span><\/p>\n<p style=\"text-align: center;\"><span style=\"font-size: 12pt; font-family: arial, helvetica, sans-serif;\"><strong>Invisible Deck<\/strong> &#8211; <strong>Marcelo<\/strong> nauczy Ci\u0119, mi\u0119dzy innymi, jak wykona\u0107 ten wspania\u0142y trick bez specjalnej talii kart! Poka\u017ce &#8222;pojawienie butelki&#8221;, ale r\u00f3wnie\u017c Chop Cup&#8230; bez Chop Cup! Wiele trick\u00f3w z monetami, kartami i innymi przedmiotami.<\/span><\/p>\n<p style=\"text-align: center;\"><strong><span style=\"font-size: 12pt; font-family: arial, helvetica, sans-serif;\">Polecamy,<\/span><\/strong><\/p>\n<p style=\"text-align: center;\"><strong><span style=\"font-size: 12pt; font-family: arial, helvetica, sans-serif;\">magiiik.pl<\/span><\/strong><\/p>\n<p>\u00a0<\/p>\n","protected":false},"excerpt":{"rendered":"<p><strong>At the Table Live Lecture &#8211; Marcelo Insua (video DOWNLOAD)<\/strong><\/p>\n","protected":false},"featured_media":9497,"comment_status":"closed","ping_status":"open","template":"","meta":[],"product_brand":[],"product_cat":[50],"product_tag":[],"class_list":{"0":"post-9496","1":"product","2":"type-product","3":"status-publish","4":"has-post-thumbnail","6":"product_cat-ksiazki-dvd-download-downloads-at-the-table","8":"first","9":"instock","10":"purchasable","11":"product-type-simple"},"_links":{"self":[{"href":"https:\/\/magiiik.netstory.com.pl\/index.php?rest_route=\/wp\/v2\/product\/9496","targetHints":{"allow":["GET"]}}],"collection":[{"href":"https:\/\/magiiik.netstory.com.pl\/index.php?rest_route=\/wp\/v2\/product"}],"about":[{"href":"https:\/\/magiiik.netstory.com.pl\/index.php?rest_route=\/wp\/v2\/types\/product"}],"replies":[{"embeddable":true,"href":"https:\/\/magiiik.netstory.com.pl\/index.php?rest_route=%2Fwp%2Fv2%2Fcomments&post=9496"}],"wp:featuredmedia":[{"embeddable":true,"href":"https:\/\/magiiik.netstory.com.pl\/index.php?rest_route=\/wp\/v2\/media\/9497"}],"wp:attachment":[{"href":"https:\/\/magiiik.netstory.com.pl\/index.php?rest_route=%2Fwp%2Fv2%2Fmedia&parent=9496"}],"wp:term":[{"taxonomy":"product_brand","embeddable":true,"href":"https:\/\/magiiik.netstory.com.pl\/index.php?rest_route=%2Fwp%2Fv2%2Fproduct_brand&post=9496"},{"taxonomy":"product_cat","embeddable":true,"href":"https:\/\/magiiik.netstory.com.pl\/index.php?rest_route=%2Fwp%2Fv2%2Fproduct_cat&post=9496"},{"taxonomy":"product_tag","embeddable":true,"href":"https:\/\/magiiik.netstory.com.pl\/index.php?rest_route=%2Fwp%2Fv2%2Fproduct_tag&post=9496"}],"curies":[{"name":"wp","href":"https:\/\/api.w.org\/{rel}","templated":true}]}}