{"id":9482,"date":"2025-09-19T13:25:14","date_gmt":"2025-09-19T11:25:14","guid":{"rendered":"https:\/\/magiiik.netstory.com.pl\/produkt\/space-time-blue-by-tom-elderfield\/"},"modified":"2025-09-19T13:25:33","modified_gmt":"2025-09-19T11:25:33","slug":"space-time-blue-by-tom-elderfield","status":"publish","type":"product","link":"https:\/\/magiiik.netstory.com.pl\/?product=space-time-blue-by-tom-elderfield","title":{"rendered":"Space Time Blue by Tom Elderfield"},"content":{"rendered":"<p style=\"text-align: center;\"><em><span style=\"font-size: 12pt; font-family: arial, helvetica, sans-serif;\">&#8222;Jest to zdecydowanie moja ulubiona koncepcja poruszaj\u0105cego si\u0119 otworu&#8221;<\/span><\/em><\/p>\n<p style=\"text-align: center;\"><span style=\"font-size: 12pt; font-family: arial, helvetica, sans-serif;\">&#8211; <strong>SHIN LIM<\/strong><\/span><\/p>\n<p style=\"text-align: center;\"><span style=\"font-size: 12pt; font-family: arial, helvetica, sans-serif;\">W \u015bwiecie fizyki r\u00f3\u017cne odkrycia dokonywane s\u0105 ka\u017cdego dnia i kszta\u0142tuj\u0105 przysz\u0142o\u015b\u0107 ludzko\u015bci. Wi\u0119kszo\u015bci z tych odkry\u0107 nie mo\u017cemy zobaczy\u0107 lub poczu\u0107. Dop\u00f3ki <strong>Tom Elderfield<\/strong> nie wymy\u015bli\u0142 tego efektu &#8211; poruszaj\u0105cego si\u0119 otworu w karcie do gry!<\/span><\/p>\n<p style=\"text-align: center;\"><span style=\"font-size: 12pt; font-family: arial, helvetica, sans-serif;\">Ten efekt to najnowsze cudo <strong>Tom<\/strong>&#8217;a, w kt\u00f3rym umieszcza otw\u00f3r na karcie do gry, a nast\u0119pnie otw\u00f3r ten przeskakuje w r\u00f3\u017cne miejsca. W przeciwie\u0144stwie do poprzednich wersji tego tricku, mo\u017cesz wyra\u017anie pokaza\u0107 kart\u0119 z obu stron na ka\u017cdym etapie prezentacji.\u00a0<\/span><\/p>\n<p style=\"text-align: center;\"><span style=\"font-size: 12pt; font-family: arial, helvetica, sans-serif;\"><iframe loading=\"lazy\" src=\"\/\/www.youtube.com\/embed\/XzfWYXh9nK8\" width=\"425\" height=\"350\"><\/iframe><\/span><\/p>\n<p style=\"text-align: left;\"><span style=\"font-size: 12pt; font-family: arial, helvetica, sans-serif;\">&#8211; \u0142atwe do wykonania;<\/span><\/p>\n<p style=\"text-align: left;\"><span style=\"font-size: 12pt; font-family: arial, helvetica, sans-serif;\">&#8211; natychmiastowy efekt;<\/span><\/p>\n<p style=\"text-align: left;\"><span style=\"font-size: 12pt; font-family: arial, helvetica, sans-serif;\">&#8211; prawdziwa dziura w karcie;<\/span><\/p>\n<p style=\"text-align: left;\"><span style=\"font-size: 12pt; font-family: arial, helvetica, sans-serif;\">&#8211; sztuczka r\u0119cznie wykonana z najwi\u0119ksz\u0105 staranno\u015bci\u0105;<\/span><\/p>\n<p style=\"text-align: left;\"><span style=\"font-size: 12pt; font-family: arial, helvetica, sans-serif;\">&#8211; instrukcja online.<\/span><\/p>\n<p style=\"text-align: left;\">\u00a0<\/p>\n<p style=\"text-align: left;\"><strong><span style=\"font-size: 12pt; font-family: arial, helvetica, sans-serif;\">Polecamy,<\/span><\/strong><\/p>\n<p style=\"text-align: left;\"><strong><span style=\"font-size: 12pt; font-family: arial, helvetica, sans-serif;\">magiiik.pl<\/span><\/strong><\/p>\n","protected":false},"excerpt":{"rendered":"<p><strong>Space Time Blue by Tom Elderfield<\/strong><\/p>\n","protected":false},"featured_media":9483,"comment_status":"closed","ping_status":"open","template":"","meta":[],"product_brand":[],"product_cat":[41],"product_tag":[],"class_list":{"0":"post-9482","1":"product","2":"type-product","3":"status-publish","4":"has-post-thumbnail","6":"product_cat-mikro-iluzja-close-up-efekty-z-kartami","8":"first","9":"instock","10":"purchasable","11":"product-type-simple"},"_links":{"self":[{"href":"https:\/\/magiiik.netstory.com.pl\/index.php?rest_route=\/wp\/v2\/product\/9482","targetHints":{"allow":["GET"]}}],"collection":[{"href":"https:\/\/magiiik.netstory.com.pl\/index.php?rest_route=\/wp\/v2\/product"}],"about":[{"href":"https:\/\/magiiik.netstory.com.pl\/index.php?rest_route=\/wp\/v2\/types\/product"}],"replies":[{"embeddable":true,"href":"https:\/\/magiiik.netstory.com.pl\/index.php?rest_route=%2Fwp%2Fv2%2Fcomments&post=9482"}],"wp:featuredmedia":[{"embeddable":true,"href":"https:\/\/magiiik.netstory.com.pl\/index.php?rest_route=\/wp\/v2\/media\/9483"}],"wp:attachment":[{"href":"https:\/\/magiiik.netstory.com.pl\/index.php?rest_route=%2Fwp%2Fv2%2Fmedia&parent=9482"}],"wp:term":[{"taxonomy":"product_brand","embeddable":true,"href":"https:\/\/magiiik.netstory.com.pl\/index.php?rest_route=%2Fwp%2Fv2%2Fproduct_brand&post=9482"},{"taxonomy":"product_cat","embeddable":true,"href":"https:\/\/magiiik.netstory.com.pl\/index.php?rest_route=%2Fwp%2Fv2%2Fproduct_cat&post=9482"},{"taxonomy":"product_tag","embeddable":true,"href":"https:\/\/magiiik.netstory.com.pl\/index.php?rest_route=%2Fwp%2Fv2%2Fproduct_tag&post=9482"}],"curies":[{"name":"wp","href":"https:\/\/api.w.org\/{rel}","templated":true}]}}