{"id":9475,"date":"2025-09-19T13:25:14","date_gmt":"2025-09-19T11:25:14","guid":{"rendered":"https:\/\/magiiik.netstory.com.pl\/produkt\/rise-by-sean-scott\/"},"modified":"2025-09-19T13:25:31","modified_gmt":"2025-09-19T11:25:31","slug":"rise-by-sean-scott","status":"publish","type":"product","link":"https:\/\/magiiik.netstory.com.pl\/?product=rise-by-sean-scott","title":{"rendered":"Rise by Sean Scott"},"content":{"rendered":"<p style=\"text-align: center;\"><em><span style=\"font-size: 12pt; font-family: arial, helvetica, sans-serif;\">&#8222;To jeden z moich ulubionych efekt\u00f3w magicznych!&#8221;<\/span><\/em><\/p>\n<p style=\"text-align: center;\"><span style=\"font-size: 12pt; font-family: arial, helvetica, sans-serif;\">&#8211; <strong>DYNAMO<\/strong><\/span><\/p>\n<p style=\"text-align: center;\"><span style=\"font-size: 12pt; font-family: arial, helvetica, sans-serif;\"><strong>Sean Scott<\/strong> w prezentowanym na ca\u0142ym \u015bwiecie show telewizyjnym <strong>&#8222;WIZARD WARS&#8221;<\/strong>, zaszokowa\u0142 wszystkich, jak podpisan\u0105 puszk\u0119 <strong>Red Bull<\/strong>&#8217;a zgniata stop\u0105 i przywraca do stanu pierwotnego. Otwiera puszk\u0119 i pije&#8230;<\/span><\/p>\n<p style=\"text-align: center;\"><span style=\"font-size: 12pt; font-family: arial, helvetica, sans-serif;\">Puszka mo\u017ce by\u0107 zgnieciona w p\u0142aski kr\u0105\u017cek aluminium, a nast\u0119pnie mo\u017cesz j\u0105 przywr\u00f3ci\u0107 do stanu poprzedniego, da\u0107 widzowi, aby otworzy\u0142 i si\u0119 napi\u0142.\u00a0<\/span><\/p>\n<p style=\"text-align: center;\"><span style=\"font-size: 12pt; font-family: arial, helvetica, sans-serif;\"><iframe loading=\"lazy\" src=\"\/\/www.youtube.com\/embed\/Yi2ys0Lc3RE\" width=\"425\" height=\"350\"><\/iframe><\/span><\/p>\n<p style=\"text-align: center;\"><span style=\"font-size: 12pt; font-family: arial, helvetica, sans-serif;\">Wiele lat rozwoju, in\u017cynierii i testowania r\u00f3\u017cnych rzeczy, da\u0142o <strong>Sean<\/strong>&#8217;owi wysoce praktyczny i osza\u0142amiaj\u0105cy efekt wizualny, kt\u00f3ry ju\u017c dzi\u015b mo\u017ce by\u0107 Tw\u00f3j!<\/span><\/p>\n<p style=\"text-align: center;\">\u00a0<\/p>\n<p style=\"text-align: left;\"><span style=\"font-size: 12pt; font-family: arial, helvetica, sans-serif;\">&#8211; specjalnie zaprojektowane i przetestowane urz\u0105dzenie;<\/span><\/p>\n<p style=\"text-align: left;\"><span style=\"font-size: 12pt; font-family: arial, helvetica, sans-serif;\">&#8211; &#8222;odnowiony&#8221; nap\u00f3j mo\u017ce by\u0107 od razu sprawdzony;<\/span><\/p>\n<p style=\"text-align: left;\"><span style=\"font-size: 12pt; font-family: arial, helvetica, sans-serif;\">&#8211; \u0142atwe do nauczenia i wykonania;<\/span><\/p>\n<p style=\"text-align: left;\"><span style=\"font-size: 12pt; font-family: arial, helvetica, sans-serif;\">&#8211; mo\u017cesz pokaza\u0107 podeszw\u0119 buta;<\/span><\/p>\n<p style=\"text-align: left;\"><span style=\"font-size: 12pt; font-family: arial, helvetica, sans-serif;\">&#8211; mo\u017cesz podpisa\u0107 puszk\u0119;<\/span><\/p>\n<p style=\"text-align: left;\"><span style=\"font-size: 12pt; font-family: arial, helvetica, sans-serif;\">&#8211; efekt trwa kilka sekund;<\/span><\/p>\n<p style=\"text-align: left;\"><span style=\"font-size: 12pt; font-family: arial, helvetica, sans-serif;\">&#8211; wymagany minimalny monta\u017c;<\/span><\/p>\n<p style=\"text-align: left;\"><span style=\"font-size: 12pt; font-family: arial, helvetica, sans-serif;\">&#8211; 90 minut filmu instrukta\u017cowego.<\/span><\/p>\n<p style=\"text-align: left;\">\u00a0<\/p>\n<p style=\"text-align: left;\"><strong><span style=\"font-size: 12pt; font-family: arial, helvetica, sans-serif;\">UWAGA!<\/span><\/strong><\/p>\n<p style=\"text-align: left;\"><strong><span style=\"font-size: 12pt; font-family: arial, helvetica, sans-serif;\">Produkt posiada certyfikat <a href=\"\/pl\/c\/BLACK-LABEL\/95\">BLACK LABEL<\/a>!<\/span><\/strong><\/p>\n<p style=\"text-align: left;\">\u00a0<\/p>\n<p style=\"text-align: left;\"><strong><span style=\"font-size: 12pt; font-family: arial, helvetica, sans-serif;\">Polecamy,<\/span><\/strong><\/p>\n<p style=\"text-align: left;\"><strong><span style=\"font-size: 12pt; font-family: arial, helvetica, sans-serif;\">magiiik.pl<\/span><\/strong><\/p>\n","protected":false},"excerpt":{"rendered":"<p><strong>Rise by Sean Scott\u00a0<\/strong><\/p>\n","protected":false},"featured_media":9476,"comment_status":"closed","ping_status":"open","template":"","meta":[],"product_brand":[],"product_cat":[57],"product_tag":[],"class_list":{"0":"post-9475","1":"product","2":"type-product","3":"status-publish","4":"has-post-thumbnail","6":"product_cat-ksiazki-dvd-download-black-label","8":"first","9":"instock","10":"purchasable","11":"product-type-simple"},"_links":{"self":[{"href":"https:\/\/magiiik.netstory.com.pl\/index.php?rest_route=\/wp\/v2\/product\/9475","targetHints":{"allow":["GET"]}}],"collection":[{"href":"https:\/\/magiiik.netstory.com.pl\/index.php?rest_route=\/wp\/v2\/product"}],"about":[{"href":"https:\/\/magiiik.netstory.com.pl\/index.php?rest_route=\/wp\/v2\/types\/product"}],"replies":[{"embeddable":true,"href":"https:\/\/magiiik.netstory.com.pl\/index.php?rest_route=%2Fwp%2Fv2%2Fcomments&post=9475"}],"wp:featuredmedia":[{"embeddable":true,"href":"https:\/\/magiiik.netstory.com.pl\/index.php?rest_route=\/wp\/v2\/media\/9476"}],"wp:attachment":[{"href":"https:\/\/magiiik.netstory.com.pl\/index.php?rest_route=%2Fwp%2Fv2%2Fmedia&parent=9475"}],"wp:term":[{"taxonomy":"product_brand","embeddable":true,"href":"https:\/\/magiiik.netstory.com.pl\/index.php?rest_route=%2Fwp%2Fv2%2Fproduct_brand&post=9475"},{"taxonomy":"product_cat","embeddable":true,"href":"https:\/\/magiiik.netstory.com.pl\/index.php?rest_route=%2Fwp%2Fv2%2Fproduct_cat&post=9475"},{"taxonomy":"product_tag","embeddable":true,"href":"https:\/\/magiiik.netstory.com.pl\/index.php?rest_route=%2Fwp%2Fv2%2Fproduct_tag&post=9475"}],"curies":[{"name":"wp","href":"https:\/\/api.w.org\/{rel}","templated":true}]}}