{"id":9445,"date":"2025-09-19T13:25:14","date_gmt":"2025-09-19T11:25:14","guid":{"rendered":"https:\/\/magiiik.netstory.com.pl\/produkt\/influx-dvd-i-gimmicks-by-tom-elderfield\/"},"modified":"2025-09-19T13:25:19","modified_gmt":"2025-09-19T11:25:19","slug":"influx-dvd-i-gimmicks-by-tom-elderfield","status":"publish","type":"product","link":"https:\/\/magiiik.netstory.com.pl\/?product=influx-dvd-i-gimmicks-by-tom-elderfield","title":{"rendered":"Influx (DVD i Gimmicks) by Tom Elderfield"},"content":{"rendered":"<p style=\"text-align: center;\"><span style=\"font-size: 12pt; font-family: arial, helvetica, sans-serif;\">Zdecydowana wi\u0119kszo\u015b\u0107 magik\u00f3w prezentuje sztuczki karciane, ale widzowie z czasem zaczynaj\u0105 oczekiwa\u0107 czego\u015b wi\u0119cej ni\u017c tylko talia kart!<\/span><\/p>\n<p style=\"text-align: center;\"><span style=\"font-size: 12pt; font-family: arial, helvetica, sans-serif;\">Je\u015bli chcesz zaskoczy\u0107 swoich widz\u00f3w, spr\u00f3buj z przedmiotem codziennego u\u017cytku takiego, jak gumy do \u017cucia! <strong>Tom Elderfield<\/strong> poka\u017ce Ci, jak mo\u017cna w\u0142\u0105czy\u0107 sztuczki ze zwyk\u0142\u0105 paczk\u0105 gum do \u017cucia do Twojego repertuaru ju\u017c dzi\u015b!<\/span><\/p>\n<p style=\"text-align: center;\"><span style=\"font-size: 12pt; font-family: arial, helvetica, sans-serif;\">Z tego DVD nauczysz si\u0119 robi\u0107 niezwyk\u0142e tricki z gumami i opakowaniami, kt\u00f3re b\u0119d\u0105 codziennie zadziwia\u0107 i inspirowa\u0107! Nauczy Ci\u0119, jak zmieni\u0107 smak arbuza na jagodowy, a ostatecznie na truskawkowy! Nauczy Ci\u0119, jak sprawi\u0107, aby guma przenikn\u0119\u0142a przez opakowanie, albo zwyczajnie sprawi\u0107, aby otw\u00f3r po wyj\u0119ciu gumy zosta\u0142 na nowo &#8222;zaplombowany&#8221;! Sztuczki s\u0105 bardzo wizualne i b\u0119dziesz chcia\u0142 je ogl\u0105da\u0107 jeszcze raz i jeszcze raz!<\/span><\/p>\n<p style=\"text-align: center;\"><span style=\"font-size: 12pt; font-family: arial, helvetica, sans-serif;\"><iframe loading=\"lazy\" src=\"\/\/www.youtube.com\/embed\/qqmWAJQMzvA\" width=\"425\" height=\"350\"><\/iframe><\/span><\/p>\n<p style=\"text-align: center;\"><span style=\"font-size: 12pt; font-family: arial, helvetica, sans-serif;\">W zestawie otrzymasz a\u017c <strong>9 wizualnych efekt\u00f3w<\/strong>. To b\u0119d\u0105 najs\u0142odsze tricki, jaki potrafisz do tej pory! \ud83d\ude42<\/span><\/p>\n<p style=\"text-align: center;\"><strong><span style=\"font-size: 12pt; font-family: arial, helvetica, sans-serif;\">Polecamy,<\/span><\/strong><\/p>\n<p style=\"text-align: center;\"><strong><span style=\"font-size: 12pt; font-family: arial, helvetica, sans-serif;\">magiiik.pl<\/span><\/strong><\/p>\n","protected":false},"excerpt":{"rendered":"<p><strong>Influx (DVD i Gimmicks) by Tom Elderfield<\/strong><\/p>\n","protected":false},"featured_media":9446,"comment_status":"closed","ping_status":"open","template":"","meta":[],"product_brand":[],"product_cat":[53],"product_tag":[],"class_list":{"0":"post-9445","1":"product","2":"type-product","3":"status-publish","4":"has-post-thumbnail","6":"product_cat-mikro-iluzja-close-up","8":"first","9":"instock","10":"purchasable","11":"product-type-simple"},"_links":{"self":[{"href":"https:\/\/magiiik.netstory.com.pl\/index.php?rest_route=\/wp\/v2\/product\/9445","targetHints":{"allow":["GET"]}}],"collection":[{"href":"https:\/\/magiiik.netstory.com.pl\/index.php?rest_route=\/wp\/v2\/product"}],"about":[{"href":"https:\/\/magiiik.netstory.com.pl\/index.php?rest_route=\/wp\/v2\/types\/product"}],"replies":[{"embeddable":true,"href":"https:\/\/magiiik.netstory.com.pl\/index.php?rest_route=%2Fwp%2Fv2%2Fcomments&post=9445"}],"wp:featuredmedia":[{"embeddable":true,"href":"https:\/\/magiiik.netstory.com.pl\/index.php?rest_route=\/wp\/v2\/media\/9446"}],"wp:attachment":[{"href":"https:\/\/magiiik.netstory.com.pl\/index.php?rest_route=%2Fwp%2Fv2%2Fmedia&parent=9445"}],"wp:term":[{"taxonomy":"product_brand","embeddable":true,"href":"https:\/\/magiiik.netstory.com.pl\/index.php?rest_route=%2Fwp%2Fv2%2Fproduct_brand&post=9445"},{"taxonomy":"product_cat","embeddable":true,"href":"https:\/\/magiiik.netstory.com.pl\/index.php?rest_route=%2Fwp%2Fv2%2Fproduct_cat&post=9445"},{"taxonomy":"product_tag","embeddable":true,"href":"https:\/\/magiiik.netstory.com.pl\/index.php?rest_route=%2Fwp%2Fv2%2Fproduct_tag&post=9445"}],"curies":[{"name":"wp","href":"https:\/\/api.w.org\/{rel}","templated":true}]}}