{"id":9441,"date":"2025-09-19T13:25:14","date_gmt":"2025-09-19T11:25:14","guid":{"rendered":"https:\/\/magiiik.netstory.com.pl\/produkt\/the-vault-dvd-i-gimmick-created-by-david-penn\/"},"modified":"2025-09-19T13:25:17","modified_gmt":"2025-09-19T11:25:17","slug":"the-vault-dvd-i-gimmick-created-by-david-penn","status":"publish","type":"product","link":"https:\/\/magiiik.netstory.com.pl\/?product=the-vault-dvd-i-gimmick-created-by-david-penn","title":{"rendered":"The Vault (DVD i Gimmick) created by David Penn"},"content":{"rendered":"<p style=\"text-align: center;\"><span style=\"font-size: 12pt; font-family: arial, helvetica, sans-serif;\"><strong>David Penn<\/strong> stworzy\u0142 now\u0105, rewolucyjn\u0105 metod\u0119 wykonania tego klasycznego tricku!<\/span><\/p>\n<p style=\"text-align: center;\"><span style=\"font-size: 12pt; font-family: arial, helvetica, sans-serif;\">W tej postaci ten efekt b\u0119dzie zupe\u0142nie niezrozumia\u0142y dla Twoich widz\u00f3w! Mo\u017cesz swobodnie po\u0142o\u017cy\u0107 klucze na stole, na widoku Twoich widz\u00f3w! Nic nie musisz ukrywa\u0107 i kombinowa\u0107!<\/span><\/p>\n<p style=\"text-align: center;\"><span style=\"font-size: 12pt; font-family: arial, helvetica, sans-serif;\">Po\u017cyczasz od widza drobny przedmiot, jak pier\u015bcionek, czy podpisan\u0105 monet\u0119, kt\u00f3ra znika bez \u015bladu&#8230;<\/span><\/p>\n<p style=\"text-align: center;\"><span style=\"font-size: 12pt; font-family: arial, helvetica, sans-serif;\">Bierzesz do r\u0119ki klucze, kt\u00f3re ca\u0142y czas le\u017ca\u0142y na widoku Twoich widz\u00f3w i pokazujesz, \u017ce do\u0142\u0105czony do nich jest ma\u0142y pojemniczek. Otwierasz, a w \u015brodku kolejny i kolejny&#8230; Otwierasz ostatni i ku zdziwieniu znajduje si\u0119 tam przedmiot widza!<\/span><\/p>\n<p style=\"text-align: center;\"><span style=\"font-size: 12pt; font-family: arial, helvetica, sans-serif;\">To precyzyjnie wykonany trick, kt\u00f3ry pozwala osi\u0105gn\u0105\u0107 ten niesamowity efekt, bez potrzeby skomplikowanych &#8222;sztuczek&#8221;.<\/span><\/p>\n<p style=\"text-align: center;\"><span style=\"font-size: 12pt; font-family: arial, helvetica, sans-serif;\">Jak poznasz<strong> THE VAULT<\/strong> b\u0119dziesz ju\u017c na zawsze chcia\u0142 mie\u0107 przy sobie ten magiczny brelok!<\/span><\/p>\n<p style=\"text-align: center;\"><span style=\"font-size: 12pt; font-family: arial, helvetica, sans-serif;\"><iframe loading=\"lazy\" src=\"\/\/www.youtube.com\/embed\/_PrNRqnFDns\" width=\"569\" height=\"468\"><\/iframe><\/span><\/p>\n<p style=\"text-align: center;\">\u00a0<\/p>\n<p style=\"text-align: center;\"><strong><span style=\"font-size: 12pt; font-family: arial, helvetica, sans-serif;\">PRODUKT POSIADA CERTYFIKAT &#8222;<a href=\"\/pl\/c\/BLACK-LABEL\/95\/1\">BLACK LABEL<\/a>&#8222;!<\/span><\/strong><\/p>\n<p style=\"text-align: center;\">\u00a0<\/p>\n<p style=\"text-align: center;\"><strong><span style=\"font-size: 12pt; font-family: arial, helvetica, sans-serif;\">Polecamy,<\/span><\/strong><\/p>\n<p style=\"text-align: center;\"><strong><span style=\"font-size: 12pt; font-family: arial, helvetica, sans-serif;\">magiiik.pl<\/span><\/strong><\/p>\n<p>\u00a0<\/p>\n","protected":false},"excerpt":{"rendered":"<p><strong>The Vault (DVD i Gimmick) created by David Penn<\/strong><\/p>\n","protected":false},"featured_media":9442,"comment_status":"closed","ping_status":"open","template":"","meta":[],"product_brand":[],"product_cat":[57],"product_tag":[],"class_list":{"0":"post-9441","1":"product","2":"type-product","3":"status-publish","4":"has-post-thumbnail","6":"product_cat-ksiazki-dvd-download-black-label","8":"first","9":"instock","10":"purchasable","11":"product-type-simple"},"_links":{"self":[{"href":"https:\/\/magiiik.netstory.com.pl\/index.php?rest_route=\/wp\/v2\/product\/9441","targetHints":{"allow":["GET"]}}],"collection":[{"href":"https:\/\/magiiik.netstory.com.pl\/index.php?rest_route=\/wp\/v2\/product"}],"about":[{"href":"https:\/\/magiiik.netstory.com.pl\/index.php?rest_route=\/wp\/v2\/types\/product"}],"replies":[{"embeddable":true,"href":"https:\/\/magiiik.netstory.com.pl\/index.php?rest_route=%2Fwp%2Fv2%2Fcomments&post=9441"}],"wp:featuredmedia":[{"embeddable":true,"href":"https:\/\/magiiik.netstory.com.pl\/index.php?rest_route=\/wp\/v2\/media\/9442"}],"wp:attachment":[{"href":"https:\/\/magiiik.netstory.com.pl\/index.php?rest_route=%2Fwp%2Fv2%2Fmedia&parent=9441"}],"wp:term":[{"taxonomy":"product_brand","embeddable":true,"href":"https:\/\/magiiik.netstory.com.pl\/index.php?rest_route=%2Fwp%2Fv2%2Fproduct_brand&post=9441"},{"taxonomy":"product_cat","embeddable":true,"href":"https:\/\/magiiik.netstory.com.pl\/index.php?rest_route=%2Fwp%2Fv2%2Fproduct_cat&post=9441"},{"taxonomy":"product_tag","embeddable":true,"href":"https:\/\/magiiik.netstory.com.pl\/index.php?rest_route=%2Fwp%2Fv2%2Fproduct_tag&post=9441"}],"curies":[{"name":"wp","href":"https:\/\/api.w.org\/{rel}","templated":true}]}}