{"id":9423,"date":"2025-09-19T13:24:55","date_gmt":"2025-09-19T11:24:55","guid":{"rendered":"https:\/\/magiiik.netstory.com.pl\/produkt\/52-shades-of-red-gimmick-version-2-by-shin-lim\/"},"modified":"2025-09-19T13:25:07","modified_gmt":"2025-09-19T11:25:07","slug":"52-shades-of-red-gimmick-version-2-by-shin-lim","status":"publish","type":"product","link":"https:\/\/magiiik.netstory.com.pl\/?product=52-shades-of-red-gimmick-version-2-by-shin-lim","title":{"rendered":"52 Shades of Red (Gimmick) Version 2 by Shin Lim"},"content":{"rendered":"<p style=\"text-align: center;\"><em><span style=\"font-size: 12pt; font-family: arial, helvetica, sans-serif;\">&#8222;Magia z kartami <strong>Shin Lim<\/strong>&#8217;a jest osza\u0142amiaj\u0105ca i wygl\u0105da, jak efekty specjalne CGI! Jego magia jest \u015bwie\u017ca i inspiruj\u0105ca. <strong>52 shades of red<\/strong> to najlepsza rutyna, jaka istnieje.&#8221;<\/span><\/em><\/p>\n<p style=\"text-align: center;\"><span style=\"font-size: 12pt; font-family: arial, helvetica, sans-serif;\"><strong>&#8211;<\/strong> <strong>DYMANO<\/strong> (DYNAMO obecnie otwiera swoje show sceniczne z rutyn\u0105 <strong>52 shades of red<\/strong>)<\/span><\/p>\n<p style=\"text-align: center;\"><em><span style=\"font-size: 12pt; font-family: arial, helvetica, sans-serif;\">&#8222;<strong>Shin<\/strong> jest prawdziwym mistrzem! On jest pe\u0142en poezji i elegancji w ka\u017cdym ruchu. Kocham Go!&#8221;<\/span><\/em><\/p>\n<p style=\"text-align: center;\"><strong><span style=\"font-size: 12pt; font-family: arial, helvetica, sans-serif;\">&#8211; Lennart Green<\/span><\/strong><\/p>\n<p style=\"text-align: center;\">\u00a0<iframe loading=\"lazy\" src=\"\/\/www.youtube.com\/embed\/9A9AT3GR6Xg\" width=\"425\" height=\"350\"><\/iframe><\/p>\n<p style=\"text-align: center;\"><span style=\"font-size: 12pt; font-family: arial, helvetica, sans-serif;\">Dwa lata temu <strong>Shin Lim<\/strong> wyda\u0142 &#8222;<strong>52 shades od red<\/strong>&#8222;. Iluzjoni\u015bci z ca\u0142ego \u015bwiata zostali oczarowani i zafascynowani t\u0105 rutyn\u0105!<\/span><\/p>\n<p style=\"text-align: center;\"><span style=\"font-size: 12pt; font-family: arial, helvetica, sans-serif;\">Teraz przyszed\u0142 czas na kontynuacj\u0119!<\/span><\/p>\n<p style=\"text-align: center;\"><span style=\"font-size: 12pt; font-family: arial, helvetica, sans-serif;\">Przygotuj si\u0119 na <strong>52V2<\/strong>!<\/span><\/p>\n<p>\u00a0<\/p>\n<p><strong><span style=\"font-size: 12pt; font-family: arial, helvetica, sans-serif;\">W zestawie otrzymasz:<\/span><\/strong><\/p>\n<p><span style=\"font-size: 12pt; font-family: arial, helvetica, sans-serif;\">&#8211; Tali\u0119 kart Gaff i gimmicki niezb\u0119dne do wykonania tego tricku.<\/span><\/p>\n<p><span style=\"font-size: 12pt; font-family: arial, helvetica, sans-serif;\">&#8211; Poradnik instrukta\u017cowy. Ponad 3 godziny intensywnej nauki! <strong>Shin<\/strong> dok\u0142adnie i szczeg\u00f3\u0142owo wyja\u015bni Ci ka\u017cdy ruch, spos\u00f3b, niuans. Informacje zawarte w tym pakiecie to do\u015bwiadczenie zdobyte przez setki wyst\u0119p\u00f3w na ca\u0142ym \u015bwiecie!<\/span><\/p>\n<p><span style=\"font-size: 12pt; font-family: arial, helvetica, sans-serif;\">&#8211; BONUS.<\/span><\/p>\n<p>\u00a0<\/p>\n<p><span style=\"font-size: 12pt; font-family: arial, helvetica, sans-serif;\">Przygotuj si\u0119 w niezwyk\u0142\u0105 podr\u00f3\u017c, kt\u00f3ra odmieni Twoj\u0105 technik\u0119, my\u015blenie i filozofi\u0119 magii z kartami!\u00a0<\/span><\/p>\n<p>\u00a0<\/p>\n<p><strong><span style=\"font-size: 12pt; font-family: arial, helvetica, sans-serif;\">Polecamy,<\/span><\/strong><\/p>\n<p><strong><span style=\"font-size: 12pt; font-family: arial, helvetica, sans-serif;\">magiiik.pl<\/span><\/strong><\/p>\n","protected":false},"excerpt":{"rendered":"<p><strong>52 Shades of Red (Gimmick) Version 2 by Shin Lim<\/strong><\/p>\n","protected":false},"featured_media":9424,"comment_status":"closed","ping_status":"open","template":"","meta":[],"product_brand":[],"product_cat":[41],"product_tag":[],"class_list":{"0":"post-9423","1":"product","2":"type-product","3":"status-publish","4":"has-post-thumbnail","6":"product_cat-mikro-iluzja-close-up-efekty-z-kartami","8":"first","9":"instock","10":"purchasable","11":"product-type-simple"},"_links":{"self":[{"href":"https:\/\/magiiik.netstory.com.pl\/index.php?rest_route=\/wp\/v2\/product\/9423","targetHints":{"allow":["GET"]}}],"collection":[{"href":"https:\/\/magiiik.netstory.com.pl\/index.php?rest_route=\/wp\/v2\/product"}],"about":[{"href":"https:\/\/magiiik.netstory.com.pl\/index.php?rest_route=\/wp\/v2\/types\/product"}],"replies":[{"embeddable":true,"href":"https:\/\/magiiik.netstory.com.pl\/index.php?rest_route=%2Fwp%2Fv2%2Fcomments&post=9423"}],"wp:featuredmedia":[{"embeddable":true,"href":"https:\/\/magiiik.netstory.com.pl\/index.php?rest_route=\/wp\/v2\/media\/9424"}],"wp:attachment":[{"href":"https:\/\/magiiik.netstory.com.pl\/index.php?rest_route=%2Fwp%2Fv2%2Fmedia&parent=9423"}],"wp:term":[{"taxonomy":"product_brand","embeddable":true,"href":"https:\/\/magiiik.netstory.com.pl\/index.php?rest_route=%2Fwp%2Fv2%2Fproduct_brand&post=9423"},{"taxonomy":"product_cat","embeddable":true,"href":"https:\/\/magiiik.netstory.com.pl\/index.php?rest_route=%2Fwp%2Fv2%2Fproduct_cat&post=9423"},{"taxonomy":"product_tag","embeddable":true,"href":"https:\/\/magiiik.netstory.com.pl\/index.php?rest_route=%2Fwp%2Fv2%2Fproduct_tag&post=9423"}],"curies":[{"name":"wp","href":"https:\/\/api.w.org\/{rel}","templated":true}]}}