{"id":9391,"date":"2025-09-19T13:24:55","date_gmt":"2025-09-19T11:24:55","guid":{"rendered":"https:\/\/magiiik.netstory.com.pl\/produkt\/disecto-arm-chopper-gilotyna\/"},"modified":"2025-09-19T13:24:58","modified_gmt":"2025-09-19T11:24:58","slug":"disecto-arm-chopper-gilotyna","status":"publish","type":"product","link":"https:\/\/magiiik.netstory.com.pl\/?product=disecto-arm-chopper-gilotyna","title":{"rendered":"Disecto Arm Chopper (gilotyna)"},"content":{"rendered":"<p style=\"text-align: center;\"><span style=\"color: #ff0000;\"><strong><span style=\"font-size: 12pt; font-family: arial, helvetica, sans-serif;\">UWAGA!<\/span><\/strong><\/span><\/p>\n<p style=\"text-align: center;\"><span style=\"color: #ff0000;\"><strong><span style=\"font-size: 12pt; font-family: arial, helvetica, sans-serif;\">Gilotyna jest w promocji od 28.03.2017 Produkt zosta\u0142 uszkodzony w transporcie (delikatne zarysowania i odpry\u015bni\u0119ta farba), jednak jest sprawny i dzia\u0142a prawid\u0142owo.\u00a0<\/span><\/strong><\/span><\/p>\n<p style=\"text-align: center;\">\u00a0<\/p>\n<p style=\"text-align: center;\"><span style=\"font-size: 12pt; font-family: arial, helvetica, sans-serif;\">Iluzjonista prezentuje gilotyn\u0119. W otworze umieszcza np. og\u00f3rka i opuszcza gilotyn\u0119. Og\u00f3rek zosta\u0142 przeci\u0119ty na dwie cz\u0119\u015bci. Prosi teraz widza, aby w\u0142o\u017cy\u0142 r\u0119k\u0119 w otw\u00f3r i delikatnie opuszcza ostrze, kt\u00f3re widz czuje na swojej d\u0142oni. Teraz puszcza szybko gilotyn\u0119, a widz wyci\u0105ga nienaruszon\u0105 r\u0119k\u0119! Wspania\u0142y efekt do iluzji komicznej i kontaktowej.<\/span><\/p>\n<p style=\"text-align: center;\"><strong><span style=\"font-size: 12pt; font-family: arial, helvetica, sans-serif;\">Polecamy,<\/span><\/strong><\/p>\n<p style=\"text-align: center;\"><strong><span style=\"font-size: 12pt; font-family: arial, helvetica, sans-serif;\">magiiik.pl<\/span><\/strong><\/p>\n","protected":false},"excerpt":{"rendered":"<p><strong>Disecto Arm Chopper<\/strong><\/p>\n","protected":false},"featured_media":9392,"comment_status":"closed","ping_status":"open","template":"","meta":[],"product_brand":[],"product_cat":[65],"product_tag":[],"class_list":{"0":"post-9391","1":"product","2":"type-product","3":"status-publish","4":"has-post-thumbnail","6":"product_cat-iluzja-sceniczna-iluzja-sceniczna","8":"first","9":"instock","10":"purchasable","11":"product-type-simple"},"_links":{"self":[{"href":"https:\/\/magiiik.netstory.com.pl\/index.php?rest_route=\/wp\/v2\/product\/9391","targetHints":{"allow":["GET"]}}],"collection":[{"href":"https:\/\/magiiik.netstory.com.pl\/index.php?rest_route=\/wp\/v2\/product"}],"about":[{"href":"https:\/\/magiiik.netstory.com.pl\/index.php?rest_route=\/wp\/v2\/types\/product"}],"replies":[{"embeddable":true,"href":"https:\/\/magiiik.netstory.com.pl\/index.php?rest_route=%2Fwp%2Fv2%2Fcomments&post=9391"}],"wp:featuredmedia":[{"embeddable":true,"href":"https:\/\/magiiik.netstory.com.pl\/index.php?rest_route=\/wp\/v2\/media\/9392"}],"wp:attachment":[{"href":"https:\/\/magiiik.netstory.com.pl\/index.php?rest_route=%2Fwp%2Fv2%2Fmedia&parent=9391"}],"wp:term":[{"taxonomy":"product_brand","embeddable":true,"href":"https:\/\/magiiik.netstory.com.pl\/index.php?rest_route=%2Fwp%2Fv2%2Fproduct_brand&post=9391"},{"taxonomy":"product_cat","embeddable":true,"href":"https:\/\/magiiik.netstory.com.pl\/index.php?rest_route=%2Fwp%2Fv2%2Fproduct_cat&post=9391"},{"taxonomy":"product_tag","embeddable":true,"href":"https:\/\/magiiik.netstory.com.pl\/index.php?rest_route=%2Fwp%2Fv2%2Fproduct_tag&post=9391"}],"curies":[{"name":"wp","href":"https:\/\/api.w.org\/{rel}","templated":true}]}}